{"id":7077,"date":"2019-06-03T16:08:30","date_gmt":"2019-06-03T15:08:30","guid":{"rendered":"https:\/\/mge-greenservice.com\/w\/tondeuses-a-batteries-professionnelles-mean-green"},"modified":"2020-07-03T09:52:40","modified_gmt":"2020-07-03T08:52:40","slug":"tondeuses-a-batteries-professionnelles-mean-green","status":"publish","type":"page","link":"https:\/\/mge-greenservice.com\/w\/de\/tondeuses-a-batteries-professionnelles-mean-green\/","title":{"rendered":"MEAN GREEN: Professionelle M\u00e4her 100% elektrisch, CO2-frei \u2013 Lithium-Ionen-Batterien"},"content":{"rendered":"<h4 style=\"text-align: center;\"><span style=\"font-size: 14pt;\"><strong>THE FUTURE IS GREEN<\/strong><\/span><\/h4>\n<h2 style=\"text-align: center;\">PROFESSIONELLE 100% ELEKTROM\u00c4HER<\/h2>\n<p style=\"text-align: justify;\">Als Ergebnis einer im Jahr 2015 begonnen Zusammenarbeit zwischen MGE (Frankreich, Europa) und MEAN GREEN MOWERS (Vereinigte Staaten) ist nun die erste Reihe von professionellen 100% Elektrom\u00e4hern auf dem europ\u00e4ischen Kontinent erh\u00e4ltlich. Die Konstrukteure der MEAN GREEN M\u00e4her, die aus der Luftfahrt kommen, entwickeln seit 2008 eine vollst\u00e4ndige Palette von Elektrom\u00e4hern mit Lithium-Ionen-Batterien unter Verwendung von Technologien aus der Automobilindustrie.<\/p>\n<p style=\"text-align: justify;\">Heute vervollst\u00e4ndigt die Palette von MEAN GREEN M\u00e4hern den Bereich \u201cM\u00e4her\u201d von MGE GREEN SERVICE (mit TRIMAX, SPIDER, GKB und TRILO) und bietet eine \u201cechte gr\u00fcne und nachhaltige L\u00f6sung\u201d sowie einzigartige Argumente f\u00fcr Fachleute: keine Emission von Luftschadstoffen (kein CO2, kein NOX, kein \u201cSmog\u201c), kein Verbrauch fossiler Energie (Treibstoff), keine Verwendung von Kohlenwasserstofffl\u00fcssigkeiten (\u00d6le, Fette, Hydraulik\u00f6le), niedriger L\u00e4rmpegel, geringe Vibrationen, minimale Wartung, verl\u00e4ngerte Lebensdauer der Ger\u00e4te und schnelle Amortisierung. Bei MEAN GREEN geht die Erhaltung der Umwelt (Verschmutzung, L\u00e4rmbel\u00e4stigung) nur mit dem Schutz der \u00d6ffentlichkeit und der Erhaltung der Gesundheit des Bedieners einher.<\/p>\n<p style=\"text-align: justify;\"><strong>Was tun Sie f\u00fcr Ihren Planeten? \u2026 F\u00fcr Ihre Bediener? \u2026 F\u00fcr die Umwelt Ihrer Kunden und der Einwohner Ihrer Stadt?<\/strong><\/p>\n<p style=\"text-align: justify;\">MEAN GREEN: gr\u00fcne Technologie im Einsatz des M\u00e4hers mit Null-Wendekreis (Zero Turn Radius)<\/p>\n<ul style=\"text-align: justify;\">\n<li><strong>Betrieb des MEAN GREEN M\u00e4hers mit Null-Wendekreis: <\/strong>Elektrom\u00e4her mit elektrisch angetriebenen Getriebemotoren, die sich in beiden Hinterr\u00e4dern befinden und mit den Steuerhebeln einzeln gesteuert werden k\u00f6nnen. Alle Bedienelemente sind elektrisch f\u00fcr optimalen Benutzerkomfort: Verstellung der Schnitth\u00f6he, M\u00e4hgeschwindigkeit, Start der Messermotoren, Messerdrehzahlen (RPM), LED-Licht oder ausrichtbares Frontgebl\u00e4se.<\/li>\n<li><strong>Die Vorteile: <\/strong>MEAN GREEN M\u00e4her mit Null-Wendekreis werden mit gro\u00dfer Pr\u00e4zision gesteuert und bieten eine au\u00dfergew\u00f6hnliche Man\u00f6vrierf\u00e4higkeit und erreichen damit die gew\u00fcnschte Performance. Die Kompaktheit und das reduzierte Gewicht der MEAN GREEN Aufsitzm\u00e4her (Aluminiumgeh\u00e4use und -Plattform) reduzieren den Verbrauch an Strom und erm\u00f6glichen einen einfachen Transport. Der <strong>sehr niedrige L\u00e4rmpegel<\/strong> (2- bis 4-mal geringer im Vergleich zu den auf dem Markt erh\u00e4ltlichen M\u00e4hern mit Verbrennungsmotor), die <strong>geringen Vibrationen<\/strong> und nat\u00fcrlich die <strong>v\u00f6llige Vermeidung von Luftschadstoffen <\/strong>(kein CO2, kein NOX, kein \u201cSmog\u201c) stellen enorme Vorteile dar. Dar\u00fcber hinaus sind sie kosteng\u00fcnstiger als M\u00e4her mit Verbrennungsmotor (einschlie\u00dflich Anschaffungs- und Betriebskosten).<\/li>\n<\/ul>\n<p style=\"text-align: justify;\"><strong>Nutzungskontext: <\/strong>M\u00e4hen und Pflege von Parks, Spielpl\u00e4tzen, Sportpl\u00e4tzen, Rasenfl\u00e4chen mit zu ber\u00fccksichtigenden B\u00e4umen oder Blumenbeeten, Schaug\u00e4rten (privat).<\/p>\n","protected":false},"excerpt":{"rendered":"<p>THE FUTURE IS GREEN PROFESSIONELLE 100% ELEKTROM\u00c4HER Als Ergebnis einer im Jahr 2015 begonnen Zusammenarbeit zwischen MGE (Frankreich, Europa) und MEAN GREEN MOWERS (Vereinigte Staaten) ist nun die erste Reihe von professionellen 100% Elektrom\u00e4hern auf dem europ\u00e4ischen Kontinent erh\u00e4ltlich. Die Konstrukteure der MEAN GREEN M\u00e4her, die aus der Luftfahrt kommen, entwickeln seit 2008 eine vollst\u00e4ndige<\/p>\n","protected":false},"author":2,"featured_media":0,"parent":0,"menu_order":0,"comment_status":"closed","ping_status":"closed","template":"produits.php","meta":{"_acf_changed":false,"footnotes":""},"class_list":["post-7077","page","type-page","status-publish","hentry"],"acf":[],"yoast_head":"<!-- This site is optimized with the Yoast SEO plugin v27.2 - https:\/\/yoast.com\/product\/yoast-seo-wordpress\/ -->\n<title>Tondeuses gazon \u00e0 batteries professionnelles \u00e9lectriques - MEAN GREEN<\/title>\n<meta name=\"description\" content=\"La 1\u00e8re gamme de tondeuses \u00e0 gazon professionnelles avec batteries 100% \u00e9lectrique disponible en Europe ! Angle de braquage z\u00e9ro (STR).\" \/>\n<meta name=\"robots\" content=\"index, follow, max-snippet:-1, max-image-preview:large, max-video-preview:-1\" \/>\n<link rel=\"canonical\" href=\"https:\/\/mge-greenservice.com\/w\/de\/tondeuses-a-batteries-professionnelles-mean-green\/\" \/>\n<meta property=\"og:locale\" content=\"de_DE\" \/>\n<meta property=\"og:type\" content=\"article\" \/>\n<meta property=\"og:title\" content=\"Tondeuses gazon \u00e0 batteries professionnelles \u00e9lectriques - MEAN GREEN\" \/>\n<meta property=\"og:description\" content=\"La 1\u00e8re gamme de tondeuses \u00e0 gazon professionnelles avec batteries 100% \u00e9lectrique disponible en Europe ! Angle de braquage z\u00e9ro (STR).\" \/>\n<meta property=\"og:url\" content=\"https:\/\/mge-greenservice.com\/w\/de\/tondeuses-a-batteries-professionnelles-mean-green\/\" \/>\n<meta property=\"og:site_name\" content=\"MGE Green Service\" \/>\n<meta property=\"article:modified_time\" content=\"2020-07-03T08:52:40+00:00\" \/>\n<meta name=\"twitter:label1\" content=\"Gesch\u00e4tzte Lesezeit\" \/>\n\t<meta name=\"twitter:data1\" content=\"2\u00a0Minuten\" \/>\n<!-- \/ Yoast SEO plugin. -->","yoast_head_json":{"title":"Tondeuses gazon \u00e0 batteries professionnelles \u00e9lectriques - MEAN GREEN","description":"La 1\u00e8re gamme de tondeuses \u00e0 gazon professionnelles avec batteries 100% \u00e9lectrique disponible en Europe ! Angle de braquage z\u00e9ro (STR).","robots":{"index":"index","follow":"follow","max-snippet":"max-snippet:-1","max-image-preview":"max-image-preview:large","max-video-preview":"max-video-preview:-1"},"canonical":"https:\/\/mge-greenservice.com\/w\/de\/tondeuses-a-batteries-professionnelles-mean-green\/","og_locale":"de_DE","og_type":"article","og_title":"Tondeuses gazon \u00e0 batteries professionnelles \u00e9lectriques - MEAN GREEN","og_description":"La 1\u00e8re gamme de tondeuses \u00e0 gazon professionnelles avec batteries 100% \u00e9lectrique disponible en Europe ! Angle de braquage z\u00e9ro (STR).","og_url":"https:\/\/mge-greenservice.com\/w\/de\/tondeuses-a-batteries-professionnelles-mean-green\/","og_site_name":"MGE Green Service","article_modified_time":"2020-07-03T08:52:40+00:00","twitter_misc":{"Gesch\u00e4tzte Lesezeit":"2\u00a0Minuten"},"schema":{"@context":"https:\/\/schema.org","@graph":[{"@type":"WebPage","@id":"https:\/\/mge-greenservice.com\/w\/de\/tondeuses-a-batteries-professionnelles-mean-green\/","url":"https:\/\/mge-greenservice.com\/w\/de\/tondeuses-a-batteries-professionnelles-mean-green\/","name":"Tondeuses gazon \u00e0 batteries professionnelles \u00e9lectriques - MEAN GREEN","isPartOf":{"@id":"https:\/\/mge-greenservice.com\/w\/de\/#website"},"datePublished":"2019-06-03T15:08:30+00:00","dateModified":"2020-07-03T08:52:40+00:00","description":"La 1\u00e8re gamme de tondeuses \u00e0 gazon professionnelles avec batteries 100% \u00e9lectrique disponible en Europe ! Angle de braquage z\u00e9ro (STR).","breadcrumb":{"@id":"https:\/\/mge-greenservice.com\/w\/de\/tondeuses-a-batteries-professionnelles-mean-green\/#breadcrumb"},"inLanguage":"de","potentialAction":[{"@type":"ReadAction","target":["https:\/\/mge-greenservice.com\/w\/de\/tondeuses-a-batteries-professionnelles-mean-green\/"]}]},{"@type":"BreadcrumbList","@id":"https:\/\/mge-greenservice.com\/w\/de\/tondeuses-a-batteries-professionnelles-mean-green\/#breadcrumb","itemListElement":[{"@type":"ListItem","position":1,"name":"Accueil","item":"https:\/\/mge-greenservice.com\/w\/de\/broyeur\/"},{"@type":"ListItem","position":2,"name":"MEAN GREEN: Professionelle M\u00e4her 100% elektrisch, CO2-frei \u2013 Lithium-Ionen-Batterien"}]},{"@type":"WebSite","@id":"https:\/\/mge-greenservice.com\/w\/de\/#website","url":"https:\/\/mge-greenservice.com\/w\/de\/","name":"MGE Green Service","description":"","publisher":{"@id":"https:\/\/mge-greenservice.com\/w\/de\/#organization"},"potentialAction":[{"@type":"SearchAction","target":{"@type":"EntryPoint","urlTemplate":"https:\/\/mge-greenservice.com\/w\/de\/?s={search_term_string}"},"query-input":{"@type":"PropertyValueSpecification","valueRequired":true,"valueName":"search_term_string"}}],"inLanguage":"de"},{"@type":"Organization","@id":"https:\/\/mge-greenservice.com\/w\/de\/#organization","name":"MGE Green Service","url":"https:\/\/mge-greenservice.com\/w\/de\/","logo":{"@type":"ImageObject","inLanguage":"de","@id":"https:\/\/mge-greenservice.com\/w\/de\/#\/schema\/logo\/image\/","url":"https:\/\/mge-greenservice.com\/w\/wp-content\/uploads\/2014\/06\/MGE-Green-service-logo-header.png","contentUrl":"https:\/\/mge-greenservice.com\/w\/wp-content\/uploads\/2014\/06\/MGE-Green-service-logo-header.png","width":295,"height":75,"caption":"MGE Green Service"},"image":{"@id":"https:\/\/mge-greenservice.com\/w\/de\/#\/schema\/logo\/image\/"}}]}},"amp_enabled":false,"_links":{"self":[{"href":"https:\/\/mge-greenservice.com\/w\/de\/wp-json\/wp\/v2\/pages\/7077","targetHints":{"allow":["GET"]}}],"collection":[{"href":"https:\/\/mge-greenservice.com\/w\/de\/wp-json\/wp\/v2\/pages"}],"about":[{"href":"https:\/\/mge-greenservice.com\/w\/de\/wp-json\/wp\/v2\/types\/page"}],"author":[{"embeddable":true,"href":"https:\/\/mge-greenservice.com\/w\/de\/wp-json\/wp\/v2\/users\/2"}],"replies":[{"embeddable":true,"href":"https:\/\/mge-greenservice.com\/w\/de\/wp-json\/wp\/v2\/comments?post=7077"}],"version-history":[{"count":3,"href":"https:\/\/mge-greenservice.com\/w\/de\/wp-json\/wp\/v2\/pages\/7077\/revisions"}],"predecessor-version":[{"id":7137,"href":"https:\/\/mge-greenservice.com\/w\/de\/wp-json\/wp\/v2\/pages\/7077\/revisions\/7137"}],"wp:attachment":[{"href":"https:\/\/mge-greenservice.com\/w\/de\/wp-json\/wp\/v2\/media?parent=7077"}],"curies":[{"name":"wp","href":"https:\/\/api.w.org\/{rel}","templated":true}]}}