{"id":132,"date":"2014-07-04T15:22:22","date_gmt":"2014-07-04T14:22:22","guid":{"rendered":"http:\/\/mge-greenservice.com\/w\/?page_id=132"},"modified":"2019-04-01T11:59:46","modified_gmt":"2019-04-01T10:59:46","slug":"consulting-services","status":"publish","type":"page","link":"https:\/\/mge-greenservice.com\/w\/en\/consulting-services\/","title":{"rendered":"Consulting services"},"content":{"rendered":"<h2>Market researchs<\/h2>\n<p><img decoding=\"async\" class=\"lazyload size-full wp-image-66 aligncenter\" src=\"http:\/\/mge-greenservice.com\/w\/wp-content\/uploads\/2014\/06\/Historique-image-1.jpg\" data-orig-src=\"http:\/\/mge-greenservice.com\/w\/wp-content\/uploads\/2014\/06\/Historique-image-1.jpg\" alt=\"Historique image 1\" width=\"450\" height=\"338\" srcset=\"data:image\/svg+xml,%3Csvg%20xmlns%3D%27http%3A%2F%2Fwww.w3.org%2F2000%2Fsvg%27%20width%3D%27450%27%20height%3D%27338%27%20viewBox%3D%270%200%20450%20338%27%3E%3Crect%20width%3D%27450%27%20height%3D%27338%27%20fill-opacity%3D%220%22%2F%3E%3C%2Fsvg%3E\" data-srcset=\"https:\/\/mge-greenservice.com\/w\/wp-content\/uploads\/2014\/06\/Historique-image-1-300x225.jpg 300w, https:\/\/mge-greenservice.com\/w\/wp-content\/uploads\/2014\/06\/Historique-image-1.jpg 450w\" data-sizes=\"auto\" data-orig-sizes=\"(max-width: 450px) 100vw, 450px\" \/><\/p>\n<ul>\n<li>\n<p align=\"JUSTIFY\"><span lang=\"en-GB\">Market researchs for other companies\u00a0<\/span><span lang=\"en-GB\">to help them to launch new products or enter into new markets<\/span><\/p>\n<\/li>\n<li>\n<p align=\"JUSTIFY\"><span lang=\"en-GB\">Studies about industrial and technical\u00a0<\/span><span lang=\"en-GB\">products<\/span><\/p>\n<\/li>\n<li><span lang=\"en-GB\">R<\/span><span lang=\"en-GB\">esearch missions done\u00a0<\/span><span lang=\"en-GB\"><span lang=\"en-GB\">in the whole world and with privacy with a 25-year-old + competence<\/span><\/span><\/li>\n<\/ul>\n<p><span lang=\"en-GB\"><span lang=\"en-GB\">\u00a0<\/span><\/span><\/p>\n<h2><span lang=\"en-GB\">Industrial international marketing consulting<\/span><\/h2>\n<ul>\n<li><span lang=\"en-GB\">Comprehensive analysis of the project of the client firm (means, objectives, standards and commercial conditions, chance\u00a0<\/span><span lang=\"en-GB\">of success\u2026)<\/span><\/li>\n<li>Study of the existing competition and market position of the products or services, field testing of a particular market for a particular product<\/li>\n<li>Potential industrial and economic impacts, potential marketing plan<\/li>\n<\/ul>\n<p><span lang=\"en-GB\">Guest instructors in<\/span><span lang=\"en-GB\">\u00a0engineering schools<\/span><\/p>\n<p>\u00a0<br \/> <span lang=\"en-GB\">The business engineers of MGE\u00a0<\/span><span lang=\"en-GB\">act as guest instructors in engineering schools<\/span><span lang=\"en-GB\">.<\/span><\/p>\n<p>&nbsp;<\/p>\n<h2 style=\"color: #000000;\"><img decoding=\"async\" class=\"lazyload size-full wp-image-94 aligncenter\" src=\"http:\/\/mge-greenservice.com\/w\/wp-content\/uploads\/2014\/06\/Conseil-image-2.jpg\" data-orig-src=\"http:\/\/mge-greenservice.com\/w\/wp-content\/uploads\/2014\/06\/Conseil-image-2.jpg\" alt=\"Conseil image 2\" width=\"450\" height=\"338\" srcset=\"data:image\/svg+xml,%3Csvg%20xmlns%3D%27http%3A%2F%2Fwww.w3.org%2F2000%2Fsvg%27%20width%3D%27450%27%20height%3D%27338%27%20viewBox%3D%270%200%20450%20338%27%3E%3Crect%20width%3D%27450%27%20height%3D%27338%27%20fill-opacity%3D%220%22%2F%3E%3C%2Fsvg%3E\" data-srcset=\"https:\/\/mge-greenservice.com\/w\/wp-content\/uploads\/2014\/06\/Conseil-image-2-300x225.jpg 300w, https:\/\/mge-greenservice.com\/w\/wp-content\/uploads\/2014\/06\/Conseil-image-2.jpg 450w\" data-sizes=\"auto\" data-orig-sizes=\"(max-width: 450px) 100vw, 450px\" \/><\/h2>\n","protected":false},"excerpt":{"rendered":"<p>Market researchs Market researchs for other companies\u00a0to help them to launch new products or enter into new markets Studies about industrial and technical\u00a0products Research missions done\u00a0in the whole world and with privacy with a 25-year-old + competence \u00a0 Industrial international marketing consulting Comprehensive analysis of the project of the client firm (means, objectives, standards and  [&#8230;]<\/p>\n","protected":false},"author":2,"featured_media":0,"parent":0,"menu_order":0,"comment_status":"closed","ping_status":"closed","template":"","meta":{"_acf_changed":false,"footnotes":""},"class_list":["post-132","page","type-page","status-publish","hentry"],"acf":[],"yoast_head":"<!-- This site is optimized with the Yoast SEO plugin v27.2 - https:\/\/yoast.com\/product\/yoast-seo-wordpress\/ -->\n<title>Conseils \/ \u00e9tudes de march\u00e9 \/ Marketing industriel international \/ Formation<\/title>\n<meta name=\"description\" content=\"Interventions par les ing\u00e9nieurs d&#039;affaires de MGE au sein de PME, PMI, d&#039;entreprises internationales, d&#039;institutions de formation ou \u00e9coles d&#039;ing\u00e9nieurs.\" \/>\n<meta name=\"robots\" content=\"index, follow, max-snippet:-1, max-image-preview:large, max-video-preview:-1\" \/>\n<link rel=\"canonical\" href=\"https:\/\/mge-greenservice.com\/w\/en\/consulting-services\/\" \/>\n<meta property=\"og:locale\" content=\"en_US\" \/>\n<meta property=\"og:type\" content=\"article\" \/>\n<meta property=\"og:title\" content=\"Conseils \/ \u00e9tudes de march\u00e9 \/ Marketing industriel international \/ Formation\" \/>\n<meta property=\"og:description\" content=\"Interventions par les ing\u00e9nieurs d&#039;affaires de MGE au sein de PME, PMI, d&#039;entreprises internationales, d&#039;institutions de formation ou \u00e9coles d&#039;ing\u00e9nieurs.\" \/>\n<meta property=\"og:url\" content=\"https:\/\/mge-greenservice.com\/w\/en\/consulting-services\/\" \/>\n<meta property=\"og:site_name\" content=\"MGE Green Service\" \/>\n<meta property=\"article:modified_time\" content=\"2019-04-01T10:59:46+00:00\" \/>\n<meta property=\"og:image\" content=\"http:\/\/mge-greenservice.com\/w\/wp-content\/uploads\/2014\/06\/Historique-image-1.jpg\" \/>\n<meta name=\"twitter:label1\" content=\"Est. reading time\" \/>\n\t<meta name=\"twitter:data1\" content=\"1 minute\" \/>\n<!-- \/ Yoast SEO plugin. -->","yoast_head_json":{"title":"Conseils \/ \u00e9tudes de march\u00e9 \/ Marketing industriel international \/ Formation","description":"Interventions par les ing\u00e9nieurs d'affaires de MGE au sein de PME, PMI, d'entreprises internationales, d'institutions de formation ou \u00e9coles d'ing\u00e9nieurs.","robots":{"index":"index","follow":"follow","max-snippet":"max-snippet:-1","max-image-preview":"max-image-preview:large","max-video-preview":"max-video-preview:-1"},"canonical":"https:\/\/mge-greenservice.com\/w\/en\/consulting-services\/","og_locale":"en_US","og_type":"article","og_title":"Conseils \/ \u00e9tudes de march\u00e9 \/ Marketing industriel international \/ Formation","og_description":"Interventions par les ing\u00e9nieurs d'affaires de MGE au sein de PME, PMI, d'entreprises internationales, d'institutions de formation ou \u00e9coles d'ing\u00e9nieurs.","og_url":"https:\/\/mge-greenservice.com\/w\/en\/consulting-services\/","og_site_name":"MGE Green Service","article_modified_time":"2019-04-01T10:59:46+00:00","og_image":[{"url":"http:\/\/mge-greenservice.com\/w\/wp-content\/uploads\/2014\/06\/Historique-image-1.jpg","type":"","width":"","height":""}],"twitter_misc":{"Est. reading time":"1 minute"},"schema":{"@context":"https:\/\/schema.org","@graph":[{"@type":"WebPage","@id":"https:\/\/mge-greenservice.com\/w\/en\/consulting-services\/","url":"https:\/\/mge-greenservice.com\/w\/en\/consulting-services\/","name":"Conseils \/ \u00e9tudes de march\u00e9 \/ Marketing industriel international \/ Formation","isPartOf":{"@id":"https:\/\/mge-greenservice.com\/w\/en\/#website"},"primaryImageOfPage":{"@id":"https:\/\/mge-greenservice.com\/w\/en\/consulting-services\/#primaryimage"},"image":{"@id":"https:\/\/mge-greenservice.com\/w\/en\/consulting-services\/#primaryimage"},"thumbnailUrl":"http:\/\/mge-greenservice.com\/w\/wp-content\/uploads\/2014\/06\/Historique-image-1.jpg","datePublished":"2014-07-04T14:22:22+00:00","dateModified":"2019-04-01T10:59:46+00:00","description":"Interventions par les ing\u00e9nieurs d'affaires de MGE au sein de PME, PMI, d'entreprises internationales, d'institutions de formation ou \u00e9coles d'ing\u00e9nieurs.","breadcrumb":{"@id":"https:\/\/mge-greenservice.com\/w\/en\/consulting-services\/#breadcrumb"},"inLanguage":"en-US","potentialAction":[{"@type":"ReadAction","target":["https:\/\/mge-greenservice.com\/w\/en\/consulting-services\/"]}]},{"@type":"ImageObject","inLanguage":"en-US","@id":"https:\/\/mge-greenservice.com\/w\/en\/consulting-services\/#primaryimage","url":"http:\/\/mge-greenservice.com\/w\/wp-content\/uploads\/2014\/06\/Historique-image-1.jpg","contentUrl":"http:\/\/mge-greenservice.com\/w\/wp-content\/uploads\/2014\/06\/Historique-image-1.jpg"},{"@type":"BreadcrumbList","@id":"https:\/\/mge-greenservice.com\/w\/en\/consulting-services\/#breadcrumb","itemListElement":[{"@type":"ListItem","position":1,"name":"Accueil","item":"https:\/\/mge-greenservice.com\/w\/en\/home\/"},{"@type":"ListItem","position":2,"name":"Consulting services"}]},{"@type":"WebSite","@id":"https:\/\/mge-greenservice.com\/w\/en\/#website","url":"https:\/\/mge-greenservice.com\/w\/en\/","name":"MGE Green Service","description":"","publisher":{"@id":"https:\/\/mge-greenservice.com\/w\/en\/#organization"},"potentialAction":[{"@type":"SearchAction","target":{"@type":"EntryPoint","urlTemplate":"https:\/\/mge-greenservice.com\/w\/en\/?s={search_term_string}"},"query-input":{"@type":"PropertyValueSpecification","valueRequired":true,"valueName":"search_term_string"}}],"inLanguage":"en-US"},{"@type":"Organization","@id":"https:\/\/mge-greenservice.com\/w\/en\/#organization","name":"MGE Green Service","url":"https:\/\/mge-greenservice.com\/w\/en\/","logo":{"@type":"ImageObject","inLanguage":"en-US","@id":"https:\/\/mge-greenservice.com\/w\/en\/#\/schema\/logo\/image\/","url":"https:\/\/mge-greenservice.com\/w\/wp-content\/uploads\/2014\/06\/MGE-Green-service-logo-header.png","contentUrl":"https:\/\/mge-greenservice.com\/w\/wp-content\/uploads\/2014\/06\/MGE-Green-service-logo-header.png","width":295,"height":75,"caption":"MGE Green Service"},"image":{"@id":"https:\/\/mge-greenservice.com\/w\/en\/#\/schema\/logo\/image\/"}}]}},"amp_enabled":true,"_links":{"self":[{"href":"https:\/\/mge-greenservice.com\/w\/en\/wp-json\/wp\/v2\/pages\/132","targetHints":{"allow":["GET"]}}],"collection":[{"href":"https:\/\/mge-greenservice.com\/w\/en\/wp-json\/wp\/v2\/pages"}],"about":[{"href":"https:\/\/mge-greenservice.com\/w\/en\/wp-json\/wp\/v2\/types\/page"}],"author":[{"embeddable":true,"href":"https:\/\/mge-greenservice.com\/w\/en\/wp-json\/wp\/v2\/users\/2"}],"replies":[{"embeddable":true,"href":"https:\/\/mge-greenservice.com\/w\/en\/wp-json\/wp\/v2\/comments?post=132"}],"version-history":[{"count":2,"href":"https:\/\/mge-greenservice.com\/w\/en\/wp-json\/wp\/v2\/pages\/132\/revisions"}],"predecessor-version":[{"id":1301,"href":"https:\/\/mge-greenservice.com\/w\/en\/wp-json\/wp\/v2\/pages\/132\/revisions\/1301"}],"wp:attachment":[{"href":"https:\/\/mge-greenservice.com\/w\/en\/wp-json\/wp\/v2\/media?parent=132"}],"curies":[{"name":"wp","href":"https:\/\/api.w.org\/{rel}","templated":true}]}}