{"id":2184,"date":"2019-07-23T08:39:38","date_gmt":"2019-07-23T07:39:38","guid":{"rendered":"http:\/\/mge-greenservice.com\/w\/?page_id=2184"},"modified":"2019-08-26T10:06:13","modified_gmt":"2019-08-26T09:06:13","slug":"__trashed","status":"publish","type":"page","link":"https:\/\/mge-greenservice.com\/w\/en\/__trashed\/","title":{"rendered":"Timberwolf &#8211; chipper &#038; shredders"},"content":{"rendered":"<p>Welcome to Timberwolf chip &amp; shred experts<\/p>\n<h2>La gamme de broyeurs de branches* et de d\u00e9chiqueteurs de\u00a0 v\u00e9g\u00e9taux la plus compl\u00e8te en Europe<\/h2>\n<p>La gamme de<a href=\"https:\/\/fr.wikipedia.org\/wiki\/Broyeur_de_v%C3%A9g%C3%A9taux\" target=\"_blank\" rel=\"noopener noreferrer\"> broyeurs de branches et de v\u00e9g\u00e9taux<\/a> et de d\u00e9chiqueteurs TIMBERWOLF est construite par l&#8217;un des leaders europ\u00e9ens du secteur, leader sur son march\u00e9 domestique (Royaume-Uni), avec 60% de parts de march\u00e9 et 80% du march\u00e9 de la location. Construits dans une usine int\u00e9gr\u00e9e de type ISO 9000 et s&#8217;appuyant sur une qualit\u00e9 de fabrication et un syst\u00e8me de contr\u00f4le qualit\u00e9 sans faille, les produits TIMBERWOLF font appel aux meilleurs composants du march\u00e9 : moteurs KUBOTA (diesel) ou HONDA (essence), composants AL-KO (essieux, syst\u00e8mes de freinage,&#8230;).<\/p>\n<h3>VOUS SOUHAITEZ DEVENIR CONCESSIONNAIRE TIMBERWOLF ? CONTACTEZ MGE AU TEL. 02 43 23 50 05.<\/h3>\n<p>La gamme TIMBERWOLF est import\u00e9e en France et dans quelques autres pays europ\u00e9ens par MGE GREEN SERVICE. La distribution s&#8217;op\u00e8re uniquement via des revendeurs TIMBERWOLF concessionnaires agr\u00e9\u00e9s et form\u00e9s, capables du meilleur service depuis la mise en route (y compris la formation) jusqu&#8217;au service apr\u00e8s-vente (pi\u00e8ces d\u00e9tach\u00e9es, entretien courant des mat\u00e9riels).<\/p>\n<p><img decoding=\"async\" class=\"lazyload aligncenter wp-image-3281 size-full\" src=\"data:image\/svg+xml,%3Csvg%20xmlns%3D%27http%3A%2F%2Fwww.w3.org%2F2000%2Fsvg%27%20width%3D%27200%27%20height%3D%27171%27%20viewBox%3D%270%200%20200%20171%27%3E%3Crect%20width%3D%27200%27%20height%3D%27171%27%20fill-opacity%3D%220%22%2F%3E%3C%2Fsvg%3E\" data-orig-src=\"https:\/\/mge-greenservice.com\/w\/wp-content\/uploads\/2014\/06\/Timberwolf-image-5.jpg\" alt=\"Broyeurs de branches Timberwolf\" width=\"200\" height=\"171\" \/><\/p>\n<blockquote>\n<p>Pour professionnel et particulier, <em>&#8220;un broyeur de branches ou d\u00e9chiqueteuse de v\u00e9g\u00e9taux est un outil d&#8217;agronomie et de sylviculture, motoris\u00e9, servant \u00e0 r\u00e9duire en copeaux les d\u00e9chets de jardins, parcs publics, bordures &#8230; essentiellement issus des plantes ligneuses, en vue de leur \u00e9vacuation ou la pr\u00e9paration de compost.&#8221;<\/em> (Source Wikipedia)<em><br \/>\n<\/em><\/p>\n<\/blockquote>\n<p>MGE Greenservice, <strong>expert en broyeur de branches,<\/strong> est \u00e0 votre \u00e9coute pour toutes questions techniques relatives \u00e0 nos produits. N&#8217;h\u00e9sitez pas \u00e0 nous contacter !<\/p>\n<p>Sur <a href=\"http:\/\/mge-greenservice.com\/w\/broyeurs-de-branches-timberwolf\/broyeurs-de-branches-timberwolf-traines-sur-chassis-routiers\">chassis routier<\/a>, sur <a href=\"http:\/\/mge-greenservice.com\/w\/broyeurs-de-branches-timberwolf\/broyeur-de-branches-et-de-vegetaux-automoteurs-sur-chenilles-timberwolf\">chenilles<\/a>, \u00e0 <a href=\"http:\/\/mge-greenservice.com\/w\/broyeurs-de-branches-timberwolf\/dechiqueteurs-de-vegetaux-recycleurs-a-marteaux\">marteaux<\/a>, pour <a href=\"http:\/\/mge-greenservice.com\/w\/broyeurs-de-branches-timberwolf\/broyeurs-de-branches-et-de-vegetaux-pour-tracteurs-entrainement-par-prise-de-force\">tracteur<\/a>, ou bien <a href=\"http:\/\/mge-greenservice.com\/w\/broyeurs-de-branches-timberwolf\/broyeurs-de-branches-et-de-vegetaux-compacts-timberwolf\">compact<\/a>, vous trouverez ci-dessous toutes nos gammes de produits relatives aux broyeurs de v\u00e9g\u00e9taux et d\u00e9chiqueteurs :<\/p>\n","protected":false},"excerpt":{"rendered":"<p>Welcome to Timberwolf chip &amp; shred experts La gamme de broyeurs de branches* et de d\u00e9chiqueteurs de\u00a0 v\u00e9g\u00e9taux la plus compl\u00e8te en Europe La gamme de broyeurs de branches et de v\u00e9g\u00e9taux et de d\u00e9chiqueteurs TIMBERWOLF est construite par l&#8217;un des leaders europ\u00e9ens du secteur, leader sur son march\u00e9 domestique (Royaume-Uni), avec 60% de parts  [&#8230;]<\/p>\n","protected":false},"author":2,"featured_media":0,"parent":0,"menu_order":0,"comment_status":"closed","ping_status":"closed","template":"produits.php","meta":{"_acf_changed":false,"footnotes":""},"class_list":["post-2184","page","type-page","status-publish","hentry"],"acf":[],"yoast_head":"<!-- This site is optimized with the Yoast SEO plugin v27.2 - https:\/\/yoast.com\/product\/yoast-seo-wordpress\/ -->\n<title>Broyeurs professionnels de branches et de v\u00e9g\u00e9taux Timberwolf<\/title>\n<meta name=\"description\" content=\"Nos broyeurs PRO de branches Timberwolf de qualit\u00e9 type ISO 9000 font appel aux meilleurs composants du march\u00e9 : moteurs KUBOTA ou HONDA, composants AL-KO\" \/>\n<meta name=\"robots\" content=\"index, follow, max-snippet:-1, max-image-preview:large, max-video-preview:-1\" \/>\n<link rel=\"canonical\" href=\"https:\/\/mge-greenservice.com\/w\/en\/__trashed\/\" \/>\n<meta property=\"og:locale\" content=\"en_US\" \/>\n<meta property=\"og:type\" content=\"article\" \/>\n<meta property=\"og:title\" content=\"Broyeurs professionnels de branches et de v\u00e9g\u00e9taux Timberwolf\" \/>\n<meta property=\"og:description\" content=\"Nos broyeurs PRO de branches Timberwolf de qualit\u00e9 type ISO 9000 font appel aux meilleurs composants du march\u00e9 : moteurs KUBOTA ou HONDA, composants AL-KO\" \/>\n<meta property=\"og:url\" content=\"https:\/\/mge-greenservice.com\/w\/en\/__trashed\/\" \/>\n<meta property=\"og:site_name\" content=\"MGE Green Service\" \/>\n<meta property=\"article:modified_time\" content=\"2019-08-26T09:06:13+00:00\" \/>\n<meta property=\"og:image\" content=\"https:\/\/mge-greenservice.com\/w\/wp-content\/uploads\/2014\/06\/Timberwolf-image-5.jpg\" \/>\n<meta name=\"twitter:label1\" content=\"Est. reading time\" \/>\n\t<meta name=\"twitter:data1\" content=\"1 minute\" \/>\n<!-- \/ Yoast SEO plugin. -->","yoast_head_json":{"title":"Broyeurs professionnels de branches et de v\u00e9g\u00e9taux Timberwolf","description":"Nos broyeurs PRO de branches Timberwolf de qualit\u00e9 type ISO 9000 font appel aux meilleurs composants du march\u00e9 : moteurs KUBOTA ou HONDA, composants AL-KO","robots":{"index":"index","follow":"follow","max-snippet":"max-snippet:-1","max-image-preview":"max-image-preview:large","max-video-preview":"max-video-preview:-1"},"canonical":"https:\/\/mge-greenservice.com\/w\/en\/__trashed\/","og_locale":"en_US","og_type":"article","og_title":"Broyeurs professionnels de branches et de v\u00e9g\u00e9taux Timberwolf","og_description":"Nos broyeurs PRO de branches Timberwolf de qualit\u00e9 type ISO 9000 font appel aux meilleurs composants du march\u00e9 : moteurs KUBOTA ou HONDA, composants AL-KO","og_url":"https:\/\/mge-greenservice.com\/w\/en\/__trashed\/","og_site_name":"MGE Green Service","article_modified_time":"2019-08-26T09:06:13+00:00","og_image":[{"url":"https:\/\/mge-greenservice.com\/w\/wp-content\/uploads\/2014\/06\/Timberwolf-image-5.jpg","type":"","width":"","height":""}],"twitter_misc":{"Est. reading time":"1 minute"},"schema":{"@context":"https:\/\/schema.org","@graph":[{"@type":"WebPage","@id":"https:\/\/mge-greenservice.com\/w\/en\/__trashed\/","url":"https:\/\/mge-greenservice.com\/w\/en\/__trashed\/","name":"Broyeurs professionnels de branches et de v\u00e9g\u00e9taux Timberwolf","isPartOf":{"@id":"https:\/\/mge-greenservice.com\/w\/en\/#website"},"primaryImageOfPage":{"@id":"https:\/\/mge-greenservice.com\/w\/en\/__trashed\/#primaryimage"},"image":{"@id":"https:\/\/mge-greenservice.com\/w\/en\/__trashed\/#primaryimage"},"thumbnailUrl":"https:\/\/mge-greenservice.com\/w\/wp-content\/uploads\/2014\/06\/Timberwolf-image-5.jpg","datePublished":"2019-07-23T07:39:38+00:00","dateModified":"2019-08-26T09:06:13+00:00","description":"Nos broyeurs PRO de branches Timberwolf de qualit\u00e9 type ISO 9000 font appel aux meilleurs composants du march\u00e9 : moteurs KUBOTA ou HONDA, composants AL-KO","breadcrumb":{"@id":"https:\/\/mge-greenservice.com\/w\/en\/__trashed\/#breadcrumb"},"inLanguage":"en-US","potentialAction":[{"@type":"ReadAction","target":["https:\/\/mge-greenservice.com\/w\/en\/__trashed\/"]}]},{"@type":"ImageObject","inLanguage":"en-US","@id":"https:\/\/mge-greenservice.com\/w\/en\/__trashed\/#primaryimage","url":"https:\/\/mge-greenservice.com\/w\/wp-content\/uploads\/2014\/06\/Timberwolf-image-5.jpg","contentUrl":"https:\/\/mge-greenservice.com\/w\/wp-content\/uploads\/2014\/06\/Timberwolf-image-5.jpg"},{"@type":"BreadcrumbList","@id":"https:\/\/mge-greenservice.com\/w\/en\/__trashed\/#breadcrumb","itemListElement":[{"@type":"ListItem","position":1,"name":"Accueil","item":"https:\/\/mge-greenservice.com\/w\/en\/home\/"},{"@type":"ListItem","position":2,"name":"Timberwolf &#8211; chipper &#038; shredders"}]},{"@type":"WebSite","@id":"https:\/\/mge-greenservice.com\/w\/en\/#website","url":"https:\/\/mge-greenservice.com\/w\/en\/","name":"MGE Green Service","description":"","publisher":{"@id":"https:\/\/mge-greenservice.com\/w\/en\/#organization"},"potentialAction":[{"@type":"SearchAction","target":{"@type":"EntryPoint","urlTemplate":"https:\/\/mge-greenservice.com\/w\/en\/?s={search_term_string}"},"query-input":{"@type":"PropertyValueSpecification","valueRequired":true,"valueName":"search_term_string"}}],"inLanguage":"en-US"},{"@type":"Organization","@id":"https:\/\/mge-greenservice.com\/w\/en\/#organization","name":"MGE Green Service","url":"https:\/\/mge-greenservice.com\/w\/en\/","logo":{"@type":"ImageObject","inLanguage":"en-US","@id":"https:\/\/mge-greenservice.com\/w\/en\/#\/schema\/logo\/image\/","url":"https:\/\/mge-greenservice.com\/w\/wp-content\/uploads\/2014\/06\/MGE-Green-service-logo-header.png","contentUrl":"https:\/\/mge-greenservice.com\/w\/wp-content\/uploads\/2014\/06\/MGE-Green-service-logo-header.png","width":295,"height":75,"caption":"MGE Green Service"},"image":{"@id":"https:\/\/mge-greenservice.com\/w\/en\/#\/schema\/logo\/image\/"}}]}},"amp_enabled":false,"_links":{"self":[{"href":"https:\/\/mge-greenservice.com\/w\/en\/wp-json\/wp\/v2\/pages\/2184","targetHints":{"allow":["GET"]}}],"collection":[{"href":"https:\/\/mge-greenservice.com\/w\/en\/wp-json\/wp\/v2\/pages"}],"about":[{"href":"https:\/\/mge-greenservice.com\/w\/en\/wp-json\/wp\/v2\/types\/page"}],"author":[{"embeddable":true,"href":"https:\/\/mge-greenservice.com\/w\/en\/wp-json\/wp\/v2\/users\/2"}],"replies":[{"embeddable":true,"href":"https:\/\/mge-greenservice.com\/w\/en\/wp-json\/wp\/v2\/comments?post=2184"}],"version-history":[{"count":5,"href":"https:\/\/mge-greenservice.com\/w\/en\/wp-json\/wp\/v2\/pages\/2184\/revisions"}],"predecessor-version":[{"id":5081,"href":"https:\/\/mge-greenservice.com\/w\/en\/wp-json\/wp\/v2\/pages\/2184\/revisions\/5081"}],"wp:attachment":[{"href":"https:\/\/mge-greenservice.com\/w\/en\/wp-json\/wp\/v2\/media?parent=2184"}],"curies":[{"name":"wp","href":"https:\/\/api.w.org\/{rel}","templated":true}]}}