{"id":7045,"date":"2019-06-03T16:08:30","date_gmt":"2019-06-03T15:08:30","guid":{"rendered":"https:\/\/mge-greenservice.com\/w\/tondeuses-a-batteries-professionnelles-mean-green"},"modified":"2020-07-13T09:18:10","modified_gmt":"2020-07-13T08:18:10","slug":"tondeuses-a-batteries-professionnelles-mean-green","status":"publish","type":"page","link":"https:\/\/mge-greenservice.com\/w\/es\/tondeuses-a-batteries-professionnelles-mean-green\/","title":{"rendered":"MEAN GREEN: Cortac\u00e9spedes profesionales 100% el\u00e9ctricos cero CO2- Bater\u00edas de iones de Litio"},"content":{"rendered":"<h4 style=\"text-align: center;\"><span style=\"font-size: 14pt;\"><strong>THE FUTURE IS GREEN<\/strong><\/span><\/h4>\n<h2 style=\"text-align: center;\">CORTAC\u00c9SPEDES PROFESIONALES 100% ELECTRICOS<\/h2>\n<p style=\"text-align: justify;\">\u00a0<\/p>\n<p style=\"text-align: justify;\">Como resultado de una colaboraci\u00f3n iniciada en 2015 entre MGE (Francia, Europa) y MEAN GREEN MOWERS (Estados Unidos), la primera gama de cortac\u00e9spedes profesionales 100% el\u00e9ctricas ahora est\u00e1 disponible en el continente europeo. Los dise\u00f1adores de cortac\u00e9spedes de MEAN GREEN, con experiencia en aeron\u00e1utica, han estado desarrollando desde 2008 una gama completa de cortac\u00e9spedes el\u00e9ctricos con bater\u00edas de iones de litio que utilizan tecnolog\u00edas de la industria automotriz.<\/p>\n<p style=\"text-align: justify;\">Hoy, la gama de cortac\u00e9spedes de MEAN GREEN completa el &#8216;sector del c\u00e9sped&#8217; de MGE GREEN SERVICE (con TRIMAX, SPIDER, GKB y TRILO) y ofrece una &#8216;soluci\u00f3n real, verde y sostenible&#8217;, as\u00ed como los argumentos \u00fanicos para los profesionales: cero emisiones de contaminantes atmosf\u00e9ricos (cero CO2, cero NOX, cero &#8216;smog&#8217;), cero consumo de energ\u00eda f\u00f3sil (combustible), cero uso de fluidos de hidrocarburos (aceites, grasas, aceites hidr\u00e1ulicos), bajo nivel de ruido, bajo nivel de vibraciones, mantenimiento m\u00ednimo, equipo con vida \u00fatil extendida y r\u00e1pido retorno de la inversi\u00f3n. Con MEAN GREEN, la preservaci\u00f3n del medio ambiente (contaminaci\u00f3n, contaminaci\u00f3n ac\u00fastica) se ajusta a la protecci\u00f3n del p\u00fablico y la preservaci\u00f3n de la salud del operador.<\/p>\n<p style=\"text-align: justify;\"><span style=\"font-size: 14pt;\"><strong>\u00bfQu\u00e9 haces por tu planeta? &#8230; \u00bfPor tus operadores? &#8230; \u00bfPara el medio ambiente de tus clientes y los habitantes de tu ciudad?<\/strong><\/span><\/p>\n<p style=\"text-align: justify;\">MEAN GREEN: Tecnolog\u00eda verde al servicio del cortac\u00e9sped con corte de giro-cero (Radio de Giro-Cero)<\/p>\n<ul style=\"text-align: justify;\">\n<li><strong>Operaci\u00f3n de las cortac\u00e9spedes el\u00e9ctricas con giro-cero MEAN GREEN: <\/strong>Cortac\u00e9spedes el\u00e9ctricos con motores de transmisi\u00f3n el\u00e9ctrica ubicados en ambas ruedas trasera para ser controlados individualmente usando las palancas de control. Todos los elementos de control son el\u00e9ctricos para la \u00f3ptima comodidad del usuario: ajustes de altura de corte, elevaci\u00f3n r\u00e1pida de la plataforma de corte, arranque\/parada, velocidades de corte del cortac\u00e9sped, arranque de los motores de cuchillas, velocidades de la cuchilla en RPM, luz LED o soplador frontal orientable.<\/li>\n<li><strong>Beneficios: <\/strong>Las cortac\u00e9spedes de giro-cero de MEAN GREEN se controlan con gran precisi\u00f3n y ofrecen una maniobrabilidad excepcional, de ah\u00ed su rendimiento deseado. La compacidad y el peso reducido de las cortac\u00e9spedes mec\u00e1nicas MEAN GREEN (cuerpo y plataforma de aluminio) reducen su consumo de energ\u00eda el\u00e9ctrica y permiten ser transportarlas f\u00e1cilmente. El <strong>nivel muy bajo de ruido<\/strong> (de 2 a 4 veces menos en comparaci\u00f3n con las cortac\u00e9spedes de motores t\u00e9rmicos del mercado), el <strong>bajo nivel de vibraciones<\/strong> y por supuesto <strong>la ausencia total de emisiones de contaminantes de aire<\/strong> (cero CO2, cero NOX, cero &#8216;smog&#8217;) representan enormes beneficios. Adem\u00e1s de eso, son menos costosas que las cortac\u00e9spedes t\u00e9rmicas de motores (incluye el costo de compra y el costo operativo).<\/li>\n<\/ul>\n<p style=\"text-align: justify;\"><strong>Contexto de uso: <\/strong>Corte y mantenimiento de parques, parques infantiles, campos deportivos, deben evitarse los jardines con la presencia de \u00e1rboles o macizos de flores, jardines de recreo (privados)<\/p>\n","protected":false},"excerpt":{"rendered":"<p>THE FUTURE IS GREEN CORTAC\u00c9SPEDES PROFESIONALES 100% ELECTRICOS \u00a0 Como resultado de una colaboraci\u00f3n iniciada en 2015 entre MGE (Francia, Europa) y MEAN GREEN MOWERS (Estados Unidos), la primera gama de cortac\u00e9spedes profesionales 100% el\u00e9ctricas ahora est\u00e1 disponible en el continente europeo. Los dise\u00f1adores de cortac\u00e9spedes de MEAN GREEN, con experiencia en aeron\u00e1utica, han estado<\/p>\n","protected":false},"author":2,"featured_media":0,"parent":0,"menu_order":0,"comment_status":"closed","ping_status":"closed","template":"produits.php","meta":{"_acf_changed":false,"footnotes":""},"class_list":["post-7045","page","type-page","status-publish","hentry"],"acf":[],"yoast_head":"<!-- This site is optimized with the Yoast SEO plugin v27.2 - https:\/\/yoast.com\/product\/yoast-seo-wordpress\/ -->\n<title>Tondeuses gazon \u00e0 batteries professionnelles \u00e9lectriques - MEAN GREEN<\/title>\n<meta name=\"description\" content=\"La 1\u00e8re gamme de tondeuses \u00e0 gazon professionnelles avec batteries 100% \u00e9lectrique disponible en Europe ! Angle de braquage z\u00e9ro (STR).\" \/>\n<meta name=\"robots\" content=\"index, follow, max-snippet:-1, max-image-preview:large, max-video-preview:-1\" \/>\n<link rel=\"canonical\" href=\"https:\/\/mge-greenservice.com\/w\/es\/tondeuses-a-batteries-professionnelles-mean-green\/\" \/>\n<meta property=\"og:locale\" content=\"es_ES\" \/>\n<meta property=\"og:type\" content=\"article\" \/>\n<meta property=\"og:title\" content=\"Tondeuses gazon \u00e0 batteries professionnelles \u00e9lectriques - MEAN GREEN\" \/>\n<meta property=\"og:description\" content=\"La 1\u00e8re gamme de tondeuses \u00e0 gazon professionnelles avec batteries 100% \u00e9lectrique disponible en Europe ! Angle de braquage z\u00e9ro (STR).\" \/>\n<meta property=\"og:url\" content=\"https:\/\/mge-greenservice.com\/w\/es\/tondeuses-a-batteries-professionnelles-mean-green\/\" \/>\n<meta property=\"og:site_name\" content=\"MGE Green Service\" \/>\n<meta property=\"article:modified_time\" content=\"2020-07-13T08:18:10+00:00\" \/>\n<meta name=\"twitter:label1\" content=\"Tiempo de lectura\" \/>\n\t<meta name=\"twitter:data1\" content=\"3 minutos\" \/>\n<!-- \/ Yoast SEO plugin. -->","yoast_head_json":{"title":"Tondeuses gazon \u00e0 batteries professionnelles \u00e9lectriques - MEAN GREEN","description":"La 1\u00e8re gamme de tondeuses \u00e0 gazon professionnelles avec batteries 100% \u00e9lectrique disponible en Europe ! Angle de braquage z\u00e9ro (STR).","robots":{"index":"index","follow":"follow","max-snippet":"max-snippet:-1","max-image-preview":"max-image-preview:large","max-video-preview":"max-video-preview:-1"},"canonical":"https:\/\/mge-greenservice.com\/w\/es\/tondeuses-a-batteries-professionnelles-mean-green\/","og_locale":"es_ES","og_type":"article","og_title":"Tondeuses gazon \u00e0 batteries professionnelles \u00e9lectriques - MEAN GREEN","og_description":"La 1\u00e8re gamme de tondeuses \u00e0 gazon professionnelles avec batteries 100% \u00e9lectrique disponible en Europe ! Angle de braquage z\u00e9ro (STR).","og_url":"https:\/\/mge-greenservice.com\/w\/es\/tondeuses-a-batteries-professionnelles-mean-green\/","og_site_name":"MGE Green Service","article_modified_time":"2020-07-13T08:18:10+00:00","twitter_misc":{"Tiempo de lectura":"3 minutos"},"schema":{"@context":"https:\/\/schema.org","@graph":[{"@type":"WebPage","@id":"https:\/\/mge-greenservice.com\/w\/es\/tondeuses-a-batteries-professionnelles-mean-green\/","url":"https:\/\/mge-greenservice.com\/w\/es\/tondeuses-a-batteries-professionnelles-mean-green\/","name":"Tondeuses gazon \u00e0 batteries professionnelles \u00e9lectriques - MEAN GREEN","isPartOf":{"@id":"https:\/\/mge-greenservice.com\/w\/es\/#website"},"datePublished":"2019-06-03T15:08:30+00:00","dateModified":"2020-07-13T08:18:10+00:00","description":"La 1\u00e8re gamme de tondeuses \u00e0 gazon professionnelles avec batteries 100% \u00e9lectrique disponible en Europe ! Angle de braquage z\u00e9ro (STR).","breadcrumb":{"@id":"https:\/\/mge-greenservice.com\/w\/es\/tondeuses-a-batteries-professionnelles-mean-green\/#breadcrumb"},"inLanguage":"es","potentialAction":[{"@type":"ReadAction","target":["https:\/\/mge-greenservice.com\/w\/es\/tondeuses-a-batteries-professionnelles-mean-green\/"]}]},{"@type":"BreadcrumbList","@id":"https:\/\/mge-greenservice.com\/w\/es\/tondeuses-a-batteries-professionnelles-mean-green\/#breadcrumb","itemListElement":[{"@type":"ListItem","position":1,"name":"Accueil","item":"https:\/\/mge-greenservice.com\/w\/es\/home\/"},{"@type":"ListItem","position":2,"name":"MEAN GREEN: Cortac\u00e9spedes profesionales 100% el\u00e9ctricos cero CO2- Bater\u00edas de iones de Litio"}]},{"@type":"WebSite","@id":"https:\/\/mge-greenservice.com\/w\/es\/#website","url":"https:\/\/mge-greenservice.com\/w\/es\/","name":"MGE Green Service","description":"","publisher":{"@id":"https:\/\/mge-greenservice.com\/w\/es\/#organization"},"potentialAction":[{"@type":"SearchAction","target":{"@type":"EntryPoint","urlTemplate":"https:\/\/mge-greenservice.com\/w\/es\/?s={search_term_string}"},"query-input":{"@type":"PropertyValueSpecification","valueRequired":true,"valueName":"search_term_string"}}],"inLanguage":"es"},{"@type":"Organization","@id":"https:\/\/mge-greenservice.com\/w\/es\/#organization","name":"MGE Green Service","url":"https:\/\/mge-greenservice.com\/w\/es\/","logo":{"@type":"ImageObject","inLanguage":"es","@id":"https:\/\/mge-greenservice.com\/w\/es\/#\/schema\/logo\/image\/","url":"https:\/\/mge-greenservice.com\/w\/wp-content\/uploads\/2014\/06\/MGE-Green-service-logo-header.png","contentUrl":"https:\/\/mge-greenservice.com\/w\/wp-content\/uploads\/2014\/06\/MGE-Green-service-logo-header.png","width":295,"height":75,"caption":"MGE Green Service"},"image":{"@id":"https:\/\/mge-greenservice.com\/w\/es\/#\/schema\/logo\/image\/"}}]}},"amp_enabled":false,"_links":{"self":[{"href":"https:\/\/mge-greenservice.com\/w\/es\/wp-json\/wp\/v2\/pages\/7045","targetHints":{"allow":["GET"]}}],"collection":[{"href":"https:\/\/mge-greenservice.com\/w\/es\/wp-json\/wp\/v2\/pages"}],"about":[{"href":"https:\/\/mge-greenservice.com\/w\/es\/wp-json\/wp\/v2\/types\/page"}],"author":[{"embeddable":true,"href":"https:\/\/mge-greenservice.com\/w\/es\/wp-json\/wp\/v2\/users\/2"}],"replies":[{"embeddable":true,"href":"https:\/\/mge-greenservice.com\/w\/es\/wp-json\/wp\/v2\/comments?post=7045"}],"version-history":[{"count":3,"href":"https:\/\/mge-greenservice.com\/w\/es\/wp-json\/wp\/v2\/pages\/7045\/revisions"}],"predecessor-version":[{"id":7048,"href":"https:\/\/mge-greenservice.com\/w\/es\/wp-json\/wp\/v2\/pages\/7045\/revisions\/7048"}],"wp:attachment":[{"href":"https:\/\/mge-greenservice.com\/w\/es\/wp-json\/wp\/v2\/media?parent=7045"}],"curies":[{"name":"wp","href":"https:\/\/api.w.org\/{rel}","templated":true}]}}