{"id":6613,"date":"2019-06-03T16:08:30","date_gmt":"2019-06-03T15:08:30","guid":{"rendered":"https:\/\/mge-greenservice.com\/w\/tondeuses-a-batteries-professionnelles-mean-green"},"modified":"2020-06-30T10:35:24","modified_gmt":"2020-06-30T09:35:24","slug":"tondeuses-a-batteries-professionnelles-mean-green","status":"publish","type":"page","link":"https:\/\/mge-greenservice.com\/w\/it\/tondeuses-a-batteries-professionnelles-mean-green\/","title":{"rendered":"MEAN GREEN : Tosaerba professionali 100% elettrici zero emissioni di CO2 &#8211; batterie agli ioni di litio"},"content":{"rendered":"<h4 style=\"text-align: center;\"><span style=\"font-size: 14pt;\"><strong>THE FUTURE IS GREEN<\/strong><\/span><\/h4>\n<h2 style=\"text-align: center;\">TOSAERBA PROFESSIONALI 100% ELETTRICI<\/h2>\n<p style=\"text-align: justify;\">\u00a0<\/p>\n<p>Frutto di una collaborazione iniziata nel 2015 tra MGE (Francia, Europa) e MEAN GREEN MOWERS (Stati Uniti), la prima gamma di tosaerba professionali 100% elettrici \u00e8 ora disponibile nel continente europeo. Provenienti dall&#8217;aeronautica, i progettisti dei tosaerba MEAN GREEN sviluppano dal 2008 una gamma completa di tosaerba elettrici con batterie agli ioni di litio che utilizzano tecnologie del settore automobilistico.<\/p>\n<p>Oggi la gamma di tosaerba MEAN GREEN completa il &#8220;settore prato&#8221; di MGE GREEN SERVICE (con TRIMAX, SPIDER, GKB e TRILO) e fornisce una &#8220;vera soluzione ecologica e sostenibile&#8221; nonch\u00e9 argomenti senza precedenti per i professionisti: zero emissioni atmosferiche inquinanti (zero CO2, zero NOX, zero &#8220;smog&#8221;), zero consumo di energia fossile (carburante), zero utilizzo di fluidi idrocarburici (oli, grassi, oli idraulici), basso livello di rumore, basso livello di vibrazioni, manutenzione minima, durata prolungata dell&#8217;attrezzatura e rapido ritorno sugli investimenti. Con MEAN GREEN, la conservazione dell&#8217;ambiente (inquinamento, inquinamento acustico) \u00e8 accompagnata dalla protezione del pubblico e dalla tutela della salute dell&#8217;operatore.<\/p>\n<p><strong>Cosa state facendo per il vostro pianeta? &#8230; Per i vostri operatori? &#8230; Per l&#8217;ambiente dei vostri clienti e degli abitanti della vostra citt\u00e0?<\/strong><\/p>\n<p>MEAN GREEN: tecnologia verde al servizio della falciatura a raggio zero tipo \u00ab\u00a0Z\u00a0\u00bb (<em>Zero Turn Radius<\/em>)<\/p>\n<ul>\n<li><strong>Funzionamento dei tosaerba elettrici MEAN GREEN Zero Turn<\/strong>: tosaerba elettrici con motori elettrici situati nelle ruote posteriori e che possono essere controllate individualmente mediante le leve di comando. Tutti gli elementi di controllo sono elettrici per un comfort ottimale dell\u2019utente: regolazioni dell&#8217;altezza di taglio, sollevamento rapido del piatto di taglio, avvio \/ arresto, velocit\u00e0 di avanzamento del tosaerba, avviamento del motore della lama, velocit\u00e0 della rotazione della lama, illuminazione a LED o ventilatore frontale regolabile.\n<ul>\n<li><strong>Vantaggi<\/strong>: i tosaerba MEAN GREEN Zero Turn sono controllati con grande precisione e offrono una manovrabilit\u00e0 eccezionale, quindi le prestazioni desiderate. La compattezza e il peso ridotto dei trattori tosaerba MEAN GREEN (telaio e piattaforma in alluminio) riducono il consumo di energia elettrica e ne consentono un facile trasporto. Il <strong>livello di rumorosit\u00e0 molto basso<\/strong> (da 2 a 4 volte rispetto alle apparecchiature termiche sul mercato), il <strong>basso livello di vibrazioni<\/strong> e, naturalmente, la <strong>totale assenza di emissioni atmosferiche<\/strong> <strong>inquinanti <\/strong>(zero CO2, zero NOX, zero &#8220;smog&#8221;) rappresentano enormi vantaggi. Inoltre, sono meno costosi (costi di acquisto e costi operativi inclusi) rispetto alle falciatrici termiche.<\/li>\n<\/ul>\n<\/li>\n<\/ul>\n<p><strong>Contesto d&#8217;uso<\/strong>: falciatura e manutenzione di parchi, campi da gioco, campi sportivi, vari prati con la presenza di alberi o ostacoli da evitare, giardini ornamentali (privati).<\/p>\n","protected":false},"excerpt":{"rendered":"<p>THE FUTURE IS GREEN TOSAERBA PROFESSIONALI 100% ELETTRICI \u00a0 Frutto di una collaborazione iniziata nel 2015 tra MGE (Francia, Europa) e MEAN GREEN MOWERS (Stati Uniti), la prima gamma di tosaerba professionali 100% elettrici \u00e8 ora disponibile nel continente europeo. Provenienti dall&#8217;aeronautica, i progettisti dei tosaerba MEAN GREEN sviluppano dal 2008 una gamma completa di<\/p>\n","protected":false},"author":2,"featured_media":0,"parent":0,"menu_order":0,"comment_status":"closed","ping_status":"closed","template":"produits.php","meta":{"_acf_changed":false,"footnotes":""},"class_list":["post-6613","page","type-page","status-publish","hentry"],"acf":[],"yoast_head":"<!-- This site is optimized with the Yoast SEO plugin v27.2 - https:\/\/yoast.com\/product\/yoast-seo-wordpress\/ -->\n<title>Tondeuses gazon \u00e0 batteries professionnelles \u00e9lectriques - MEAN GREEN<\/title>\n<meta name=\"description\" content=\"La 1\u00e8re gamme de tondeuses \u00e0 gazon professionnelles avec batteries 100% \u00e9lectrique disponible en Europe ! Angle de braquage z\u00e9ro (STR).\" \/>\n<meta name=\"robots\" content=\"index, follow, max-snippet:-1, max-image-preview:large, max-video-preview:-1\" \/>\n<link rel=\"canonical\" href=\"https:\/\/mge-greenservice.com\/w\/it\/tondeuses-a-batteries-professionnelles-mean-green\/\" \/>\n<meta property=\"og:locale\" content=\"it_IT\" \/>\n<meta property=\"og:type\" content=\"article\" \/>\n<meta property=\"og:title\" content=\"Tondeuses gazon \u00e0 batteries professionnelles \u00e9lectriques - MEAN GREEN\" \/>\n<meta property=\"og:description\" content=\"La 1\u00e8re gamme de tondeuses \u00e0 gazon professionnelles avec batteries 100% \u00e9lectrique disponible en Europe ! Angle de braquage z\u00e9ro (STR).\" \/>\n<meta property=\"og:url\" content=\"https:\/\/mge-greenservice.com\/w\/it\/tondeuses-a-batteries-professionnelles-mean-green\/\" \/>\n<meta property=\"og:site_name\" content=\"MGE Green Service\" \/>\n<meta property=\"article:modified_time\" content=\"2020-06-30T09:35:24+00:00\" \/>\n<meta name=\"twitter:label1\" content=\"Tempo di lettura stimato\" \/>\n\t<meta name=\"twitter:data1\" content=\"2 minuti\" \/>\n<!-- \/ Yoast SEO plugin. -->","yoast_head_json":{"title":"Tondeuses gazon \u00e0 batteries professionnelles \u00e9lectriques - MEAN GREEN","description":"La 1\u00e8re gamme de tondeuses \u00e0 gazon professionnelles avec batteries 100% \u00e9lectrique disponible en Europe ! Angle de braquage z\u00e9ro (STR).","robots":{"index":"index","follow":"follow","max-snippet":"max-snippet:-1","max-image-preview":"max-image-preview:large","max-video-preview":"max-video-preview:-1"},"canonical":"https:\/\/mge-greenservice.com\/w\/it\/tondeuses-a-batteries-professionnelles-mean-green\/","og_locale":"it_IT","og_type":"article","og_title":"Tondeuses gazon \u00e0 batteries professionnelles \u00e9lectriques - MEAN GREEN","og_description":"La 1\u00e8re gamme de tondeuses \u00e0 gazon professionnelles avec batteries 100% \u00e9lectrique disponible en Europe ! Angle de braquage z\u00e9ro (STR).","og_url":"https:\/\/mge-greenservice.com\/w\/it\/tondeuses-a-batteries-professionnelles-mean-green\/","og_site_name":"MGE Green Service","article_modified_time":"2020-06-30T09:35:24+00:00","twitter_misc":{"Tempo di lettura stimato":"2 minuti"},"schema":{"@context":"https:\/\/schema.org","@graph":[{"@type":"WebPage","@id":"https:\/\/mge-greenservice.com\/w\/it\/tondeuses-a-batteries-professionnelles-mean-green\/","url":"https:\/\/mge-greenservice.com\/w\/it\/tondeuses-a-batteries-professionnelles-mean-green\/","name":"Tondeuses gazon \u00e0 batteries professionnelles \u00e9lectriques - MEAN GREEN","isPartOf":{"@id":"https:\/\/mge-greenservice.com\/w\/it\/#website"},"datePublished":"2019-06-03T15:08:30+00:00","dateModified":"2020-06-30T09:35:24+00:00","description":"La 1\u00e8re gamme de tondeuses \u00e0 gazon professionnelles avec batteries 100% \u00e9lectrique disponible en Europe ! Angle de braquage z\u00e9ro (STR).","breadcrumb":{"@id":"https:\/\/mge-greenservice.com\/w\/it\/tondeuses-a-batteries-professionnelles-mean-green\/#breadcrumb"},"inLanguage":"it-IT","potentialAction":[{"@type":"ReadAction","target":["https:\/\/mge-greenservice.com\/w\/it\/tondeuses-a-batteries-professionnelles-mean-green\/"]}]},{"@type":"BreadcrumbList","@id":"https:\/\/mge-greenservice.com\/w\/it\/tondeuses-a-batteries-professionnelles-mean-green\/#breadcrumb","itemListElement":[{"@type":"ListItem","position":1,"name":"Accueil","item":"https:\/\/mge-greenservice.com\/w\/it\/broyeur\/"},{"@type":"ListItem","position":2,"name":"MEAN GREEN : Tosaerba professionali 100% elettrici zero emissioni di CO2 &#8211; batterie agli ioni di litio"}]},{"@type":"WebSite","@id":"https:\/\/mge-greenservice.com\/w\/it\/#website","url":"https:\/\/mge-greenservice.com\/w\/it\/","name":"MGE Green Service","description":"","publisher":{"@id":"https:\/\/mge-greenservice.com\/w\/it\/#organization"},"potentialAction":[{"@type":"SearchAction","target":{"@type":"EntryPoint","urlTemplate":"https:\/\/mge-greenservice.com\/w\/it\/?s={search_term_string}"},"query-input":{"@type":"PropertyValueSpecification","valueRequired":true,"valueName":"search_term_string"}}],"inLanguage":"it-IT"},{"@type":"Organization","@id":"https:\/\/mge-greenservice.com\/w\/it\/#organization","name":"MGE Green Service","url":"https:\/\/mge-greenservice.com\/w\/it\/","logo":{"@type":"ImageObject","inLanguage":"it-IT","@id":"https:\/\/mge-greenservice.com\/w\/it\/#\/schema\/logo\/image\/","url":"https:\/\/mge-greenservice.com\/w\/wp-content\/uploads\/2014\/06\/MGE-Green-service-logo-header.png","contentUrl":"https:\/\/mge-greenservice.com\/w\/wp-content\/uploads\/2014\/06\/MGE-Green-service-logo-header.png","width":295,"height":75,"caption":"MGE Green Service"},"image":{"@id":"https:\/\/mge-greenservice.com\/w\/it\/#\/schema\/logo\/image\/"}}]}},"amp_enabled":false,"_links":{"self":[{"href":"https:\/\/mge-greenservice.com\/w\/it\/wp-json\/wp\/v2\/pages\/6613","targetHints":{"allow":["GET"]}}],"collection":[{"href":"https:\/\/mge-greenservice.com\/w\/it\/wp-json\/wp\/v2\/pages"}],"about":[{"href":"https:\/\/mge-greenservice.com\/w\/it\/wp-json\/wp\/v2\/types\/page"}],"author":[{"embeddable":true,"href":"https:\/\/mge-greenservice.com\/w\/it\/wp-json\/wp\/v2\/users\/2"}],"replies":[{"embeddable":true,"href":"https:\/\/mge-greenservice.com\/w\/it\/wp-json\/wp\/v2\/comments?post=6613"}],"version-history":[{"count":2,"href":"https:\/\/mge-greenservice.com\/w\/it\/wp-json\/wp\/v2\/pages\/6613\/revisions"}],"predecessor-version":[{"id":6619,"href":"https:\/\/mge-greenservice.com\/w\/it\/wp-json\/wp\/v2\/pages\/6613\/revisions\/6619"}],"wp:attachment":[{"href":"https:\/\/mge-greenservice.com\/w\/it\/wp-json\/wp\/v2\/media?parent=6613"}],"curies":[{"name":"wp","href":"https:\/\/api.w.org\/{rel}","templated":true}]}}