{"id":1396,"date":"2014-07-16T14:50:44","date_gmt":"2014-07-16T13:50:44","guid":{"rendered":"http:\/\/mge-greenservice.com\/w\/?page_id=1396"},"modified":"2019-04-01T11:59:34","modified_gmt":"2019-04-01T10:59:34","slug":"mentions-legales","status":"publish","type":"page","link":"https:\/\/mge-greenservice.com\/w\/mentions-legales\/","title":{"rendered":"Mentions l\u00e9gales"},"content":{"rendered":"<div class=\"fusion-fullwidth fullwidth-box fusion-builder-row-1 nonhundred-percent-fullwidth non-hundred-percent-height-scrolling\" style=\"--awb-background-position:left top;--awb-border-radius-top-left:0px;--awb-border-radius-top-right:0px;--awb-border-radius-bottom-right:0px;--awb-border-radius-bottom-left:0px;--awb-padding-top:20px;--awb-padding-bottom:20px;--awb-border-sizes-top:0px;--awb-border-sizes-bottom:0px;--awb-flex-wrap:wrap;\" ><div class=\"fusion-builder-row fusion-row\">\n<h2>Responsable de publication<\/h2>\n<p>MG Entreprises<\/p>\n<h2>Cr\u00e9ation du site : d\u00e9veloppement \/ design<\/h2>\n<p><a href=\"http:\/\/www.coclico.fr\" target=\"_blank\" rel=\"noopener noreferrer\">co.cli.co<\/a><\/p>\n<h2>Cr\u00e9dits photos \/ dessins<\/h2>\n<p>MG\u00a0Entreprises\u00a0(sauf mentions contraires)<\/p>\n<h2>H\u00e9bergement du site \/ base de donn\u00e9es<\/h2>\n<p>OVH<br \/>Si\u00e8ge social : 2 rue Kellermann 59100 Roubaix \u2013 France.<br \/>T\u00e9l : 08 203 203 63<\/p>\n<h2>Si\u00e8ge Social<\/h2>\n<p>MG Entreprises<br \/><span style=\"color: #000011;\">Le Parc de Belle \u00cele<\/span><br style=\"color: #000011;\" \/><span style=\"color: #000011;\">8, rue de Belle \u00cele<\/span><br style=\"color: #000011;\" \/><span style=\"color: #000011;\">72190 Coulaines (FRANCE)<\/span><br style=\"color: #000011;\" \/><span style=\"color: #000011;\">Tel. : +33 (0) 2 43 23 09 10<\/span><br style=\"color: #000011;\" \/><span style=\"color: #000011;\">Fax +33 (0) 2 43 23 14 97<\/span><\/p>\n<h2>Immatriculation :<\/h2>\n<p>N\u00b0 SIRET :\u00a0<\/p>\n<h2>Droit d\u2019auteur \u2013 Copyright<\/h2>\n<p>Le site Internet http:\/\/mge-greenservice.com\/\u00a0et chacun des \u00e9l\u00e9ments qui le composent, notamment mais non limitativement, les textes, images, photographies, illustrations, sons, musiques sont, sauf mentions particuli\u00e8res, la propri\u00e9t\u00e9 exclusive de MG\u00a0Entreprises. En cons\u00e9quence, en application des dispositions du Code de la Propri\u00e9t\u00e9 Intellectuelle, des dispositions l\u00e9gislatives et r\u00e9glementaires de tous pays et des conventions internationales, toute reproduction ou repr\u00e9sentation, int\u00e9grale ou partielle, du site ou de quelconque des \u00e9l\u00e9ments qui le composent, est interdite de m\u00eame que leur alt\u00e9ration. Le nom de domaine \u201c\u00a0http:\/\/mge-greenservice.com\/\u201d est la propri\u00e9t\u00e9 exclusive de MG\u00a0Entreprises. De m\u00eame, les marques et logos apparaissant sur le site Internet http:\/\/mge-greenservice.com\/\u00a0sont la propri\u00e9t\u00e9 exclusive de MG\u00a0Entreprises. Toute reproduction ou utilisation de ces marques, logos ou noms de domaine, de quelque mani\u00e8re et \u00e0 quelque titre que ce soit, est interdite.<\/p>\n<h2>Liens hypertexte<\/h2>\n<p>La cr\u00e9ation de liens hypertexte vers le site Internet http:\/\/mge-greenservice.com\/\u00a0ne peut \u00eatre fait qu\u2019avec l\u2019autorisation \u00e9crite et pr\u00e9alable de MG\u00a0Entreprises\u00a0ou de ses repr\u00e9sentants l\u00e9gaux. MG\u00a0Entreprises\u00a0d\u00e9cline toute responsabilit\u00e9 quant au contenu des sites tiers qui seraient li\u00e9s \u00e0 son site Internet.<\/p>\n<h2>Donn\u00e9es personnelles<\/h2>\n<p>Conform\u00e9ment \u00e0 la loi \u201cInformatique et Libert\u00e9s\u201d du 6 Janvier 1978 modifi\u00e9e par la loi du 6 Ao\u00fbt 2004 (art.27), vous \u00eates inform\u00e9(e) que MG\u00a0Entreprises\u00a0proc\u00e8de \u00e0 des traitements automatis\u00e9s de vos donn\u00e9es personnelles. A ce titre, vous disposez d\u2019un droit d\u2019acc\u00e8s, de modification, de rectification et de suppression des donn\u00e9es personnelles qui vous concernent (art.34 et suivants de la loi susvis\u00e9e). Pour l\u2019exercer, adressez-vous \u00e0 MG\u00a0Entreprises, 8, rue de Belle \u00cele,\u00a072190 Coulaines\u00a0+33 (0) 2 43 23 09 10. MG Entreprises\u00a0est destinataire des donn\u00e9es personnelles qu\u2019elle recueille par l\u2019interm\u00e9diaire de son site Internet. Toutefois, elle peut \u00eatre amen\u00e9e \u00e0 les transmettre \u00e0 des tiers (partenaires, \u2026). Vous pouvez vous opposer \u00e0 ce transfert en manifestant votre refus aupr\u00e8s de notre contact mentionn\u00e9 ci-dessus<\/p>\n<h2>Notices l\u00e9gales<\/h2>\n<p>MG Entreprises s\u2019assure que les informations accessibles par l\u2019interm\u00e9diaire de son site Internet sont exactes. Toutefois, elle ne garantit en aucune mani\u00e8re que ces informations sont exactes, compl\u00e8tes et \u00e0 jour et de mani\u00e8re g\u00e9n\u00e9rale, ne fournit aucune garantie expresse ou tacite, concernant tout ou partie de son site Internet.<\/p>\n<\/div><\/div>\n","protected":false},"excerpt":{"rendered":"","protected":false},"author":2,"featured_media":0,"parent":0,"menu_order":0,"comment_status":"closed","ping_status":"closed","template":"100-width.php","meta":{"_acf_changed":false,"footnotes":""},"class_list":["post-1396","page","type-page","status-publish","hentry"],"acf":[],"yoast_head":"<!-- This site is optimized with the Yoast SEO plugin v27.2 - https:\/\/yoast.com\/product\/yoast-seo-wordpress\/ -->\n<title>Mentions l\u00e9gales<\/title>\n<meta name=\"robots\" content=\"index, follow, max-snippet:-1, max-image-preview:large, max-video-preview:-1\" \/>\n<link rel=\"canonical\" href=\"https:\/\/mge-greenservice.com\/w\/mentions-legales\/\" \/>\n<meta property=\"og:locale\" content=\"fr_FR\" \/>\n<meta property=\"og:type\" content=\"article\" \/>\n<meta property=\"og:title\" content=\"Mentions l\u00e9gales\" \/>\n<meta property=\"og:url\" content=\"https:\/\/mge-greenservice.com\/w\/mentions-legales\/\" \/>\n<meta property=\"og:site_name\" content=\"MGE Green Service\" \/>\n<meta property=\"article:modified_time\" content=\"2019-04-01T10:59:34+00:00\" \/>\n<meta name=\"twitter:label1\" content=\"Dur\u00e9e de lecture estim\u00e9e\" \/>\n\t<meta name=\"twitter:data1\" content=\"2 minutes\" \/>\n<!-- \/ Yoast SEO plugin. -->","yoast_head_json":{"title":"Mentions l\u00e9gales","robots":{"index":"index","follow":"follow","max-snippet":"max-snippet:-1","max-image-preview":"max-image-preview:large","max-video-preview":"max-video-preview:-1"},"canonical":"https:\/\/mge-greenservice.com\/w\/mentions-legales\/","og_locale":"fr_FR","og_type":"article","og_title":"Mentions l\u00e9gales","og_url":"https:\/\/mge-greenservice.com\/w\/mentions-legales\/","og_site_name":"MGE Green Service","article_modified_time":"2019-04-01T10:59:34+00:00","twitter_misc":{"Dur\u00e9e de lecture estim\u00e9e":"2 minutes"},"schema":{"@context":"https:\/\/schema.org","@graph":[{"@type":"WebPage","@id":"https:\/\/mge-greenservice.com\/w\/mentions-legales\/","url":"https:\/\/mge-greenservice.com\/w\/mentions-legales\/","name":"Mentions l\u00e9gales","isPartOf":{"@id":"https:\/\/mge-greenservice.com\/w\/#website"},"datePublished":"2014-07-16T13:50:44+00:00","dateModified":"2019-04-01T10:59:34+00:00","breadcrumb":{"@id":"https:\/\/mge-greenservice.com\/w\/mentions-legales\/#breadcrumb"},"inLanguage":"fr-FR","potentialAction":[{"@type":"ReadAction","target":["https:\/\/mge-greenservice.com\/w\/mentions-legales\/"]}]},{"@type":"BreadcrumbList","@id":"https:\/\/mge-greenservice.com\/w\/mentions-legales\/#breadcrumb","itemListElement":[{"@type":"ListItem","position":1,"name":"Accueil","item":"https:\/\/mge-greenservice.com\/w\/"},{"@type":"ListItem","position":2,"name":"Mentions l\u00e9gales"}]},{"@type":"WebSite","@id":"https:\/\/mge-greenservice.com\/w\/#website","url":"https:\/\/mge-greenservice.com\/w\/","name":"MGE Green Service","description":"L&#039;avenir s&#039;\u00e9crit en Vert","publisher":{"@id":"https:\/\/mge-greenservice.com\/w\/#organization"},"potentialAction":[{"@type":"SearchAction","target":{"@type":"EntryPoint","urlTemplate":"https:\/\/mge-greenservice.com\/w\/?s={search_term_string}"},"query-input":{"@type":"PropertyValueSpecification","valueRequired":true,"valueName":"search_term_string"}}],"inLanguage":"fr-FR"},{"@type":"Organization","@id":"https:\/\/mge-greenservice.com\/w\/#organization","name":"MGE Green Service","url":"https:\/\/mge-greenservice.com\/w\/","logo":{"@type":"ImageObject","inLanguage":"fr-FR","@id":"https:\/\/mge-greenservice.com\/w\/#\/schema\/logo\/image\/","url":"https:\/\/mge-greenservice.com\/w\/wp-content\/uploads\/2014\/06\/MGE-Green-service-logo-header.png","contentUrl":"https:\/\/mge-greenservice.com\/w\/wp-content\/uploads\/2014\/06\/MGE-Green-service-logo-header.png","width":295,"height":75,"caption":"MGE Green Service"},"image":{"@id":"https:\/\/mge-greenservice.com\/w\/#\/schema\/logo\/image\/"}}]}},"amp_enabled":false,"_links":{"self":[{"href":"https:\/\/mge-greenservice.com\/w\/wp-json\/wp\/v2\/pages\/1396","targetHints":{"allow":["GET"]}}],"collection":[{"href":"https:\/\/mge-greenservice.com\/w\/wp-json\/wp\/v2\/pages"}],"about":[{"href":"https:\/\/mge-greenservice.com\/w\/wp-json\/wp\/v2\/types\/page"}],"author":[{"embeddable":true,"href":"https:\/\/mge-greenservice.com\/w\/wp-json\/wp\/v2\/users\/2"}],"replies":[{"embeddable":true,"href":"https:\/\/mge-greenservice.com\/w\/wp-json\/wp\/v2\/comments?post=1396"}],"version-history":[{"count":7,"href":"https:\/\/mge-greenservice.com\/w\/wp-json\/wp\/v2\/pages\/1396\/revisions"}],"predecessor-version":[{"id":3188,"href":"https:\/\/mge-greenservice.com\/w\/wp-json\/wp\/v2\/pages\/1396\/revisions\/3188"}],"wp:attachment":[{"href":"https:\/\/mge-greenservice.com\/w\/wp-json\/wp\/v2\/media?parent=1396"}],"curies":[{"name":"wp","href":"https:\/\/api.w.org\/{rel}","templated":true}]}}