{"id":1655,"date":"2014-12-04T15:14:44","date_gmt":"2014-12-04T14:14:44","guid":{"rendered":"http:\/\/mge-greenservice.com\/w\/?page_id=1655"},"modified":"2023-04-17T13:00:20","modified_gmt":"2023-04-17T12:00:20","slug":"gkb-machines-pour-terrains-engazonnes","status":"publish","type":"page","link":"https:\/\/mge-greenservice.com\/w\/gkb\/gkb-machines-pour-terrains-engazonnes\/","title":{"rendered":"GKB Machines pour terrains engazonn\u00e9s"},"content":{"rendered":"","protected":false},"excerpt":{"rendered":"","protected":false},"author":2,"featured_media":0,"parent":44,"menu_order":0,"comment_status":"closed","ping_status":"closed","template":"produits.php","meta":{"_acf_changed":false,"footnotes":""},"class_list":["post-1655","page","type-page","status-publish","hentry"],"acf":[],"yoast_head":"<!-- This site is optimized with the Yoast SEO plugin v27.2 - https:\/\/yoast.com\/product\/yoast-seo-wordpress\/ -->\n<title>GKB Machines pour terrains engazonn\u00e9s - MGE Green Service<\/title>\n<meta name=\"description\" content=\"D\u00e9capeuse polyvalente, draineuse, d\u00e9feutreur, sablage en nappe, sablage centrifuge, incorporation de sable, nivelage et a\u00e9ration des terrains de sport\" \/>\n<meta name=\"robots\" content=\"index, follow, max-snippet:-1, max-image-preview:large, max-video-preview:-1\" \/>\n<link rel=\"canonical\" href=\"https:\/\/mge-greenservice.com\/w\/gkb\/gkb-machines-pour-terrains-engazonnes\/\" \/>\n<meta property=\"og:locale\" content=\"fr_FR\" \/>\n<meta property=\"og:type\" content=\"article\" \/>\n<meta property=\"og:title\" content=\"GKB Machines pour terrains engazonn\u00e9s - MGE Green Service\" \/>\n<meta property=\"og:description\" content=\"D\u00e9capeuse polyvalente, draineuse, d\u00e9feutreur, sablage en nappe, sablage centrifuge, incorporation de sable, nivelage et a\u00e9ration des terrains de sport\" \/>\n<meta property=\"og:url\" content=\"https:\/\/mge-greenservice.com\/w\/gkb\/gkb-machines-pour-terrains-engazonnes\" \/>\n<meta property=\"og:site_name\" content=\"MGE Green Service\" \/>\n<meta property=\"article:modified_time\" content=\"2023-04-17T12:00:20+00:00\" \/>\n<!-- \/ Yoast SEO plugin. -->","yoast_head_json":{"title":"GKB Machines pour terrains engazonn\u00e9s - MGE Green Service","description":"D\u00e9capeuse polyvalente, draineuse, d\u00e9feutreur, sablage en nappe, sablage centrifuge, incorporation de sable, nivelage et a\u00e9ration des terrains de sport","robots":{"index":"index","follow":"follow","max-snippet":"max-snippet:-1","max-image-preview":"max-image-preview:large","max-video-preview":"max-video-preview:-1"},"canonical":"https:\/\/mge-greenservice.com\/w\/gkb\/gkb-machines-pour-terrains-engazonnes\/","og_locale":"fr_FR","og_type":"article","og_title":"GKB Machines pour terrains engazonn\u00e9s - MGE Green Service","og_description":"D\u00e9capeuse polyvalente, draineuse, d\u00e9feutreur, sablage en nappe, sablage centrifuge, incorporation de sable, nivelage et a\u00e9ration des terrains de sport","og_url":"https:\/\/mge-greenservice.com\/w\/gkb\/gkb-machines-pour-terrains-engazonnes","og_site_name":"MGE Green Service","article_modified_time":"2023-04-17T12:00:20+00:00","schema":{"@context":"https:\/\/schema.org","@graph":[{"@type":"WebPage","@id":"https:\/\/mge-greenservice.com\/w\/gkb\/gkb-machines-pour-terrains-engazonnes\/","url":"https:\/\/mge-greenservice.com\/w\/gkb\/gkb-machines-pour-terrains-engazonnes","name":"GKB Machines pour terrains engazonn\u00e9s - MGE Green Service","isPartOf":{"@id":"https:\/\/mge-greenservice.com\/w\/#website"},"datePublished":"2014-12-04T14:14:44+00:00","dateModified":"2023-04-17T12:00:20+00:00","description":"D\u00e9capeuse polyvalente, draineuse, d\u00e9feutreur, sablage en nappe, sablage centrifuge, incorporation de sable, nivelage et a\u00e9ration des terrains de sport","breadcrumb":{"@id":"https:\/\/mge-greenservice.com\/w\/gkb\/gkb-machines-pour-terrains-engazonnes#breadcrumb"},"inLanguage":"fr-FR","potentialAction":[{"@type":"ReadAction","target":["https:\/\/mge-greenservice.com\/w\/gkb\/gkb-machines-pour-terrains-engazonnes"]}]},{"@type":"BreadcrumbList","@id":"https:\/\/mge-greenservice.com\/w\/gkb\/gkb-machines-pour-terrains-engazonnes#breadcrumb","itemListElement":[{"@type":"ListItem","position":1,"name":"Accueil","item":"https:\/\/mge-greenservice.com\/w\/"},{"@type":"ListItem","position":2,"name":"GKB, r\u00e9novation \/ entretien de sols sportifs engazonn\u00e9s et de terrains synth\u00e9tiques","item":"https:\/\/mge-greenservice.com\/w\/gkb\/"},{"@type":"ListItem","position":3,"name":"GKB Machines pour terrains engazonn\u00e9s"}]},{"@type":"WebSite","@id":"https:\/\/mge-greenservice.com\/w\/#website","url":"https:\/\/mge-greenservice.com\/w\/","name":"MGE Green Service","description":"L&#039;avenir s&#039;\u00e9crit en Vert","publisher":{"@id":"https:\/\/mge-greenservice.com\/w\/#organization"},"potentialAction":[{"@type":"SearchAction","target":{"@type":"EntryPoint","urlTemplate":"https:\/\/mge-greenservice.com\/w\/?s={search_term_string}"},"query-input":{"@type":"PropertyValueSpecification","valueRequired":true,"valueName":"search_term_string"}}],"inLanguage":"fr-FR"},{"@type":"Organization","@id":"https:\/\/mge-greenservice.com\/w\/#organization","name":"MGE Green Service","url":"https:\/\/mge-greenservice.com\/w\/","logo":{"@type":"ImageObject","inLanguage":"fr-FR","@id":"https:\/\/mge-greenservice.com\/w\/#\/schema\/logo\/image\/","url":"https:\/\/mge-greenservice.com\/w\/wp-content\/uploads\/2014\/06\/MGE-Green-service-logo-header.png","contentUrl":"https:\/\/mge-greenservice.com\/w\/wp-content\/uploads\/2014\/06\/MGE-Green-service-logo-header.png","width":295,"height":75,"caption":"MGE Green Service"},"image":{"@id":"https:\/\/mge-greenservice.com\/w\/#\/schema\/logo\/image\/"}}]}},"amp_enabled":false,"_links":{"self":[{"href":"https:\/\/mge-greenservice.com\/w\/wp-json\/wp\/v2\/pages\/1655","targetHints":{"allow":["GET"]}}],"collection":[{"href":"https:\/\/mge-greenservice.com\/w\/wp-json\/wp\/v2\/pages"}],"about":[{"href":"https:\/\/mge-greenservice.com\/w\/wp-json\/wp\/v2\/types\/page"}],"author":[{"embeddable":true,"href":"https:\/\/mge-greenservice.com\/w\/wp-json\/wp\/v2\/users\/2"}],"replies":[{"embeddable":true,"href":"https:\/\/mge-greenservice.com\/w\/wp-json\/wp\/v2\/comments?post=1655"}],"version-history":[{"count":1,"href":"https:\/\/mge-greenservice.com\/w\/wp-json\/wp\/v2\/pages\/1655\/revisions"}],"predecessor-version":[{"id":1656,"href":"https:\/\/mge-greenservice.com\/w\/wp-json\/wp\/v2\/pages\/1655\/revisions\/1656"}],"up":[{"embeddable":true,"href":"https:\/\/mge-greenservice.com\/w\/wp-json\/wp\/v2\/pages\/44"}],"wp:attachment":[{"href":"https:\/\/mge-greenservice.com\/w\/wp-json\/wp\/v2\/media?parent=1655"}],"curies":[{"name":"wp","href":"https:\/\/api.w.org\/{rel}","templated":true}]}}