{"id":1966,"date":"2015-08-26T15:59:49","date_gmt":"2015-08-26T14:59:49","guid":{"rendered":"http:\/\/mge-greenservice.com\/w\/?page_id=1966"},"modified":"2025-11-05T14:58:54","modified_gmt":"2025-11-05T13:58:54","slug":"timberwolf","status":"publish","type":"page","link":"https:\/\/mge-greenservice.com\/w\/timberwolf\/","title":{"rendered":"Timberwolf &#8211; Broyeurs professionnels de branches et de v\u00e9g\u00e9taux et d\u00e9chiqueteurs"},"content":{"rendered":"<p><div class=\"fusion-fullwidth fullwidth-box fusion-builder-row-1 fusion-flex-container nonhundred-percent-fullwidth non-hundred-percent-height-scrolling\" style=\"--awb-border-radius-top-left:0px;--awb-border-radius-top-right:0px;--awb-border-radius-bottom-right:0px;--awb-border-radius-bottom-left:0px;--awb-flex-wrap:wrap;\" ><div class=\"fusion-builder-row fusion-row fusion-flex-align-items-flex-start fusion-flex-content-wrap\" style=\"max-width:1144px;margin-left: calc(-4% \/ 2 );margin-right: calc(-4% \/ 2 );\"><div class=\"fusion-layout-column fusion_builder_column fusion-builder-column-0 fusion_builder_column_1_1 1_1 fusion-flex-column\" style=\"--awb-bg-size:cover;--awb-width-large:100%;--awb-margin-top-large:0px;--awb-spacing-right-large:1.92%;--awb-margin-bottom-large:0px;--awb-spacing-left-large:1.92%;--awb-width-medium:100%;--awb-spacing-right-medium:1.92%;--awb-spacing-left-medium:1.92%;--awb-width-small:100%;--awb-spacing-right-small:1.92%;--awb-spacing-left-small:1.92%;\"><div class=\"fusion-column-wrapper fusion-flex-justify-content-flex-start fusion-content-layout-column\"><div class=\"fusion-text fusion-text-1\"><p>&nbsp;<\/p>\n<p><a href=\"https:\/\/mge-greenservice.com\/w\/wp-content\/uploads\/2023\/05\/TW-280HB-HYBRID.jpg\"><img decoding=\"async\" class=\"lazyload alignnone wp-image-16040 size-large\" src=\"https:\/\/mge-greenservice.com\/w\/wp-content\/uploads\/2023\/05\/TW-280HB-HYBRID-1024x683.jpg\" data-orig-src=\"https:\/\/mge-greenservice.com\/w\/wp-content\/uploads\/2023\/05\/TW-280HB-HYBRID-1024x683.jpg\" alt=\"\" width=\"1024\" height=\"683\" srcset=\"data:image\/svg+xml,%3Csvg%20xmlns%3D%27http%3A%2F%2Fwww.w3.org%2F2000%2Fsvg%27%20width%3D%271024%27%20height%3D%27683%27%20viewBox%3D%270%200%201024%20683%27%3E%3Crect%20width%3D%271024%27%20height%3D%27683%27%20fill-opacity%3D%220%22%2F%3E%3C%2Fsvg%3E\" data-srcset=\"https:\/\/mge-greenservice.com\/w\/wp-content\/uploads\/2023\/05\/TW-280HB-HYBRID-200x133.jpg 200w, https:\/\/mge-greenservice.com\/w\/wp-content\/uploads\/2023\/05\/TW-280HB-HYBRID-300x200.jpg 300w, https:\/\/mge-greenservice.com\/w\/wp-content\/uploads\/2023\/05\/TW-280HB-HYBRID-400x267.jpg 400w, https:\/\/mge-greenservice.com\/w\/wp-content\/uploads\/2023\/05\/TW-280HB-HYBRID-600x400.jpg 600w, https:\/\/mge-greenservice.com\/w\/wp-content\/uploads\/2023\/05\/TW-280HB-HYBRID-768x512.jpg 768w, https:\/\/mge-greenservice.com\/w\/wp-content\/uploads\/2023\/05\/TW-280HB-HYBRID-800x533.jpg 800w, https:\/\/mge-greenservice.com\/w\/wp-content\/uploads\/2023\/05\/TW-280HB-HYBRID-1024x683.jpg 1024w, https:\/\/mge-greenservice.com\/w\/wp-content\/uploads\/2023\/05\/TW-280HB-HYBRID-1200x800.jpg 1200w, https:\/\/mge-greenservice.com\/w\/wp-content\/uploads\/2023\/05\/TW-280HB-HYBRID-1536x1024.jpg 1536w\" data-sizes=\"auto\" data-orig-sizes=\"(max-width: 1024px) 100vw, 1024px\" \/><\/a><\/p>\n<p>D\u00e9couvrez nos broyeurs de branches et d\u00e9chiqueteurs de v\u00e9g\u00e9taux TIMBERWOLF<\/p>\n<h2>La gamme de broyeurs professionnels de branches* et de d\u00e9chiqueteurs de\u00a0 v\u00e9g\u00e9taux TIMBERWOLF, une r\u00e9f\u00e9rence en Europe<\/h2>\n<p>La gamme PRO de<a href=\"https:\/\/fr.wikipedia.org\/wiki\/Broyeur_de_v%C3%A9g%C3%A9taux\" target=\"_blank\" rel=\"noopener noreferrer\"> broyeurs de branches et de v\u00e9g\u00e9taux<\/a> et de d\u00e9chiqueteurs TIMBERWOLF est construite par l&#8217;un des leaders europ\u00e9ens du secteur, leader sur son march\u00e9 domestique (Royaume-Uni). Construits dans une usine int\u00e9gr\u00e9e de type ISO 9000 et s&#8217;appuyant sur une qualit\u00e9 de fabrication et un syst\u00e8me de contr\u00f4le qualit\u00e9 sans faille, les produits TIMBERWOLF font appel aux meilleurs composants du march\u00e9 : moteurs KUBOTA (diesel ou essence), HONDA (essence), composants AL-KO (essieux, syst\u00e8mes de freinage,&#8230;).<\/p>\n<p><span style=\"font-size: 12pt;\"><strong>D\u00e9couvrez la gamme de broyeurs sur ch\u00e2ssis routiers et sur chenilles \u00e9quip\u00e9s avec des moteurs conformes aux nouvelles normes anti-pollution Stage 5.<\/strong><\/span><\/p>\n<p style=\"text-align: center;\">\u00a0<\/p>\n<\/div><div style=\"text-align:center;\"><a class=\"fusion-button button-flat button-xlarge button-orange fusion-button-orange button-1 fusion-button-default-span \" style=\"--button_text_transform:none;--button_margin-top:30px;--button_margin-bottom:50px;\" target=\"_blank\" rel=\"noopener noreferrer\" href=\"https:\/\/mge-greenservice.com\/w\/wp-content\/uploads\/2025\/11\/Documentation-complete-TW-2025.pdf\"><i class=\"fa-file-pdf fas awb-button__icon awb-button__icon--default button-icon-left\" aria-hidden=\"true\"><\/i><span class=\"fusion-button-text awb-button__text awb-button__text--default\">Cliquez ici pour t\u00e9l\u00e9charger notre Catalogue Timberwolf<\/span><\/a><\/div><\/div><\/div><\/div><\/div><div class=\"fusion-fullwidth fullwidth-box fusion-builder-row-2 hundred-percent-fullwidth non-hundred-percent-height-scrolling\" style=\"--awb-border-radius-top-left:0px;--awb-border-radius-top-right:0px;--awb-border-radius-bottom-right:0px;--awb-border-radius-bottom-left:0px;--awb-overflow:visible;--awb-flex-wrap:wrap;\" ><div class=\"fusion-builder-row fusion-row\"><div class=\"fusion-layout-column fusion_builder_column fusion-builder-column-1 fusion_builder_column_1_1 1_1 fusion-one-full fusion-column-first fusion-column-last fusion-column-no-min-height\" style=\"--awb-bg-size:cover;--awb-margin-bottom:0px;\"><div class=\"fusion-column-wrapper fusion-flex-column-wrapper-legacy\"><div class=\"fusion-text fusion-text-2\"><h3>VOUS SOUHAITEZ DEVENIR CONCESSIONNAIRE TIMBERWOLF ? CONTACTEZ MGE AU TEL. 02 43 23 09 10.<\/h3>\n<p>La gamme TIMBERWOLF est import\u00e9e en France par MGE GREEN SERVICE. La distribution s&#8217;op\u00e8re uniquement via des revendeurs TIMBERWOLF concessionnaires agr\u00e9\u00e9s et form\u00e9s, capables du meilleur service depuis la mise en route (y compris la formation) jusqu&#8217;au service apr\u00e8s-vente (pi\u00e8ces d\u00e9tach\u00e9es, entretien courant des mat\u00e9riels).<\/p>\n<blockquote>\n<p><em><a href=\"https:\/\/mge-greenservice.com\/w\/wp-content\/uploads\/2020\/08\/TW-230HB-Petrol-e1597237781299.png\"><img decoding=\"async\" class=\"lazyload aligncenter size-full wp-image-7777\" src=\"data:image\/svg+xml,%3Csvg%20xmlns%3D%27http%3A%2F%2Fwww.w3.org%2F2000%2Fsvg%27%20width%3D%27389%27%20height%3D%27259%27%20viewBox%3D%270%200%20389%20259%27%3E%3Crect%20width%3D%27389%27%20height%3D%27259%27%20fill-opacity%3D%220%22%2F%3E%3C%2Fsvg%3E\" data-orig-src=\"https:\/\/mge-greenservice.com\/w\/wp-content\/uploads\/2020\/08\/TW-230HB-Petrol-e1597237781299.png\" alt=\"\" width=\"389\" height=\"259\" \/><\/a>\u00a0<\/em><\/p>\n<\/blockquote>\n<p>&nbsp;<\/p>\n<p>Sur <a href=\"http:\/\/mge-greenservice.com\/w\/broyeurs-de-branches-timberwolf\/broyeurs-de-branches-timberwolf-traines-sur-chassis-routiers\">chassis routier<\/a>, sur <a href=\"http:\/\/mge-greenservice.com\/w\/broyeurs-de-branches-timberwolf\/broyeur-de-branches-et-de-vegetaux-automoteurs-sur-chenilles-timberwolf\">chenilles<\/a>, \u00e0 <a href=\"http:\/\/mge-greenservice.com\/w\/broyeurs-de-branches-timberwolf\/dechiqueteurs-de-vegetaux-recycleurs-a-marteaux\">marteaux<\/a>, pour <a href=\"http:\/\/mge-greenservice.com\/w\/broyeurs-de-branches-timberwolf\/broyeurs-de-branches-et-de-vegetaux-pour-tracteurs-entrainement-par-prise-de-force\">tracteur<\/a>, ou bien <a href=\"http:\/\/mge-greenservice.com\/w\/broyeurs-de-branches-timberwolf\/broyeurs-de-branches-et-de-vegetaux-compacts-timberwolf\">compact<\/a>, vous trouverez ci-dessous toutes nos gammes de produits relatives aux broyeurs de v\u00e9g\u00e9taux et d\u00e9chiqueteurs :<\/p>\n<\/div><div class=\"fusion-clearfix\"><\/div><\/div><\/div><\/div><\/div><\/p>\n","protected":false},"excerpt":{"rendered":"","protected":false},"author":2,"featured_media":0,"parent":0,"menu_order":0,"comment_status":"closed","ping_status":"closed","template":"produits.php","meta":{"_acf_changed":false,"footnotes":""},"class_list":["post-1966","page","type-page","status-publish","hentry"],"acf":[],"yoast_head":"<!-- This site is optimized with the Yoast SEO plugin v27.2 - https:\/\/yoast.com\/product\/yoast-seo-wordpress\/ -->\n<title>Broyeurs de branches et de v\u00e9g\u00e9taux professionnels Timberwolf<\/title>\n<meta name=\"description\" content=\"Nos broyeurs PRO de branches Timberwolf de qualit\u00e9 type ISO 9000 font appel aux meilleurs composants du march\u00e9 : moteurs KUBOTA ou HONDA, composants AL-KO\" \/>\n<meta name=\"robots\" content=\"index, follow, max-snippet:-1, max-image-preview:large, max-video-preview:-1\" \/>\n<link rel=\"canonical\" href=\"https:\/\/mge-greenservice.com\/w\/broyeurs-de-branches-timberwolf\/\" \/>\n<meta property=\"og:locale\" content=\"fr_FR\" \/>\n<meta property=\"og:type\" content=\"article\" \/>\n<meta property=\"og:title\" content=\"Broyeurs de branches et de v\u00e9g\u00e9taux professionnels Timberwolf\" \/>\n<meta property=\"og:description\" content=\"Nos broyeurs PRO de branches Timberwolf de qualit\u00e9 type ISO 9000 font appel aux meilleurs composants du march\u00e9 : moteurs KUBOTA ou HONDA, composants AL-KO\" \/>\n<meta property=\"og:url\" content=\"https:\/\/mge-greenservice.com\/w\/broyeurs-de-branches-timberwolf\" \/>\n<meta property=\"og:site_name\" content=\"MGE Green Service\" \/>\n<meta property=\"article:modified_time\" content=\"2025-11-05T13:58:54+00:00\" \/>\n<meta property=\"og:image\" content=\"https:\/\/mge-greenservice.com\/w\/wp-content\/uploads\/2023\/05\/TW-280HB-HYBRID-1024x683.jpg\" \/>\n\t<meta property=\"og:image:width\" content=\"1024\" \/>\n\t<meta property=\"og:image:height\" content=\"683\" \/>\n\t<meta property=\"og:image:type\" content=\"image\/jpeg\" \/>\n<meta name=\"twitter:label1\" content=\"Dur\u00e9e de lecture estim\u00e9e\" \/>\n\t<meta name=\"twitter:data1\" content=\"2 minutes\" \/>\n<!-- \/ Yoast SEO plugin. -->","yoast_head_json":{"title":"Broyeurs de branches et de v\u00e9g\u00e9taux professionnels Timberwolf","description":"Nos broyeurs PRO de branches Timberwolf de qualit\u00e9 type ISO 9000 font appel aux meilleurs composants du march\u00e9 : moteurs KUBOTA ou HONDA, composants AL-KO","robots":{"index":"index","follow":"follow","max-snippet":"max-snippet:-1","max-image-preview":"max-image-preview:large","max-video-preview":"max-video-preview:-1"},"canonical":"https:\/\/mge-greenservice.com\/w\/broyeurs-de-branches-timberwolf\/","og_locale":"fr_FR","og_type":"article","og_title":"Broyeurs de branches et de v\u00e9g\u00e9taux professionnels Timberwolf","og_description":"Nos broyeurs PRO de branches Timberwolf de qualit\u00e9 type ISO 9000 font appel aux meilleurs composants du march\u00e9 : moteurs KUBOTA ou HONDA, composants AL-KO","og_url":"https:\/\/mge-greenservice.com\/w\/broyeurs-de-branches-timberwolf","og_site_name":"MGE Green Service","article_modified_time":"2025-11-05T13:58:54+00:00","og_image":[{"width":1024,"height":683,"url":"https:\/\/mge-greenservice.com\/w\/wp-content\/uploads\/2023\/05\/TW-280HB-HYBRID-1024x683.jpg","type":"image\/jpeg"}],"twitter_misc":{"Dur\u00e9e de lecture estim\u00e9e":"2 minutes"},"schema":{"@context":"https:\/\/schema.org","@graph":[{"@type":"WebPage","@id":"https:\/\/mge-greenservice.com\/w\/timberwolf\/","url":"https:\/\/mge-greenservice.com\/w\/broyeurs-de-branches-timberwolf","name":"Broyeurs de branches et de v\u00e9g\u00e9taux professionnels Timberwolf","isPartOf":{"@id":"https:\/\/mge-greenservice.com\/w\/#website"},"primaryImageOfPage":{"@id":"https:\/\/mge-greenservice.com\/w\/broyeurs-de-branches-timberwolf#primaryimage"},"image":{"@id":"https:\/\/mge-greenservice.com\/w\/broyeurs-de-branches-timberwolf#primaryimage"},"thumbnailUrl":"https:\/\/mge-greenservice.com\/w\/wp-content\/uploads\/2023\/05\/TW-280HB-HYBRID-1024x683.jpg","datePublished":"2015-08-26T14:59:49+00:00","dateModified":"2025-11-05T13:58:54+00:00","description":"Nos broyeurs PRO de branches Timberwolf de qualit\u00e9 type ISO 9000 font appel aux meilleurs composants du march\u00e9 : moteurs KUBOTA ou HONDA, composants AL-KO","breadcrumb":{"@id":"https:\/\/mge-greenservice.com\/w\/broyeurs-de-branches-timberwolf#breadcrumb"},"inLanguage":"fr-FR","potentialAction":[{"@type":"ReadAction","target":["https:\/\/mge-greenservice.com\/w\/broyeurs-de-branches-timberwolf"]}]},{"@type":"ImageObject","inLanguage":"fr-FR","@id":"https:\/\/mge-greenservice.com\/w\/broyeurs-de-branches-timberwolf#primaryimage","url":"https:\/\/mge-greenservice.com\/w\/wp-content\/uploads\/2023\/05\/TW-280HB-HYBRID.jpg","contentUrl":"https:\/\/mge-greenservice.com\/w\/wp-content\/uploads\/2023\/05\/TW-280HB-HYBRID.jpg","width":2250,"height":1500},{"@type":"BreadcrumbList","@id":"https:\/\/mge-greenservice.com\/w\/broyeurs-de-branches-timberwolf#breadcrumb","itemListElement":[{"@type":"ListItem","position":1,"name":"Accueil","item":"https:\/\/mge-greenservice.com\/w\/"},{"@type":"ListItem","position":2,"name":"Timberwolf &#8211; Broyeurs professionnels de branches et de v\u00e9g\u00e9taux et d\u00e9chiqueteurs"}]},{"@type":"WebSite","@id":"https:\/\/mge-greenservice.com\/w\/#website","url":"https:\/\/mge-greenservice.com\/w\/","name":"MGE Green Service","description":"L&#039;avenir s&#039;\u00e9crit en Vert","publisher":{"@id":"https:\/\/mge-greenservice.com\/w\/#organization"},"potentialAction":[{"@type":"SearchAction","target":{"@type":"EntryPoint","urlTemplate":"https:\/\/mge-greenservice.com\/w\/?s={search_term_string}"},"query-input":{"@type":"PropertyValueSpecification","valueRequired":true,"valueName":"search_term_string"}}],"inLanguage":"fr-FR"},{"@type":"Organization","@id":"https:\/\/mge-greenservice.com\/w\/#organization","name":"MGE Green Service","url":"https:\/\/mge-greenservice.com\/w\/","logo":{"@type":"ImageObject","inLanguage":"fr-FR","@id":"https:\/\/mge-greenservice.com\/w\/#\/schema\/logo\/image\/","url":"https:\/\/mge-greenservice.com\/w\/wp-content\/uploads\/2014\/06\/MGE-Green-service-logo-header.png","contentUrl":"https:\/\/mge-greenservice.com\/w\/wp-content\/uploads\/2014\/06\/MGE-Green-service-logo-header.png","width":295,"height":75,"caption":"MGE Green Service"},"image":{"@id":"https:\/\/mge-greenservice.com\/w\/#\/schema\/logo\/image\/"}}]}},"amp_enabled":false,"_links":{"self":[{"href":"https:\/\/mge-greenservice.com\/w\/wp-json\/wp\/v2\/pages\/1966","targetHints":{"allow":["GET"]}}],"collection":[{"href":"https:\/\/mge-greenservice.com\/w\/wp-json\/wp\/v2\/pages"}],"about":[{"href":"https:\/\/mge-greenservice.com\/w\/wp-json\/wp\/v2\/types\/page"}],"author":[{"embeddable":true,"href":"https:\/\/mge-greenservice.com\/w\/wp-json\/wp\/v2\/users\/2"}],"replies":[{"embeddable":true,"href":"https:\/\/mge-greenservice.com\/w\/wp-json\/wp\/v2\/comments?post=1966"}],"version-history":[{"count":24,"href":"https:\/\/mge-greenservice.com\/w\/wp-json\/wp\/v2\/pages\/1966\/revisions"}],"predecessor-version":[{"id":52008,"href":"https:\/\/mge-greenservice.com\/w\/wp-json\/wp\/v2\/pages\/1966\/revisions\/52008"}],"wp:attachment":[{"href":"https:\/\/mge-greenservice.com\/w\/wp-json\/wp\/v2\/media?parent=1966"}],"curies":[{"name":"wp","href":"https:\/\/api.w.org\/{rel}","templated":true}]}}