{"id":2470,"date":"2016-06-01T11:04:06","date_gmt":"2016-06-01T10:04:06","guid":{"rendered":"http:\/\/mge-greenservice.com\/w\/?page_id=2470"},"modified":"2023-08-02T08:28:29","modified_gmt":"2023-08-02T07:28:29","slug":"carlton","status":"publish","type":"page","link":"https:\/\/mge-greenservice.com\/w\/carlton\/","title":{"rendered":"Rogneuse de souches professionnelle \/ Dessoucheuse CARLTON"},"content":{"rendered":"<p><div class=\"fusion-fullwidth fullwidth-box fusion-builder-row-1 nonhundred-percent-fullwidth non-hundred-percent-height-scrolling\" style=\"--awb-border-radius-top-left:0px;--awb-border-radius-top-right:0px;--awb-border-radius-bottom-right:0px;--awb-border-radius-bottom-left:0px;--awb-flex-wrap:wrap;\" ><div class=\"fusion-builder-row fusion-row\"><div class=\"fusion-layout-column fusion_builder_column fusion-builder-column-0 fusion_builder_column_1_1 1_1 fusion-one-full fusion-column-first fusion-column-last\" style=\"--awb-bg-size:cover;--awb-margin-bottom:0px;\"><div class=\"fusion-column-wrapper fusion-flex-column-wrapper-legacy\"><div class=\"fusion-text fusion-text-1\"><p><a href=\"https:\/\/mge-greenservice.com\/w\/wp-content\/uploads\/2020\/07\/SP5014-IMG_3090-scaled.jpg\"><img decoding=\"async\" class=\"lazyload alignnone wp-image-6927 size-large\" src=\"https:\/\/mge-greenservice.com\/w\/wp-content\/uploads\/2020\/07\/SP5014-IMG_3090-1024x683.jpg\" data-orig-src=\"https:\/\/mge-greenservice.com\/w\/wp-content\/uploads\/2020\/07\/SP5014-IMG_3090-1024x683.jpg\" alt=\"\" width=\"1024\" height=\"683\" srcset=\"data:image\/svg+xml,%3Csvg%20xmlns%3D%27http%3A%2F%2Fwww.w3.org%2F2000%2Fsvg%27%20width%3D%271024%27%20height%3D%27683%27%20viewBox%3D%270%200%201024%20683%27%3E%3Crect%20width%3D%271024%27%20height%3D%27683%27%20fill-opacity%3D%220%22%2F%3E%3C%2Fsvg%3E\" data-srcset=\"https:\/\/mge-greenservice.com\/w\/wp-content\/uploads\/2020\/07\/SP5014-IMG_3090-200x133.jpg 200w, https:\/\/mge-greenservice.com\/w\/wp-content\/uploads\/2020\/07\/SP5014-IMG_3090-300x200.jpg 300w, https:\/\/mge-greenservice.com\/w\/wp-content\/uploads\/2020\/07\/SP5014-IMG_3090-400x267.jpg 400w, https:\/\/mge-greenservice.com\/w\/wp-content\/uploads\/2020\/07\/SP5014-IMG_3090-600x400.jpg 600w, https:\/\/mge-greenservice.com\/w\/wp-content\/uploads\/2020\/07\/SP5014-IMG_3090-768x512.jpg 768w, https:\/\/mge-greenservice.com\/w\/wp-content\/uploads\/2020\/07\/SP5014-IMG_3090-800x533.jpg 800w, https:\/\/mge-greenservice.com\/w\/wp-content\/uploads\/2020\/07\/SP5014-IMG_3090-1024x683.jpg 1024w, https:\/\/mge-greenservice.com\/w\/wp-content\/uploads\/2020\/07\/SP5014-IMG_3090-1200x800.jpg 1200w, https:\/\/mge-greenservice.com\/w\/wp-content\/uploads\/2020\/07\/SP5014-IMG_3090-1536x1024.jpg 1536w\" data-sizes=\"auto\" data-orig-sizes=\"(max-width: 1024px) 100vw, 1024px\" \/><\/a><\/p>\n<p>&nbsp;<\/p>\n<p>D\u00e9couvrez nos\u00a0rogneuses de souches CARLTON<\/p>\n<h2>LA GAMME DE ROGNEUSES DE SOUCHES \/ DESSOUCHEUSE CARLTON POUR LES PROFESSIONNELS EXIGEANTS<\/h2>\n<p>Inventeur de la 1\u00e8re rogneuse de souches de l&#8217;histoire, CARLTON continue d&#8217;innover dans la technique du rognage avec le &#8220;Razor cutting device&#8221; et ses syst\u00e8mes de pilotage radiocommand\u00e9s.<\/p>\n<p>&nbsp;<\/p>\n<h3>VOUS SOUHAITEZ DEVENIR CONCESSIONNAIRE CARLTON\u00a0? CONTACTEZ NOUS\u00a0AU TEL. 02 43 23 09 10.<\/h3>\n<p>La gamme CARLTON\u00a0est import\u00e9e en France et dans quelques autres pays europ\u00e9ens par MGE GREEN SERVICE. La distribution s&#8217;op\u00e8re uniquement via des revendeurs CARLTON\u00a0concessionnaires agr\u00e9\u00e9s et form\u00e9s, capables du meilleur service depuis la mise en route (y compris la formation) jusqu&#8217;au service apr\u00e8s-vente (pi\u00e8ces d\u00e9tach\u00e9es, entretien courant des mat\u00e9riels). Nos mat\u00e9riels CARLTON sont aux normes CE en vigueur, sont fournis avec toutes la signalitique adh\u00e9sive et avec un manuel op\u00e9rateur en fran\u00e7ais.\u00a0<\/p>\n<\/div><div class=\"fusion-text fusion-text-2\"><p>Le syst\u00e8me de rognage CARLTON Razor Cutting System est tout simplement exceptionnel. Les dents \u00e9paisses en carbure fix\u00e9es sur les supports de dents ultra-robustes et le disque en Hardox \u00e9vid\u00e9 (construit par Carlton, avec passage augment\u00e9 de mati\u00e8re), procurent une capacit\u00e9 de coupe tr\u00e8s \u00e9lev\u00e9e. Le rognage est donc tr\u00e8s rapide avec un minimum de projections de copeaux. Les dents Razor ont un large tranchant en carbure limitant le foisonnement. La qualit\u00e9 du carbure et de son grain tr\u00e8s fin et tr\u00e8s dur r\u00e9duit l&#8217;usure. C&#8217;est sans conteste le syst\u00e8me le plus performant du march\u00e9, apportant le meilleur rendement en r\u00e9duisant le temps d&#8217;\u00e9vacuation des copeaux.<\/p>\n<\/div><div class=\"fusion-clearfix\"><\/div><\/div><\/div><\/div><\/div><div class=\"fusion-fullwidth fullwidth-box fusion-builder-row-2 hundred-percent-fullwidth non-hundred-percent-height-scrolling\" style=\"--awb-border-radius-top-left:0px;--awb-border-radius-top-right:0px;--awb-border-radius-bottom-right:0px;--awb-border-radius-bottom-left:0px;--awb-overflow:visible;--awb-flex-wrap:wrap;\" ><div class=\"fusion-builder-row fusion-row\"><div class=\"fusion-layout-column fusion_builder_column fusion-builder-column-1 fusion_builder_column_1_1 1_1 fusion-one-full fusion-column-first fusion-column-last fusion-column-no-min-height\" style=\"--awb-bg-size:cover;--awb-margin-bottom:0px;\"><div class=\"fusion-column-wrapper fusion-flex-column-wrapper-legacy\"><div class=\"fusion-text fusion-text-3\"><div id=\"attachment_2477\" style=\"width: 310px\" class=\"wp-caption aligncenter\"><a href=\"http:\/\/mge-greenservice.com\/w\/wp-content\/uploads\/2016\/06\/6-IMG_0260-e1464775040446.jpg\" rel=\"attachment wp-att-2477\"><img decoding=\"async\" aria-describedby=\"caption-attachment-2477\" class=\"lazyload size-medium wp-image-2477\" src=\"data:image\/svg+xml,%3Csvg%20xmlns%3D%27http%3A%2F%2Fwww.w3.org%2F2000%2Fsvg%27%20width%3D%27300%27%20height%3D%27200%27%20viewBox%3D%270%200%20300%20200%27%3E%3Crect%20width%3D%27300%27%20height%3D%27200%27%20fill-opacity%3D%220%22%2F%3E%3C%2Fsvg%3E\" data-orig-src=\"http:\/\/mge-greenservice.com\/w\/wp-content\/uploads\/2016\/06\/6-IMG_0260-300x200.jpg\" alt=\"Rogneuses de souches CARLTON sur roues et sur chenilles\" width=\"300\" height=\"200\" \/><\/a><p id=\"caption-attachment-2477\" class=\"wp-caption-text\">Rogneuses de souches CARLTON sur roues et sur chenilles<\/p><\/div>\n<p>MGE Greenservice, <strong>expert en rogneuses de souches,<\/strong> est \u00e0 votre \u00e9coute pour toutes questions techniques relatives \u00e0 nos produits. N&#8217;h\u00e9sitez pas \u00e0 nous contacter !<\/p>\n<p>Rogneuses compacts \u00e0 conducteur marchant, rogneuses autotract\u00e9es sur roues, rogneuses autotract\u00e9es sur chenilles, \u00e0 commandes manuelles, rogneuses radiocommand\u00e9es avec ou sans fil, vous trouverez tous nos mod\u00e8les de\u00a0rogneuses de souches CARLTON<\/p>\n<\/div><div class=\"fusion-clearfix\"><\/div><\/div><\/div><\/div><\/div><\/p>\n","protected":false},"excerpt":{"rendered":"","protected":false},"author":2,"featured_media":0,"parent":0,"menu_order":0,"comment_status":"closed","ping_status":"closed","template":"produits.php","meta":{"_acf_changed":false,"footnotes":""},"class_list":["post-2470","page","type-page","status-publish","hentry"],"acf":[],"yoast_head":"<!-- This site is optimized with the Yoast SEO plugin v27.2 - https:\/\/yoast.com\/product\/yoast-seo-wordpress\/ -->\n<title>Rogneuse de souches professionnelle \/ Dessoucheuse CARLTON<\/title>\n<meta name=\"description\" content=\"Dessoucheuse \/ Rogneuses de souches de 13 \u00e0 250 CV, pilotage manuel \/ radiocommand\u00e9, sur roues ou sur chenilles, lame niveleuse pour \u00e9vacuer les copeaux\" \/>\n<meta name=\"robots\" content=\"index, follow, max-snippet:-1, max-image-preview:large, max-video-preview:-1\" \/>\n<link rel=\"canonical\" href=\"https:\/\/mge-greenservice.com\/w\/rogneuses-de-souches-carlton\/\" \/>\n<meta property=\"og:locale\" content=\"fr_FR\" \/>\n<meta property=\"og:type\" content=\"article\" \/>\n<meta property=\"og:title\" content=\"Rogneuse de souches professionnelle \/ Dessoucheuse CARLTON\" \/>\n<meta property=\"og:description\" content=\"Dessoucheuse \/ Rogneuses de souches de 13 \u00e0 250 CV, pilotage manuel \/ radiocommand\u00e9, sur roues ou sur chenilles, lame niveleuse pour \u00e9vacuer les copeaux\" \/>\n<meta property=\"og:url\" content=\"https:\/\/mge-greenservice.com\/w\/rogneuses-de-souches-carlton\" \/>\n<meta property=\"og:site_name\" content=\"MGE Green Service\" \/>\n<meta property=\"article:modified_time\" content=\"2023-08-02T07:28:29+00:00\" \/>\n<meta property=\"og:image\" content=\"https:\/\/mge-greenservice.com\/w\/wp-content\/uploads\/2020\/07\/SP5014-IMG_3090-1024x683.jpg\" \/>\n<meta name=\"twitter:label1\" content=\"Dur\u00e9e de lecture estim\u00e9e\" \/>\n\t<meta name=\"twitter:data1\" content=\"3 minutes\" \/>\n<!-- \/ Yoast SEO plugin. -->","yoast_head_json":{"title":"Rogneuse de souches professionnelle \/ Dessoucheuse CARLTON","description":"Dessoucheuse \/ Rogneuses de souches de 13 \u00e0 250 CV, pilotage manuel \/ radiocommand\u00e9, sur roues ou sur chenilles, lame niveleuse pour \u00e9vacuer les copeaux","robots":{"index":"index","follow":"follow","max-snippet":"max-snippet:-1","max-image-preview":"max-image-preview:large","max-video-preview":"max-video-preview:-1"},"canonical":"https:\/\/mge-greenservice.com\/w\/rogneuses-de-souches-carlton\/","og_locale":"fr_FR","og_type":"article","og_title":"Rogneuse de souches professionnelle \/ Dessoucheuse CARLTON","og_description":"Dessoucheuse \/ Rogneuses de souches de 13 \u00e0 250 CV, pilotage manuel \/ radiocommand\u00e9, sur roues ou sur chenilles, lame niveleuse pour \u00e9vacuer les copeaux","og_url":"https:\/\/mge-greenservice.com\/w\/rogneuses-de-souches-carlton","og_site_name":"MGE Green Service","article_modified_time":"2023-08-02T07:28:29+00:00","og_image":[{"url":"https:\/\/mge-greenservice.com\/w\/wp-content\/uploads\/2020\/07\/SP5014-IMG_3090-1024x683.jpg","type":"","width":"","height":""}],"twitter_misc":{"Dur\u00e9e de lecture estim\u00e9e":"3 minutes"},"schema":{"@context":"https:\/\/schema.org","@graph":[{"@type":"WebPage","@id":"https:\/\/mge-greenservice.com\/w\/carlton\/","url":"https:\/\/mge-greenservice.com\/w\/rogneuses-de-souches-carlton","name":"Rogneuse de souches professionnelle \/ Dessoucheuse CARLTON","isPartOf":{"@id":"https:\/\/mge-greenservice.com\/w\/#website"},"primaryImageOfPage":{"@id":"https:\/\/mge-greenservice.com\/w\/rogneuses-de-souches-carlton#primaryimage"},"image":{"@id":"https:\/\/mge-greenservice.com\/w\/rogneuses-de-souches-carlton#primaryimage"},"thumbnailUrl":"https:\/\/mge-greenservice.com\/w\/wp-content\/uploads\/2020\/07\/SP5014-IMG_3090-1024x683.jpg","datePublished":"2016-06-01T10:04:06+00:00","dateModified":"2023-08-02T07:28:29+00:00","description":"Dessoucheuse \/ Rogneuses de souches de 13 \u00e0 250 CV, pilotage manuel \/ radiocommand\u00e9, sur roues ou sur chenilles, lame niveleuse pour \u00e9vacuer les copeaux","breadcrumb":{"@id":"https:\/\/mge-greenservice.com\/w\/rogneuses-de-souches-carlton#breadcrumb"},"inLanguage":"fr-FR","potentialAction":[{"@type":"ReadAction","target":["https:\/\/mge-greenservice.com\/w\/rogneuses-de-souches-carlton"]}]},{"@type":"ImageObject","inLanguage":"fr-FR","@id":"https:\/\/mge-greenservice.com\/w\/rogneuses-de-souches-carlton#primaryimage","url":"https:\/\/mge-greenservice.com\/w\/wp-content\/uploads\/2020\/07\/SP5014-IMG_3090-scaled.jpg","contentUrl":"https:\/\/mge-greenservice.com\/w\/wp-content\/uploads\/2020\/07\/SP5014-IMG_3090-scaled.jpg","width":2560,"height":1707},{"@type":"BreadcrumbList","@id":"https:\/\/mge-greenservice.com\/w\/rogneuses-de-souches-carlton#breadcrumb","itemListElement":[{"@type":"ListItem","position":1,"name":"Accueil","item":"https:\/\/mge-greenservice.com\/w\/"},{"@type":"ListItem","position":2,"name":"Rogneuse de souches professionnelle \/ Dessoucheuse CARLTON"}]},{"@type":"WebSite","@id":"https:\/\/mge-greenservice.com\/w\/#website","url":"https:\/\/mge-greenservice.com\/w\/","name":"MGE Green Service","description":"L&#039;avenir s&#039;\u00e9crit en Vert","publisher":{"@id":"https:\/\/mge-greenservice.com\/w\/#organization"},"potentialAction":[{"@type":"SearchAction","target":{"@type":"EntryPoint","urlTemplate":"https:\/\/mge-greenservice.com\/w\/?s={search_term_string}"},"query-input":{"@type":"PropertyValueSpecification","valueRequired":true,"valueName":"search_term_string"}}],"inLanguage":"fr-FR"},{"@type":"Organization","@id":"https:\/\/mge-greenservice.com\/w\/#organization","name":"MGE Green Service","url":"https:\/\/mge-greenservice.com\/w\/","logo":{"@type":"ImageObject","inLanguage":"fr-FR","@id":"https:\/\/mge-greenservice.com\/w\/#\/schema\/logo\/image\/","url":"https:\/\/mge-greenservice.com\/w\/wp-content\/uploads\/2014\/06\/MGE-Green-service-logo-header.png","contentUrl":"https:\/\/mge-greenservice.com\/w\/wp-content\/uploads\/2014\/06\/MGE-Green-service-logo-header.png","width":295,"height":75,"caption":"MGE Green Service"},"image":{"@id":"https:\/\/mge-greenservice.com\/w\/#\/schema\/logo\/image\/"}}]}},"amp_enabled":false,"_links":{"self":[{"href":"https:\/\/mge-greenservice.com\/w\/wp-json\/wp\/v2\/pages\/2470","targetHints":{"allow":["GET"]}}],"collection":[{"href":"https:\/\/mge-greenservice.com\/w\/wp-json\/wp\/v2\/pages"}],"about":[{"href":"https:\/\/mge-greenservice.com\/w\/wp-json\/wp\/v2\/types\/page"}],"author":[{"embeddable":true,"href":"https:\/\/mge-greenservice.com\/w\/wp-json\/wp\/v2\/users\/2"}],"replies":[{"embeddable":true,"href":"https:\/\/mge-greenservice.com\/w\/wp-json\/wp\/v2\/comments?post=2470"}],"version-history":[{"count":20,"href":"https:\/\/mge-greenservice.com\/w\/wp-json\/wp\/v2\/pages\/2470\/revisions"}],"predecessor-version":[{"id":17372,"href":"https:\/\/mge-greenservice.com\/w\/wp-json\/wp\/v2\/pages\/2470\/revisions\/17372"}],"wp:attachment":[{"href":"https:\/\/mge-greenservice.com\/w\/wp-json\/wp\/v2\/media?parent=2470"}],"curies":[{"name":"wp","href":"https:\/\/api.w.org\/{rel}","templated":true}]}}