{"id":2481,"date":"2016-06-01T13:04:00","date_gmt":"2016-06-01T12:04:00","guid":{"rendered":"http:\/\/mge-greenservice.com\/w\/?page_id=2481"},"modified":"2021-06-30T14:50:13","modified_gmt":"2021-06-30T13:50:13","slug":"conducteur-marchant","status":"publish","type":"page","link":"https:\/\/mge-greenservice.com\/w\/carlton\/conducteur-marchant\/","title":{"rendered":"Rogneuses de souches CARLTON compactes \u00e0 conducteur marchant"},"content":{"rendered":"<h2>D\u00e9couvrez nos rogneuses de souches CARLTON compactes \u00e0 conducteur marchant\u00a0:<\/h2>\n<p>2 mod\u00e8les de rogneuses de souches CARLTON \u00e0 conducteur marchant\u00a0:<\/p>\n<ul>\n<li>900 H<\/li>\n<li>SP 2000<\/li>\n<\/ul>\n<p>&nbsp;<\/p>\n","protected":false},"excerpt":{"rendered":"<p>D\u00e9couvrez nos rogneuses de souches CARLTON compactes \u00e0 conducteur marchant\u00a0: 2 mod\u00e8les de rogneuses de souches CARLTON \u00e0 conducteur marchant\u00a0: 900 H SP 2000 &nbsp;<\/p>\n","protected":false},"author":2,"featured_media":0,"parent":2470,"menu_order":0,"comment_status":"closed","ping_status":"closed","template":"produits.php","meta":{"_acf_changed":false,"footnotes":""},"class_list":["post-2481","page","type-page","status-publish","hentry"],"acf":[],"yoast_head":"<!-- This site is optimized with the Yoast SEO plugin v27.2 - https:\/\/yoast.com\/product\/yoast-seo-wordpress\/ -->\n<title>Rogneuses de souches CARLTON compactes \u00e0 conducteur marchant<\/title>\n<meta name=\"robots\" content=\"index, follow, max-snippet:-1, max-image-preview:large, max-video-preview:-1\" \/>\n<link rel=\"canonical\" href=\"https:\/\/mge-greenservice.com\/w\/rogneuses-de-souches-carlton\/rogneuses-de-souches-carlton-compactes-a-conducteur-marchant\/\" \/>\n<meta property=\"og:locale\" content=\"fr_FR\" \/>\n<meta property=\"og:type\" content=\"article\" \/>\n<meta property=\"og:title\" content=\"Rogneuses de souches CARLTON compactes \u00e0 conducteur marchant\" \/>\n<meta property=\"og:description\" content=\"D\u00e9couvrez nos rogneuses de souches CARLTON compactes \u00e0 conducteur marchant\u00a0: 2 mod\u00e8les de rogneuses de souches CARLTON \u00e0 conducteur marchant\u00a0: 900 H SP 2000 &nbsp;\" \/>\n<meta property=\"og:url\" content=\"https:\/\/mge-greenservice.com\/w\/rogneuses-de-souches-carlton\/rogneuses-de-souches-carlton-compactes-a-conducteur-marchant\" \/>\n<meta property=\"og:site_name\" content=\"MGE Green Service\" \/>\n<meta property=\"article:modified_time\" content=\"2021-06-30T13:50:13+00:00\" \/>\n<!-- \/ Yoast SEO plugin. -->","yoast_head_json":{"title":"Rogneuses de souches CARLTON compactes \u00e0 conducteur marchant","robots":{"index":"index","follow":"follow","max-snippet":"max-snippet:-1","max-image-preview":"max-image-preview:large","max-video-preview":"max-video-preview:-1"},"canonical":"https:\/\/mge-greenservice.com\/w\/rogneuses-de-souches-carlton\/rogneuses-de-souches-carlton-compactes-a-conducteur-marchant\/","og_locale":"fr_FR","og_type":"article","og_title":"Rogneuses de souches CARLTON compactes \u00e0 conducteur marchant","og_description":"D\u00e9couvrez nos rogneuses de souches CARLTON compactes \u00e0 conducteur marchant\u00a0: 2 mod\u00e8les de rogneuses de souches CARLTON \u00e0 conducteur marchant\u00a0: 900 H SP 2000 &nbsp;","og_url":"https:\/\/mge-greenservice.com\/w\/rogneuses-de-souches-carlton\/rogneuses-de-souches-carlton-compactes-a-conducteur-marchant","og_site_name":"MGE Green Service","article_modified_time":"2021-06-30T13:50:13+00:00","schema":{"@context":"https:\/\/schema.org","@graph":[{"@type":"WebPage","@id":"https:\/\/mge-greenservice.com\/w\/carlton\/conducteur-marchant\/","url":"https:\/\/mge-greenservice.com\/w\/rogneuses-de-souches-carlton\/rogneuses-de-souches-carlton-compactes-a-conducteur-marchant","name":"Rogneuses de souches CARLTON compactes \u00e0 conducteur marchant","isPartOf":{"@id":"https:\/\/mge-greenservice.com\/w\/#website"},"datePublished":"2016-06-01T12:04:00+00:00","dateModified":"2021-06-30T13:50:13+00:00","breadcrumb":{"@id":"https:\/\/mge-greenservice.com\/w\/rogneuses-de-souches-carlton\/rogneuses-de-souches-carlton-compactes-a-conducteur-marchant#breadcrumb"},"inLanguage":"fr-FR","potentialAction":[{"@type":"ReadAction","target":["https:\/\/mge-greenservice.com\/w\/rogneuses-de-souches-carlton\/rogneuses-de-souches-carlton-compactes-a-conducteur-marchant"]}]},{"@type":"BreadcrumbList","@id":"https:\/\/mge-greenservice.com\/w\/rogneuses-de-souches-carlton\/rogneuses-de-souches-carlton-compactes-a-conducteur-marchant#breadcrumb","itemListElement":[{"@type":"ListItem","position":1,"name":"Accueil","item":"https:\/\/mge-greenservice.com\/w\/"},{"@type":"ListItem","position":2,"name":"Rogneuse de souches professionnelle \/ Dessoucheuse CARLTON","item":"https:\/\/mge-greenservice.com\/w\/carlton\/"},{"@type":"ListItem","position":3,"name":"Rogneuses de souches CARLTON compactes \u00e0 conducteur marchant"}]},{"@type":"WebSite","@id":"https:\/\/mge-greenservice.com\/w\/#website","url":"https:\/\/mge-greenservice.com\/w\/","name":"MGE Green Service","description":"L&#039;avenir s&#039;\u00e9crit en Vert","publisher":{"@id":"https:\/\/mge-greenservice.com\/w\/#organization"},"potentialAction":[{"@type":"SearchAction","target":{"@type":"EntryPoint","urlTemplate":"https:\/\/mge-greenservice.com\/w\/?s={search_term_string}"},"query-input":{"@type":"PropertyValueSpecification","valueRequired":true,"valueName":"search_term_string"}}],"inLanguage":"fr-FR"},{"@type":"Organization","@id":"https:\/\/mge-greenservice.com\/w\/#organization","name":"MGE Green Service","url":"https:\/\/mge-greenservice.com\/w\/","logo":{"@type":"ImageObject","inLanguage":"fr-FR","@id":"https:\/\/mge-greenservice.com\/w\/#\/schema\/logo\/image\/","url":"https:\/\/mge-greenservice.com\/w\/wp-content\/uploads\/2014\/06\/MGE-Green-service-logo-header.png","contentUrl":"https:\/\/mge-greenservice.com\/w\/wp-content\/uploads\/2014\/06\/MGE-Green-service-logo-header.png","width":295,"height":75,"caption":"MGE Green Service"},"image":{"@id":"https:\/\/mge-greenservice.com\/w\/#\/schema\/logo\/image\/"}}]}},"amp_enabled":false,"_links":{"self":[{"href":"https:\/\/mge-greenservice.com\/w\/wp-json\/wp\/v2\/pages\/2481","targetHints":{"allow":["GET"]}}],"collection":[{"href":"https:\/\/mge-greenservice.com\/w\/wp-json\/wp\/v2\/pages"}],"about":[{"href":"https:\/\/mge-greenservice.com\/w\/wp-json\/wp\/v2\/types\/page"}],"author":[{"embeddable":true,"href":"https:\/\/mge-greenservice.com\/w\/wp-json\/wp\/v2\/users\/2"}],"replies":[{"embeddable":true,"href":"https:\/\/mge-greenservice.com\/w\/wp-json\/wp\/v2\/comments?post=2481"}],"version-history":[{"count":2,"href":"https:\/\/mge-greenservice.com\/w\/wp-json\/wp\/v2\/pages\/2481\/revisions"}],"predecessor-version":[{"id":3057,"href":"https:\/\/mge-greenservice.com\/w\/wp-json\/wp\/v2\/pages\/2481\/revisions\/3057"}],"up":[{"embeddable":true,"href":"https:\/\/mge-greenservice.com\/w\/wp-json\/wp\/v2\/pages\/2470"}],"wp:attachment":[{"href":"https:\/\/mge-greenservice.com\/w\/wp-json\/wp\/v2\/media?parent=2481"}],"curies":[{"name":"wp","href":"https:\/\/api.w.org\/{rel}","templated":true}]}}