{"id":2507,"date":"2016-06-01T14:27:04","date_gmt":"2016-06-01T13:27:04","guid":{"rendered":"http:\/\/mge-greenservice.com\/w\/?page_id=2507"},"modified":"2020-11-13T12:01:57","modified_gmt":"2020-11-13T11:01:57","slug":"2507-2","status":"publish","type":"page","link":"https:\/\/mge-greenservice.com\/w\/carlton\/2499-2\/2507-2\/","title":{"rendered":"Rogneuse CARLTON SP 7015"},"content":{"rendered":"<div class=\"fusion-fullwidth fullwidth-box fusion-builder-row-1 hundred-percent-fullwidth non-hundred-percent-height-scrolling\" style=\"--awb-border-radius-top-left:0px;--awb-border-radius-top-right:0px;--awb-border-radius-bottom-right:0px;--awb-border-radius-bottom-left:0px;--awb-overflow:visible;--awb-flex-wrap:wrap;\" ><div class=\"fusion-builder-row fusion-row\"><div class=\"fusion-layout-column fusion_builder_column fusion-builder-column-0 fusion_builder_column_1_1 1_1 fusion-one-full fusion-column-first fusion-column-last fusion-column-no-min-height\" style=\"--awb-bg-size:cover;--awb-margin-bottom:0px;\"><div class=\"fusion-column-wrapper fusion-flex-column-wrapper-legacy\"><div class=\"fusion-tabs fusion-tabs-1 classic nav-is-justified horizontal-tabs icon-position-left mobile-mode-accordion\" style=\"--awb-title-border-radius-top-left:0px;--awb-title-border-radius-top-right:0px;--awb-title-border-radius-bottom-right:0px;--awb-title-border-radius-bottom-left:0px;--awb-inactive-color:#ebeaea;--awb-background-color:#ffffff;--awb-border-color:#ebeaea;--awb-active-border-color:#009129;\"><div class=\"nav\"><ul class=\"nav-tabs nav-justified\" role=\"tablist\"><li class=\"active\" role=\"presentation\"><a class=\"tab-link\" data-toggle=\"tab\" role=\"tab\" aria-controls=\"tab-38ff733e87ec9579a13\" aria-selected=\"true\" id=\"fusion-tab-pr\u00e9sentation\" href=\"#tab-38ff733e87ec9579a13\"><h4 class=\"fusion-tab-heading\">Pr\u00e9sentation<\/h4><\/a><\/li><li role=\"presentation\"><a class=\"tab-link\" data-toggle=\"tab\" role=\"tab\" aria-controls=\"tab-f24cbe81ac9404f71e8\" aria-selected=\"false\" tabindex=\"-1\" id=\"fusion-tab-caract\u00e9ristiquestechniques\" href=\"#tab-f24cbe81ac9404f71e8\"><h4 class=\"fusion-tab-heading\">Caract\u00e9ristiques techniques<\/h4><\/a><\/li><li role=\"presentation\"><a class=\"tab-link\" data-toggle=\"tab\" role=\"tab\" aria-controls=\"tab-3aa520ecfeb88e530b4\" aria-selected=\"false\" tabindex=\"-1\" id=\"fusion-tab-vid\u00e9os\" href=\"#tab-3aa520ecfeb88e530b4\"><h4 class=\"fusion-tab-heading\">Vid\u00e9os<\/h4><\/a><\/li><\/ul><\/div><div class=\"tab-content\"><div class=\"nav fusion-mobile-tab-nav\"><ul class=\"nav-tabs nav-justified\" role=\"tablist\"><li class=\"active\" role=\"presentation\"><a class=\"tab-link\" data-toggle=\"tab\" role=\"tab\" aria-controls=\"tab-38ff733e87ec9579a13\" aria-selected=\"true\" id=\"mobile-fusion-tab-pr\u00e9sentation\" href=\"#tab-38ff733e87ec9579a13\"><h4 class=\"fusion-tab-heading\">Pr\u00e9sentation<\/h4><\/a><\/li><\/ul><\/div><div class=\"tab-pane fade fusion-clearfix in active\" role=\"tabpanel\" tabindex=\"0\" aria-labelledby=\"fusion-tab-pr\u00e9sentation\" id=\"tab-38ff733e87ec9579a13\">\n<h3><span style=\"font-size: 18pt;\"><strong>Rogneuse de souches CARLTON SP 7015\u00a0:\u00a0des r\u00e9sultats exceptionnels<\/strong><\/span><\/h3>\n<p>La rogneuse de souches CARLTON SP 7015 sur roues a \u00e9t\u00e9 con\u00e7ue pour les travaux les plus difficiles sur des souches de grandes dimensions et hauteurs.<\/p>\n<p>\u00c9quip\u00e9e d&#8217;une monte de pneus basse pression elle n&#8217;endommage pas le site o\u00f9 elle op\u00e8re. Ce mat\u00e9riel est disponible avec le c\u00e9l\u00e8bre disque de rognage Razor Cutting Syst\u00e8me (48 dents en carbure \u00e0 forte \u00e9paisseur) permettant un rendement am\u00e9lior\u00e9 de 30% par rapport \u00e0 l&#8217;existant du march\u00e9.<\/p>\n<p>Deux motorisations turbo diesel sont propos\u00e9es (71 cv et 74 cv) et bien s\u00fbr la radiocommande sans fil pour un confort et une s\u00e9curit\u00e9 optimale de l&#8217;utilisateur.<\/p>\n<p>Le mod\u00e8le CARLTON SP 7015\u00a0se d\u00e9cline en 2 motorisations :<\/p>\n<ul>\n<li>1 motorisation K\u00f6lher 74 CV turbo diesel<\/li>\n<li>1 motorisation K\u00f6lher 71 CV turbo diesel<\/li>\n<\/ul>\n<h3><\/div><div class=\"nav fusion-mobile-tab-nav\"><ul class=\"nav-tabs nav-justified\" role=\"tablist\"><li role=\"presentation\"><a class=\"tab-link\" data-toggle=\"tab\" role=\"tab\" aria-controls=\"tab-f24cbe81ac9404f71e8\" aria-selected=\"false\" tabindex=\"-1\" id=\"mobile-fusion-tab-caract\u00e9ristiquestechniques\" href=\"#tab-f24cbe81ac9404f71e8\"><h4 class=\"fusion-tab-heading\">Caract\u00e9ristiques techniques<\/h4><\/a><\/li><\/ul><\/div><div class=\"tab-pane fade fusion-clearfix\" role=\"tabpanel\" tabindex=\"0\" aria-labelledby=\"fusion-tab-caract\u00e9ristiquestechniques\" id=\"tab-f24cbe81ac9404f71e8\">\n<ul>\n<li>Diam\u00e8tre du disque : 673\u00a0mm<\/li>\n<li>Nombre de dents : 32\u00a0dents<\/li>\n<li>Capacit\u00e9 de rognage sous le sol : -381 mm<\/li>\n<li>Capacit\u00e9 de rognage au-dessus du sol : +1092 mm<\/li>\n<li>Arc de rognage : 1778 mm<\/li>\n<li>Poids :\n<ul>\n<li>Mod\u00e8le K\u00f6lher 74 cv turbo diesel : 1586 kg<\/li>\n<li>Mod\u00e8le Kubota 71 cv turbo diesel\u00a0: 1821\u00a0kg<\/li>\n<\/ul>\n<\/li>\n<\/ul>\n<p>Les rogneuses de souches CARLTON SP 7015 : <strong>LA\u00a0FIABILIT\u00c9 ET PERFORMANCES A LONG TERME<\/strong><\/p>\n<\/div><div class=\"nav fusion-mobile-tab-nav\"><ul class=\"nav-tabs nav-justified\" role=\"tablist\"><li role=\"presentation\"><a class=\"tab-link\" data-toggle=\"tab\" role=\"tab\" aria-controls=\"tab-3aa520ecfeb88e530b4\" aria-selected=\"false\" tabindex=\"-1\" id=\"mobile-fusion-tab-vid\u00e9os\" href=\"#tab-3aa520ecfeb88e530b4\"><h4 class=\"fusion-tab-heading\">Vid\u00e9os<\/h4><\/a><\/li><\/ul><\/div><div class=\"tab-pane fade fusion-clearfix\" role=\"tabpanel\" tabindex=\"0\" aria-labelledby=\"fusion-tab-vid\u00e9os\" id=\"tab-3aa520ecfeb88e530b4\">\n<p><iframe src=\"https:\/\/www.youtube-nocookie.com\/embed\/YIXdfy0M1Zs?rel=0\" width=\"560\" height=\"315\" frameborder=\"0\" allowfullscreen=\"allowfullscreen\"><\/iframe><\/p>\n<p><iframe src=\"https:\/\/www.youtube-nocookie.com\/embed\/RLJnuMW5omw?rel=0\" width=\"560\" height=\"315\" frameborder=\"0\" allowfullscreen=\"allowfullscreen\"><\/iframe><\/p>\n<h3><\/div><\/div><\/div>\n<div class=\"fusion-clearfix\"><\/div><\/div><\/div><\/div><\/div>\n","protected":false},"excerpt":{"rendered":"","protected":false},"author":2,"featured_media":0,"parent":2499,"menu_order":1,"comment_status":"closed","ping_status":"closed","template":"produits.php","meta":{"_acf_changed":false,"footnotes":""},"class_list":["post-2507","page","type-page","status-publish","hentry"],"acf":[],"yoast_head":"<!-- This site is optimized with the Yoast SEO plugin v27.2 - https:\/\/yoast.com\/product\/yoast-seo-wordpress\/ -->\n<title>Rogneuse de souches CARLTON SP 7015 sur roues<\/title>\n<meta name=\"description\" content=\"Con\u00e7ue pour les travaux les plus difficiles sur des souches de grandes dimensions. Rendement am\u00e9lior\u00e9 de 30% - Radiocommande sans fil.\" \/>\n<meta name=\"robots\" content=\"index, follow, max-snippet:-1, max-image-preview:large, max-video-preview:-1\" \/>\n<link rel=\"canonical\" href=\"https:\/\/mge-greenservice.com\/w\/carlton\/2499-2\/2507-2\/\" \/>\n<meta property=\"og:locale\" content=\"fr_FR\" \/>\n<meta property=\"og:type\" content=\"article\" \/>\n<meta property=\"og:title\" content=\"Rogneuse de souches CARLTON SP 7015 sur roues\" \/>\n<meta property=\"og:description\" content=\"Con\u00e7ue pour les travaux les plus difficiles sur des souches de grandes dimensions. Rendement am\u00e9lior\u00e9 de 30% - Radiocommande sans fil.\" \/>\n<meta property=\"og:url\" content=\"https:\/\/mge-greenservice.com\/w\/carlton\/2499-2\/2507-2\/\" \/>\n<meta property=\"og:site_name\" content=\"MGE Green Service\" \/>\n<meta property=\"article:modified_time\" content=\"2020-11-13T11:01:57+00:00\" \/>\n<meta name=\"twitter:label1\" content=\"Dur\u00e9e de lecture estim\u00e9e\" \/>\n\t<meta name=\"twitter:data1\" content=\"1 minute\" \/>\n<!-- \/ Yoast SEO plugin. -->","yoast_head_json":{"title":"Rogneuse de souches CARLTON SP 7015 sur roues","description":"Con\u00e7ue pour les travaux les plus difficiles sur des souches de grandes dimensions. Rendement am\u00e9lior\u00e9 de 30% - Radiocommande sans fil.","robots":{"index":"index","follow":"follow","max-snippet":"max-snippet:-1","max-image-preview":"max-image-preview:large","max-video-preview":"max-video-preview:-1"},"canonical":"https:\/\/mge-greenservice.com\/w\/carlton\/2499-2\/2507-2\/","og_locale":"fr_FR","og_type":"article","og_title":"Rogneuse de souches CARLTON SP 7015 sur roues","og_description":"Con\u00e7ue pour les travaux les plus difficiles sur des souches de grandes dimensions. Rendement am\u00e9lior\u00e9 de 30% - Radiocommande sans fil.","og_url":"https:\/\/mge-greenservice.com\/w\/carlton\/2499-2\/2507-2\/","og_site_name":"MGE Green Service","article_modified_time":"2020-11-13T11:01:57+00:00","twitter_misc":{"Dur\u00e9e de lecture estim\u00e9e":"1 minute"},"schema":{"@context":"https:\/\/schema.org","@graph":[{"@type":"WebPage","@id":"https:\/\/mge-greenservice.com\/w\/carlton\/2499-2\/2507-2\/","url":"https:\/\/mge-greenservice.com\/w\/carlton\/2499-2\/2507-2\/","name":"Rogneuse de souches CARLTON SP 7015 sur roues","isPartOf":{"@id":"https:\/\/mge-greenservice.com\/w\/#website"},"datePublished":"2016-06-01T13:27:04+00:00","dateModified":"2020-11-13T11:01:57+00:00","description":"Con\u00e7ue pour les travaux les plus difficiles sur des souches de grandes dimensions. Rendement am\u00e9lior\u00e9 de 30% - Radiocommande sans fil.","breadcrumb":{"@id":"https:\/\/mge-greenservice.com\/w\/carlton\/2499-2\/2507-2\/#breadcrumb"},"inLanguage":"fr-FR","potentialAction":[{"@type":"ReadAction","target":["https:\/\/mge-greenservice.com\/w\/carlton\/2499-2\/2507-2\/"]}]},{"@type":"BreadcrumbList","@id":"https:\/\/mge-greenservice.com\/w\/carlton\/2499-2\/2507-2\/#breadcrumb","itemListElement":[{"@type":"ListItem","position":1,"name":"Accueil","item":"https:\/\/mge-greenservice.com\/w\/"},{"@type":"ListItem","position":2,"name":"Rogneuse de souches professionnelle \/ Dessoucheuse CARLTON","item":"https:\/\/mge-greenservice.com\/w\/carlton\/"},{"@type":"ListItem","position":3,"name":"Rogneuses de souches CARLTON autotract\u00e9es sur roues","item":"https:\/\/mge-greenservice.com\/w\/carlton\/2499-2\/"},{"@type":"ListItem","position":4,"name":"Rogneuse CARLTON SP 7015"}]},{"@type":"WebSite","@id":"https:\/\/mge-greenservice.com\/w\/#website","url":"https:\/\/mge-greenservice.com\/w\/","name":"MGE Green Service","description":"L&#039;avenir s&#039;\u00e9crit en Vert","publisher":{"@id":"https:\/\/mge-greenservice.com\/w\/#organization"},"potentialAction":[{"@type":"SearchAction","target":{"@type":"EntryPoint","urlTemplate":"https:\/\/mge-greenservice.com\/w\/?s={search_term_string}"},"query-input":{"@type":"PropertyValueSpecification","valueRequired":true,"valueName":"search_term_string"}}],"inLanguage":"fr-FR"},{"@type":"Organization","@id":"https:\/\/mge-greenservice.com\/w\/#organization","name":"MGE Green Service","url":"https:\/\/mge-greenservice.com\/w\/","logo":{"@type":"ImageObject","inLanguage":"fr-FR","@id":"https:\/\/mge-greenservice.com\/w\/#\/schema\/logo\/image\/","url":"https:\/\/mge-greenservice.com\/w\/wp-content\/uploads\/2014\/06\/MGE-Green-service-logo-header.png","contentUrl":"https:\/\/mge-greenservice.com\/w\/wp-content\/uploads\/2014\/06\/MGE-Green-service-logo-header.png","width":295,"height":75,"caption":"MGE Green Service"},"image":{"@id":"https:\/\/mge-greenservice.com\/w\/#\/schema\/logo\/image\/"}}]}},"amp_enabled":false,"_links":{"self":[{"href":"https:\/\/mge-greenservice.com\/w\/wp-json\/wp\/v2\/pages\/2507","targetHints":{"allow":["GET"]}}],"collection":[{"href":"https:\/\/mge-greenservice.com\/w\/wp-json\/wp\/v2\/pages"}],"about":[{"href":"https:\/\/mge-greenservice.com\/w\/wp-json\/wp\/v2\/types\/page"}],"author":[{"embeddable":true,"href":"https:\/\/mge-greenservice.com\/w\/wp-json\/wp\/v2\/users\/2"}],"replies":[{"embeddable":true,"href":"https:\/\/mge-greenservice.com\/w\/wp-json\/wp\/v2\/comments?post=2507"}],"version-history":[{"count":11,"href":"https:\/\/mge-greenservice.com\/w\/wp-json\/wp\/v2\/pages\/2507\/revisions"}],"predecessor-version":[{"id":8381,"href":"https:\/\/mge-greenservice.com\/w\/wp-json\/wp\/v2\/pages\/2507\/revisions\/8381"}],"up":[{"embeddable":true,"href":"https:\/\/mge-greenservice.com\/w\/wp-json\/wp\/v2\/pages\/2499"}],"wp:attachment":[{"href":"https:\/\/mge-greenservice.com\/w\/wp-json\/wp\/v2\/media?parent=2507"}],"curies":[{"name":"wp","href":"https:\/\/api.w.org\/{rel}","templated":true}]}}