{"id":26,"date":"2014-06-30T15:51:16","date_gmt":"2014-06-30T14:51:16","guid":{"rendered":"http:\/\/mge-greenservice.com\/w\/?page_id=26"},"modified":"2020-02-12T12:41:37","modified_gmt":"2020-02-12T11:41:37","slug":"conseils","status":"publish","type":"page","link":"https:\/\/mge-greenservice.com\/w\/conseils\/","title":{"rendered":"Conseils"},"content":{"rendered":"<h2>Etudes de march\u00e9<\/h2>\n<p><img decoding=\"async\" class=\"lazyload size-full wp-image-66 aligncenter\" src=\"http:\/\/mge-greenservice.com\/w\/wp-content\/uploads\/2014\/06\/Historique-image-1.jpg\" data-orig-src=\"http:\/\/mge-greenservice.com\/w\/wp-content\/uploads\/2014\/06\/Historique-image-1.jpg\" alt=\"Historique image 1\" width=\"450\" height=\"338\" srcset=\"data:image\/svg+xml,%3Csvg%20xmlns%3D%27http%3A%2F%2Fwww.w3.org%2F2000%2Fsvg%27%20width%3D%27450%27%20height%3D%27338%27%20viewBox%3D%270%200%20450%20338%27%3E%3Crect%20width%3D%27450%27%20height%3D%27338%27%20fill-opacity%3D%220%22%2F%3E%3C%2Fsvg%3E\" data-srcset=\"https:\/\/mge-greenservice.com\/w\/wp-content\/uploads\/2014\/06\/Historique-image-1-300x225.jpg 300w, https:\/\/mge-greenservice.com\/w\/wp-content\/uploads\/2014\/06\/Historique-image-1.jpg 450w\" data-sizes=\"auto\" data-orig-sizes=\"(max-width: 450px) 100vw, 450px\" \/><\/p>\n<ul>\n<li>Etudes de march\u00e9(s) ponctuelle(s) pour entreprises en vue du lancement d&#8217;un nouveau produit ou de l&#8217;approche d&#8217;un nouveau march\u00e9 dans un ou plusieurs pays donn\u00e9(s).<\/li>\n<li>Travaux concernant des produits industriels faisant appel \u00e0 des techniques complexes (pas d&#8217;\u00e9tudes de type zones de chalandise pour produits type &#8220;grande distribution&#8221;)<\/li>\n<li>Missions d&#8217;\u00e9tudes r\u00e9alis\u00e9es avec une discr\u00e9tion absolue et un savoir-faire de plus de 30\u00a0ans dans le monde entier.<\/li>\n<\/ul>\n<p>&nbsp;<\/p>\n<h2>Conseils en marketing industriel international<\/h2>\n<p>&nbsp;<\/p>\n<ul>\n<li>Analyse globale du projet de l&#8217;entreprise cliente (moyens, objectifs, aspects normes et conditions commerciales, chances de r\u00e9ussite,&#8230;).<\/li>\n<li>Analyse de la concurrence existante et positionnement produits, Pr\u00e9-approche test d&#8217;un march\u00e9 donn\u00e9 pour un produit donn\u00e9.<\/li>\n<li>Incidences industrielles et \u00e9conomiques potentielles, plan d&#8217;action potentiel.<\/li>\n<\/ul>\n<p>&nbsp;<\/p>\n<h2>Interventions ext\u00e9rieures de formation<\/h2>\n<p>Interventions ponctuelles par les ing\u00e9nieurs d&#8217;affaires de MGE au sein d&#8217;institutions de formation ou \u00e9coles d&#8217;ing\u00e9nieurs.<\/p>\n<p><img decoding=\"async\" class=\"lazyload size-full wp-image-94 aligncenter\" src=\"http:\/\/mge-greenservice.com\/w\/wp-content\/uploads\/2014\/06\/Conseil-image-2.jpg\" data-orig-src=\"http:\/\/mge-greenservice.com\/w\/wp-content\/uploads\/2014\/06\/Conseil-image-2.jpg\" alt=\"Conseil image 2\" width=\"450\" height=\"338\" srcset=\"data:image\/svg+xml,%3Csvg%20xmlns%3D%27http%3A%2F%2Fwww.w3.org%2F2000%2Fsvg%27%20width%3D%27450%27%20height%3D%27338%27%20viewBox%3D%270%200%20450%20338%27%3E%3Crect%20width%3D%27450%27%20height%3D%27338%27%20fill-opacity%3D%220%22%2F%3E%3C%2Fsvg%3E\" data-srcset=\"https:\/\/mge-greenservice.com\/w\/wp-content\/uploads\/2014\/06\/Conseil-image-2-300x225.jpg 300w, https:\/\/mge-greenservice.com\/w\/wp-content\/uploads\/2014\/06\/Conseil-image-2.jpg 450w\" data-sizes=\"auto\" data-orig-sizes=\"(max-width: 450px) 100vw, 450px\" \/><\/p>\n","protected":false},"excerpt":{"rendered":"<p>Etudes de march\u00e9 Etudes de march\u00e9(s) ponctuelle(s) pour entreprises en vue du lancement d&#8217;un nouveau produit ou de l&#8217;approche d&#8217;un nouveau march\u00e9 dans un ou plusieurs pays donn\u00e9(s). Travaux concernant des produits industriels faisant appel \u00e0 des techniques complexes (pas d&#8217;\u00e9tudes de type zones de chalandise pour produits type &#8220;grande distribution&#8221;) Missions d&#8217;\u00e9tudes r\u00e9alis\u00e9es avec<\/p>\n","protected":false},"author":2,"featured_media":0,"parent":0,"menu_order":0,"comment_status":"closed","ping_status":"closed","template":"","meta":{"_acf_changed":false,"footnotes":""},"class_list":["post-26","page","type-page","status-publish","hentry"],"acf":[],"yoast_head":"<!-- This site is optimized with the Yoast SEO plugin v27.2 - https:\/\/yoast.com\/product\/yoast-seo-wordpress\/ -->\n<title>Conseils \/ \u00e9tudes de march\u00e9 \/ Marketing industriel international<\/title>\n<meta name=\"description\" content=\"Interventions par les ing\u00e9nieurs d&#039;affaires de MGE au sein de PME, PMI, d&#039;entreprises internationales, d&#039;institutions de formation ou \u00e9coles d&#039;ing\u00e9nieurs.\" \/>\n<meta name=\"robots\" content=\"index, follow, max-snippet:-1, max-image-preview:large, max-video-preview:-1\" \/>\n<link rel=\"canonical\" href=\"https:\/\/mge-greenservice.com\/w\/conseils\/\" \/>\n<meta property=\"og:locale\" content=\"fr_FR\" \/>\n<meta property=\"og:type\" content=\"article\" \/>\n<meta property=\"og:title\" content=\"Conseils \/ \u00e9tudes de march\u00e9 \/ Marketing industriel international\" \/>\n<meta property=\"og:description\" content=\"Interventions par les ing\u00e9nieurs d&#039;affaires de MGE au sein de PME, PMI, d&#039;entreprises internationales, d&#039;institutions de formation ou \u00e9coles d&#039;ing\u00e9nieurs.\" \/>\n<meta property=\"og:url\" content=\"https:\/\/mge-greenservice.com\/w\/conseils\" \/>\n<meta property=\"og:site_name\" content=\"MGE Green Service\" \/>\n<meta property=\"article:modified_time\" content=\"2020-02-12T11:41:37+00:00\" \/>\n<meta property=\"og:image\" content=\"http:\/\/mge-greenservice.com\/w\/wp-content\/uploads\/2014\/06\/Historique-image-1.jpg\" \/>\n<meta name=\"twitter:label1\" content=\"Dur\u00e9e de lecture estim\u00e9e\" \/>\n\t<meta name=\"twitter:data1\" content=\"1 minute\" \/>\n<!-- \/ Yoast SEO plugin. -->","yoast_head_json":{"title":"Conseils \/ \u00e9tudes de march\u00e9 \/ Marketing industriel international","description":"Interventions par les ing\u00e9nieurs d'affaires de MGE au sein de PME, PMI, d'entreprises internationales, d'institutions de formation ou \u00e9coles d'ing\u00e9nieurs.","robots":{"index":"index","follow":"follow","max-snippet":"max-snippet:-1","max-image-preview":"max-image-preview:large","max-video-preview":"max-video-preview:-1"},"canonical":"https:\/\/mge-greenservice.com\/w\/conseils\/","og_locale":"fr_FR","og_type":"article","og_title":"Conseils \/ \u00e9tudes de march\u00e9 \/ Marketing industriel international","og_description":"Interventions par les ing\u00e9nieurs d'affaires de MGE au sein de PME, PMI, d'entreprises internationales, d'institutions de formation ou \u00e9coles d'ing\u00e9nieurs.","og_url":"https:\/\/mge-greenservice.com\/w\/conseils","og_site_name":"MGE Green Service","article_modified_time":"2020-02-12T11:41:37+00:00","og_image":[{"url":"http:\/\/mge-greenservice.com\/w\/wp-content\/uploads\/2014\/06\/Historique-image-1.jpg","type":"","width":"","height":""}],"twitter_misc":{"Dur\u00e9e de lecture estim\u00e9e":"1 minute"},"schema":{"@context":"https:\/\/schema.org","@graph":[{"@type":"WebPage","@id":"https:\/\/mge-greenservice.com\/w\/conseils\/","url":"https:\/\/mge-greenservice.com\/w\/conseils","name":"Conseils \/ \u00e9tudes de march\u00e9 \/ Marketing industriel international","isPartOf":{"@id":"https:\/\/mge-greenservice.com\/w\/#website"},"primaryImageOfPage":{"@id":"https:\/\/mge-greenservice.com\/w\/conseils#primaryimage"},"image":{"@id":"https:\/\/mge-greenservice.com\/w\/conseils#primaryimage"},"thumbnailUrl":"http:\/\/mge-greenservice.com\/w\/wp-content\/uploads\/2014\/06\/Historique-image-1.jpg","datePublished":"2014-06-30T14:51:16+00:00","dateModified":"2020-02-12T11:41:37+00:00","description":"Interventions par les ing\u00e9nieurs d'affaires de MGE au sein de PME, PMI, d'entreprises internationales, d'institutions de formation ou \u00e9coles d'ing\u00e9nieurs.","breadcrumb":{"@id":"https:\/\/mge-greenservice.com\/w\/conseils#breadcrumb"},"inLanguage":"fr-FR","potentialAction":[{"@type":"ReadAction","target":["https:\/\/mge-greenservice.com\/w\/conseils"]}]},{"@type":"ImageObject","inLanguage":"fr-FR","@id":"https:\/\/mge-greenservice.com\/w\/conseils#primaryimage","url":"https:\/\/mge-greenservice.com\/w\/wp-content\/uploads\/2014\/06\/Historique-image-1.jpg","contentUrl":"https:\/\/mge-greenservice.com\/w\/wp-content\/uploads\/2014\/06\/Historique-image-1.jpg","width":450,"height":338,"caption":"Historique image 1"},{"@type":"BreadcrumbList","@id":"https:\/\/mge-greenservice.com\/w\/conseils#breadcrumb","itemListElement":[{"@type":"ListItem","position":1,"name":"Accueil","item":"https:\/\/mge-greenservice.com\/w\/"},{"@type":"ListItem","position":2,"name":"Conseils"}]},{"@type":"WebSite","@id":"https:\/\/mge-greenservice.com\/w\/#website","url":"https:\/\/mge-greenservice.com\/w\/","name":"MGE Green Service","description":"L&#039;avenir s&#039;\u00e9crit en Vert","publisher":{"@id":"https:\/\/mge-greenservice.com\/w\/#organization"},"potentialAction":[{"@type":"SearchAction","target":{"@type":"EntryPoint","urlTemplate":"https:\/\/mge-greenservice.com\/w\/?s={search_term_string}"},"query-input":{"@type":"PropertyValueSpecification","valueRequired":true,"valueName":"search_term_string"}}],"inLanguage":"fr-FR"},{"@type":"Organization","@id":"https:\/\/mge-greenservice.com\/w\/#organization","name":"MGE Green Service","url":"https:\/\/mge-greenservice.com\/w\/","logo":{"@type":"ImageObject","inLanguage":"fr-FR","@id":"https:\/\/mge-greenservice.com\/w\/#\/schema\/logo\/image\/","url":"https:\/\/mge-greenservice.com\/w\/wp-content\/uploads\/2014\/06\/MGE-Green-service-logo-header.png","contentUrl":"https:\/\/mge-greenservice.com\/w\/wp-content\/uploads\/2014\/06\/MGE-Green-service-logo-header.png","width":295,"height":75,"caption":"MGE Green Service"},"image":{"@id":"https:\/\/mge-greenservice.com\/w\/#\/schema\/logo\/image\/"}}]}},"amp_enabled":true,"_links":{"self":[{"href":"https:\/\/mge-greenservice.com\/w\/wp-json\/wp\/v2\/pages\/26","targetHints":{"allow":["GET"]}}],"collection":[{"href":"https:\/\/mge-greenservice.com\/w\/wp-json\/wp\/v2\/pages"}],"about":[{"href":"https:\/\/mge-greenservice.com\/w\/wp-json\/wp\/v2\/types\/page"}],"author":[{"embeddable":true,"href":"https:\/\/mge-greenservice.com\/w\/wp-json\/wp\/v2\/users\/2"}],"replies":[{"embeddable":true,"href":"https:\/\/mge-greenservice.com\/w\/wp-json\/wp\/v2\/comments?post=26"}],"version-history":[{"count":7,"href":"https:\/\/mge-greenservice.com\/w\/wp-json\/wp\/v2\/pages\/26\/revisions"}],"predecessor-version":[{"id":5430,"href":"https:\/\/mge-greenservice.com\/w\/wp-json\/wp\/v2\/pages\/26\/revisions\/5430"}],"wp:attachment":[{"href":"https:\/\/mge-greenservice.com\/w\/wp-json\/wp\/v2\/media?parent=26"}],"curies":[{"name":"wp","href":"https:\/\/api.w.org\/{rel}","templated":true}]}}