{"id":28,"date":"2014-06-30T15:51:38","date_gmt":"2014-06-30T14:51:38","guid":{"rendered":"http:\/\/mge-greenservice.com\/w\/?page_id=28"},"modified":"2019-04-01T11:59:48","modified_gmt":"2019-04-01T10:59:48","slug":"prestations-de-services","status":"publish","type":"page","link":"https:\/\/mge-greenservice.com\/w\/prestations-de-services\/","title":{"rendered":"Prestations de Services"},"content":{"rendered":"<p>Gazon de placage pour golfs et stades, grands parcs, tramways<\/p>\n<h2>Services de fourniture et pose de gazon de placage sur golfs, stades, grands parcs et tramways\u00a0: un savoir-faire unique en France<\/h2>\n<ul>\n<li>Activit\u00e9 en co-traitance ou en sous-traitance avec les entrepreneurs ensembliers ou paysagistes charg\u00e9s du lot sol sportif \/ gazon.<\/li>\n<\/ul>\n<p><img decoding=\"async\" class=\"lazyload size-full wp-image-742 aligncenter\" src=\"http:\/\/mge-greenservice.com\/w\/wp-content\/uploads\/2014\/07\/719_p10201-94.jpg\" data-orig-src=\"http:\/\/mge-greenservice.com\/w\/wp-content\/uploads\/2014\/07\/719_p10201-94.jpg\" alt=\"719_p10201-94\" width=\"450\" height=\"338\" srcset=\"data:image\/svg+xml,%3Csvg%20xmlns%3D%27http%3A%2F%2Fwww.w3.org%2F2000%2Fsvg%27%20width%3D%27450%27%20height%3D%27338%27%20viewBox%3D%270%200%20450%20338%27%3E%3Crect%20width%3D%27450%27%20height%3D%27338%27%20fill-opacity%3D%220%22%2F%3E%3C%2Fsvg%3E\" data-srcset=\"https:\/\/mge-greenservice.com\/w\/wp-content\/uploads\/2014\/07\/719_p10201-94-300x225.jpg 300w, https:\/\/mge-greenservice.com\/w\/wp-content\/uploads\/2014\/07\/719_p10201-94.jpg 450w\" data-sizes=\"auto\" data-orig-sizes=\"(max-width: 450px) 100vw, 450px\" \/><\/p>\n<ul>\n<li>L&#8217;exp\u00e9rience de chantiers complexes depuis 20 ans\u00a0: nombreux golfs et stades en Europe, parc Disneyland Paris, Stade de France, tramways (Le Mans,&#8230;).<\/li>\n<\/ul>\n<p><img decoding=\"async\" class=\"lazyload size-full wp-image-740 aligncenter\" src=\"http:\/\/mge-greenservice.com\/w\/wp-content\/uploads\/2014\/07\/718_dysneyland017.jpg\" data-orig-src=\"http:\/\/mge-greenservice.com\/w\/wp-content\/uploads\/2014\/07\/718_dysneyland017.jpg\" alt=\"718_dysneyland017\" width=\"450\" height=\"298\" srcset=\"data:image\/svg+xml,%3Csvg%20xmlns%3D%27http%3A%2F%2Fwww.w3.org%2F2000%2Fsvg%27%20width%3D%27450%27%20height%3D%27298%27%20viewBox%3D%270%200%20450%20298%27%3E%3Crect%20width%3D%27450%27%20height%3D%27298%27%20fill-opacity%3D%220%22%2F%3E%3C%2Fsvg%3E\" data-srcset=\"https:\/\/mge-greenservice.com\/w\/wp-content\/uploads\/2014\/07\/718_dysneyland017-300x198.jpg 300w, https:\/\/mge-greenservice.com\/w\/wp-content\/uploads\/2014\/07\/718_dysneyland017.jpg 450w\" data-sizes=\"auto\" data-orig-sizes=\"(max-width: 450px) 100vw, 450px\" \/><\/p>\n<ul>\n<li>La ma\u00eetrise compl\u00e8te du dossier depuis le choix et la fourniture du meilleur gazon selon le chantier), la logistique jusqu&#8217;au terrain d&#8217;accueil, le placage sur site avec les \u00e9quipements les plus pointus du march\u00e9 (replaqueuses petits\/grands rouleaux, pav\u00e9s, d\u00e9coupeuses \u00e0 gazon sur site complexes (trams, parcs).<\/li>\n<\/ul>\n<p><img decoding=\"async\" class=\"lazyload size-full wp-image-748 aligncenter\" src=\"http:\/\/mge-greenservice.com\/w\/wp-content\/uploads\/2014\/07\/719_125-0.jpg\" data-orig-src=\"http:\/\/mge-greenservice.com\/w\/wp-content\/uploads\/2014\/07\/719_125-0.jpg\" alt=\"719_125-0\" width=\"450\" height=\"300\" srcset=\"data:image\/svg+xml,%3Csvg%20xmlns%3D%27http%3A%2F%2Fwww.w3.org%2F2000%2Fsvg%27%20width%3D%27450%27%20height%3D%27300%27%20viewBox%3D%270%200%20450%20300%27%3E%3Crect%20width%3D%27450%27%20height%3D%27300%27%20fill-opacity%3D%220%22%2F%3E%3C%2Fsvg%3E\" data-srcset=\"https:\/\/mge-greenservice.com\/w\/wp-content\/uploads\/2014\/07\/719_125-0-300x200.jpg 300w, https:\/\/mge-greenservice.com\/w\/wp-content\/uploads\/2014\/07\/719_125-0.jpg 450w\" data-sizes=\"auto\" data-orig-sizes=\"(max-width: 450px) 100vw, 450px\" \/><\/p>\n<p><span style=\"color: #000000;\">\u00a0<\/span><\/p>\n","protected":false},"excerpt":{"rendered":"<p>Gazon de placage pour golfs et stades, grands parcs, tramways Services de fourniture et pose de gazon de placage sur golfs, stades, grands parcs et tramways\u00a0: un savoir-faire unique en France Activit\u00e9 en co-traitance ou en sous-traitance avec les entrepreneurs ensembliers ou paysagistes charg\u00e9s du lot sol sportif \/ gazon. L&#8217;exp\u00e9rience de chantiers complexes depuis<\/p>\n","protected":false},"author":2,"featured_media":0,"parent":0,"menu_order":0,"comment_status":"closed","ping_status":"closed","template":"","meta":{"_acf_changed":false,"footnotes":""},"class_list":["post-28","page","type-page","status-publish","hentry"],"acf":[],"yoast_head":"<!-- This site is optimized with the Yoast SEO plugin v27.2 - https:\/\/yoast.com\/product\/yoast-seo-wordpress\/ -->\n<title>Services Gazon<\/title>\n<meta name=\"description\" content=\"Gazon de placage pour golfs et stades, grands parcs, tramways\" \/>\n<meta name=\"robots\" content=\"index, follow, max-snippet:-1, max-image-preview:large, max-video-preview:-1\" \/>\n<link rel=\"canonical\" href=\"https:\/\/mge-greenservice.com\/w\/prestations-de-services\/\" \/>\n<meta property=\"og:locale\" content=\"fr_FR\" \/>\n<meta property=\"og:type\" content=\"article\" \/>\n<meta property=\"og:title\" content=\"Services Gazon\" \/>\n<meta property=\"og:description\" content=\"Gazon de placage pour golfs et stades, grands parcs, tramways\" \/>\n<meta property=\"og:url\" content=\"https:\/\/mge-greenservice.com\/w\/prestations-de-services\" \/>\n<meta property=\"og:site_name\" content=\"MGE Green Service\" \/>\n<meta property=\"article:modified_time\" content=\"2019-04-01T10:59:48+00:00\" \/>\n<meta property=\"og:image\" content=\"http:\/\/mge-greenservice.com\/w\/wp-content\/uploads\/2014\/07\/719_p10201-94.jpg\" \/>\n<meta name=\"twitter:label1\" content=\"Dur\u00e9e de lecture estim\u00e9e\" \/>\n\t<meta name=\"twitter:data1\" content=\"1 minute\" \/>\n<!-- \/ Yoast SEO plugin. -->","yoast_head_json":{"title":"Services Gazon","description":"Gazon de placage pour golfs et stades, grands parcs, tramways","robots":{"index":"index","follow":"follow","max-snippet":"max-snippet:-1","max-image-preview":"max-image-preview:large","max-video-preview":"max-video-preview:-1"},"canonical":"https:\/\/mge-greenservice.com\/w\/prestations-de-services\/","og_locale":"fr_FR","og_type":"article","og_title":"Services Gazon","og_description":"Gazon de placage pour golfs et stades, grands parcs, tramways","og_url":"https:\/\/mge-greenservice.com\/w\/prestations-de-services","og_site_name":"MGE Green Service","article_modified_time":"2019-04-01T10:59:48+00:00","og_image":[{"url":"http:\/\/mge-greenservice.com\/w\/wp-content\/uploads\/2014\/07\/719_p10201-94.jpg","type":"","width":"","height":""}],"twitter_misc":{"Dur\u00e9e de lecture estim\u00e9e":"1 minute"},"schema":{"@context":"https:\/\/schema.org","@graph":[{"@type":"WebPage","@id":"https:\/\/mge-greenservice.com\/w\/prestations-de-services\/","url":"https:\/\/mge-greenservice.com\/w\/prestations-de-services","name":"Services Gazon","isPartOf":{"@id":"https:\/\/mge-greenservice.com\/w\/#website"},"primaryImageOfPage":{"@id":"https:\/\/mge-greenservice.com\/w\/prestations-de-services#primaryimage"},"image":{"@id":"https:\/\/mge-greenservice.com\/w\/prestations-de-services#primaryimage"},"thumbnailUrl":"http:\/\/mge-greenservice.com\/w\/wp-content\/uploads\/2014\/07\/719_p10201-94.jpg","datePublished":"2014-06-30T14:51:38+00:00","dateModified":"2019-04-01T10:59:48+00:00","description":"Gazon de placage pour golfs et stades, grands parcs, tramways","breadcrumb":{"@id":"https:\/\/mge-greenservice.com\/w\/prestations-de-services#breadcrumb"},"inLanguage":"fr-FR","potentialAction":[{"@type":"ReadAction","target":["https:\/\/mge-greenservice.com\/w\/prestations-de-services"]}]},{"@type":"ImageObject","inLanguage":"fr-FR","@id":"https:\/\/mge-greenservice.com\/w\/prestations-de-services#primaryimage","url":"http:\/\/mge-greenservice.com\/w\/wp-content\/uploads\/2014\/07\/719_p10201-94.jpg","contentUrl":"http:\/\/mge-greenservice.com\/w\/wp-content\/uploads\/2014\/07\/719_p10201-94.jpg"},{"@type":"BreadcrumbList","@id":"https:\/\/mge-greenservice.com\/w\/prestations-de-services#breadcrumb","itemListElement":[{"@type":"ListItem","position":1,"name":"Accueil","item":"https:\/\/mge-greenservice.com\/w\/"},{"@type":"ListItem","position":2,"name":"Prestations de Services"}]},{"@type":"WebSite","@id":"https:\/\/mge-greenservice.com\/w\/#website","url":"https:\/\/mge-greenservice.com\/w\/","name":"MGE Green Service","description":"L&#039;avenir s&#039;\u00e9crit en Vert","publisher":{"@id":"https:\/\/mge-greenservice.com\/w\/#organization"},"potentialAction":[{"@type":"SearchAction","target":{"@type":"EntryPoint","urlTemplate":"https:\/\/mge-greenservice.com\/w\/?s={search_term_string}"},"query-input":{"@type":"PropertyValueSpecification","valueRequired":true,"valueName":"search_term_string"}}],"inLanguage":"fr-FR"},{"@type":"Organization","@id":"https:\/\/mge-greenservice.com\/w\/#organization","name":"MGE Green Service","url":"https:\/\/mge-greenservice.com\/w\/","logo":{"@type":"ImageObject","inLanguage":"fr-FR","@id":"https:\/\/mge-greenservice.com\/w\/#\/schema\/logo\/image\/","url":"https:\/\/mge-greenservice.com\/w\/wp-content\/uploads\/2014\/06\/MGE-Green-service-logo-header.png","contentUrl":"https:\/\/mge-greenservice.com\/w\/wp-content\/uploads\/2014\/06\/MGE-Green-service-logo-header.png","width":295,"height":75,"caption":"MGE Green Service"},"image":{"@id":"https:\/\/mge-greenservice.com\/w\/#\/schema\/logo\/image\/"}}]}},"amp_enabled":true,"_links":{"self":[{"href":"https:\/\/mge-greenservice.com\/w\/wp-json\/wp\/v2\/pages\/28","targetHints":{"allow":["GET"]}}],"collection":[{"href":"https:\/\/mge-greenservice.com\/w\/wp-json\/wp\/v2\/pages"}],"about":[{"href":"https:\/\/mge-greenservice.com\/w\/wp-json\/wp\/v2\/types\/page"}],"author":[{"embeddable":true,"href":"https:\/\/mge-greenservice.com\/w\/wp-json\/wp\/v2\/users\/2"}],"replies":[{"embeddable":true,"href":"https:\/\/mge-greenservice.com\/w\/wp-json\/wp\/v2\/comments?post=28"}],"version-history":[{"count":9,"href":"https:\/\/mge-greenservice.com\/w\/wp-json\/wp\/v2\/pages\/28\/revisions"}],"predecessor-version":[{"id":3056,"href":"https:\/\/mge-greenservice.com\/w\/wp-json\/wp\/v2\/pages\/28\/revisions\/3056"}],"wp:attachment":[{"href":"https:\/\/mge-greenservice.com\/w\/wp-json\/wp\/v2\/media?parent=28"}],"curies":[{"name":"wp","href":"https:\/\/api.w.org\/{rel}","templated":true}]}}