{"id":36,"date":"2014-06-30T15:53:07","date_gmt":"2014-06-30T14:53:07","guid":{"rendered":"http:\/\/mge-greenservice.com\/w\/?page_id=36"},"modified":"2020-07-07T14:28:39","modified_gmt":"2020-07-07T13:28:39","slug":"contact","status":"publish","type":"page","link":"https:\/\/mge-greenservice.com\/w\/contact\/","title":{"rendered":"Contact"},"content":{"rendered":"<div class=\"fusion-fullwidth fullwidth-box fusion-builder-row-1 hundred-percent-fullwidth non-hundred-percent-height-scrolling\" style=\"--awb-border-radius-top-left:0px;--awb-border-radius-top-right:0px;--awb-border-radius-bottom-right:0px;--awb-border-radius-bottom-left:0px;--awb-overflow:visible;--awb-flex-wrap:wrap;\" ><div class=\"fusion-builder-row fusion-row\"><div class=\"fusion-layout-column fusion_builder_column fusion-builder-column-0 fusion_builder_column_1_1 1_1 fusion-one-full fusion-column-first fusion-column-last fusion-column-no-min-height\" style=\"--awb-bg-size:cover;--awb-margin-bottom:0px;\"><div class=\"fusion-column-wrapper fusion-flex-column-wrapper-legacy\">\n<div class=\"wpcf7 no-js\" id=\"wpcf7-f20-o1\" lang=\"fr-FR\" dir=\"ltr\" data-wpcf7-id=\"20\">\n<div class=\"screen-reader-response\"><p role=\"status\" aria-live=\"polite\" aria-atomic=\"true\"><\/p> <ul><\/ul><\/div>\n<form action=\"\/w\/wp-json\/wp\/v2\/pages\/36#wpcf7-f20-o1\" method=\"post\" class=\"wpcf7-form init\" aria-label=\"Formulaire de contact\" novalidate=\"novalidate\" data-status=\"init\">\n<fieldset class=\"hidden-fields-container\"><input type=\"hidden\" name=\"_wpcf7\" value=\"20\" \/><input type=\"hidden\" name=\"_wpcf7_version\" value=\"6.1.5\" \/><input type=\"hidden\" name=\"_wpcf7_locale\" value=\"fr_FR\" \/><input type=\"hidden\" name=\"_wpcf7_unit_tag\" value=\"wpcf7-f20-o1\" \/><input type=\"hidden\" name=\"_wpcf7_container_post\" value=\"0\" \/><input type=\"hidden\" name=\"_wpcf7_posted_data_hash\" value=\"\" \/>\n<\/fieldset>\n<div class=\"wpcf7-turnstile cf-turnstile\" data-sitekey=\"0x4AAAAAACoSXhjyehj7hEx9\" data-response-field-name=\"_wpcf7_turnstile_response\"><\/div>\n\n<p>Soci\u00e9t\u00e9*\n<\/p>\n<p><span class=\"wpcf7-form-control-wrap\" data-name=\"societe\"><input size=\"40\" maxlength=\"400\" class=\"wpcf7-form-control wpcf7-text wpcf7-validates-as-required\" aria-required=\"true\" aria-invalid=\"false\" value=\"\" type=\"text\" name=\"societe\" \/><\/span>\n<\/p>\n<p>Personne a contacter*\n<\/p>\n<p><span class=\"wpcf7-form-control-wrap\" data-name=\"contact\"><input size=\"40\" maxlength=\"400\" class=\"wpcf7-form-control wpcf7-text wpcf7-validates-as-required\" aria-required=\"true\" aria-invalid=\"false\" value=\"\" type=\"text\" name=\"contact\" \/><\/span>\n<\/p>\n<p>Adresse*\n<\/p>\n<p><span class=\"wpcf7-form-control-wrap\" data-name=\"adresse\"><input size=\"40\" maxlength=\"400\" class=\"wpcf7-form-control wpcf7-text wpcf7-validates-as-required\" aria-required=\"true\" aria-invalid=\"false\" value=\"\" type=\"text\" name=\"adresse\" \/><\/span>\n<\/p>\n<p>Code postal*\n<\/p>\n<p><span class=\"wpcf7-form-control-wrap\" data-name=\"code_postal\"><input size=\"40\" maxlength=\"400\" class=\"wpcf7-form-control wpcf7-text wpcf7-validates-as-required\" aria-required=\"true\" aria-invalid=\"false\" value=\"\" type=\"text\" name=\"code_postal\" \/><\/span>\n<\/p>\n<p>Ville*\n<\/p>\n<p><span class=\"wpcf7-form-control-wrap\" data-name=\"ville\"><input size=\"40\" maxlength=\"400\" class=\"wpcf7-form-control wpcf7-text wpcf7-validates-as-required\" aria-required=\"true\" aria-invalid=\"false\" value=\"\" type=\"text\" name=\"ville\" \/><\/span>\n<\/p>\n<p>Pays\n<\/p>\n<p><span class=\"wpcf7-form-control-wrap\" data-name=\"pays\"><input size=\"40\" maxlength=\"400\" class=\"wpcf7-form-control wpcf7-text\" aria-invalid=\"false\" value=\"\" type=\"text\" name=\"pays\" \/><\/span>\n<\/p>\n<p>T\u00e9l\u00e9phone*\n<\/p>\n<p><span class=\"wpcf7-form-control-wrap\" data-name=\"telephone\"><input size=\"40\" maxlength=\"400\" class=\"wpcf7-form-control wpcf7-tel wpcf7-validates-as-required wpcf7-text wpcf7-validates-as-tel\" aria-required=\"true\" aria-invalid=\"false\" value=\"\" type=\"tel\" name=\"telephone\" \/><\/span>\n<\/p>\n<p>Email\n<\/p>\n<p><span class=\"wpcf7-form-control-wrap\" data-name=\"email\"><input size=\"40\" maxlength=\"400\" class=\"wpcf7-form-control wpcf7-email wpcf7-validates-as-required wpcf7-text wpcf7-validates-as-email\" aria-required=\"true\" aria-invalid=\"false\" value=\"\" type=\"email\" name=\"email\" \/><\/span>\n<\/p>\n<p>Commentaire\n<\/p>\n<p><span class=\"wpcf7-form-control-wrap\" data-name=\"commentaire\"><textarea cols=\"40\" rows=\"10\" maxlength=\"2000\" class=\"wpcf7-form-control wpcf7-textarea\" aria-invalid=\"false\" name=\"commentaire\"><\/textarea><\/span>\n<\/p>\n<p><span class=\"wpcf7-form-control-wrap\" data-name=\"checkbox\"><span class=\"wpcf7-form-control wpcf7-checkbox\"><span class=\"wpcf7-list-item first last\"><input type=\"checkbox\" name=\"checkbox[]\" value=\"Je souhaite \u00eatre mis au courant des nouveaut\u00e9s\" \/><span class=\"wpcf7-list-item-label\">Je souhaite \u00eatre mis au courant des nouveaut\u00e9s<\/span><\/span><\/span><\/span>\n<\/p>\n<p>Les champs marqu\u00e9s d'un * sont obligatoires\n<\/p>\n<p><input class=\"wpcf7-form-control wpcf7-submit has-spinner\" type=\"submit\" value=\"Envoyer\" \/>\n<\/p><div class=\"fusion-alert alert custom alert-custom fusion-alert-center wpcf7-response-output fusion-alert-capitalize awb-alert-native-link-color alert-dismissable awb-alert-close-boxed\" style=\"--awb-border-size:1px;--awb-border-top-left-radius:0px;--awb-border-top-right-radius:0px;--awb-border-bottom-left-radius:0px;--awb-border-bottom-right-radius:0px;\" role=\"alert\"><div class=\"fusion-alert-content-wrapper\"><span class=\"fusion-alert-content\"><\/span><\/div><button type=\"button\" class=\"close toggle-alert\" data-dismiss=\"alert\" aria-label=\"Close\">&times;<\/button><\/div>\n<\/form>\n<\/div>\n<div class=\"fusion-clearfix\"><\/div><\/div><\/div><\/div><\/div>\n","protected":false},"excerpt":{"rendered":"","protected":false},"author":2,"featured_media":0,"parent":0,"menu_order":0,"comment_status":"closed","ping_status":"closed","template":"","meta":{"_acf_changed":false,"footnotes":""},"class_list":["post-36","page","type-page","status-publish","hentry"],"acf":[],"yoast_head":"<!-- This site is optimized with the Yoast SEO plugin v27.2 - https:\/\/yoast.com\/product\/yoast-seo-wordpress\/ -->\n<title>Pour contacter MGE Green Service \/ MG entreprise<\/title>\n<meta name=\"description\" content=\"Une qualit\u00e9 professionnelle reconnue internationalement. Le Parc de Belle \u00cele - 8, rue de Belle \u00cele72190 COULAINES (FRANCE) LE MANS METROPOLE\" \/>\n<meta name=\"robots\" content=\"index, follow, max-snippet:-1, max-image-preview:large, max-video-preview:-1\" \/>\n<link rel=\"canonical\" href=\"https:\/\/mge-greenservice.com\/w\/contact\/\" \/>\n<meta property=\"og:locale\" content=\"fr_FR\" \/>\n<meta property=\"og:type\" content=\"article\" \/>\n<meta property=\"og:title\" content=\"Pour contacter MGE Green Service \/ MG entreprise\" \/>\n<meta property=\"og:description\" content=\"Une qualit\u00e9 professionnelle reconnue internationalement. Le Parc de Belle \u00cele - 8, rue de Belle \u00cele72190 COULAINES (FRANCE) LE MANS METROPOLE\" \/>\n<meta property=\"og:url\" content=\"https:\/\/mge-greenservice.com\/w\/contact\" \/>\n<meta property=\"og:site_name\" content=\"MGE Green Service\" \/>\n<meta property=\"article:modified_time\" content=\"2020-07-07T13:28:39+00:00\" \/>\n<!-- \/ Yoast SEO plugin. -->","yoast_head_json":{"title":"Pour contacter MGE Green Service \/ MG entreprise","description":"Une qualit\u00e9 professionnelle reconnue internationalement. Le Parc de Belle \u00cele - 8, rue de Belle \u00cele72190 COULAINES (FRANCE) LE MANS METROPOLE","robots":{"index":"index","follow":"follow","max-snippet":"max-snippet:-1","max-image-preview":"max-image-preview:large","max-video-preview":"max-video-preview:-1"},"canonical":"https:\/\/mge-greenservice.com\/w\/contact\/","og_locale":"fr_FR","og_type":"article","og_title":"Pour contacter MGE Green Service \/ MG entreprise","og_description":"Une qualit\u00e9 professionnelle reconnue internationalement. Le Parc de Belle \u00cele - 8, rue de Belle \u00cele72190 COULAINES (FRANCE) LE MANS METROPOLE","og_url":"https:\/\/mge-greenservice.com\/w\/contact","og_site_name":"MGE Green Service","article_modified_time":"2020-07-07T13:28:39+00:00","schema":{"@context":"https:\/\/schema.org","@graph":[{"@type":"WebPage","@id":"https:\/\/mge-greenservice.com\/w\/contact\/","url":"https:\/\/mge-greenservice.com\/w\/contact","name":"Pour contacter MGE Green Service \/ MG entreprise","isPartOf":{"@id":"https:\/\/mge-greenservice.com\/w\/#website"},"datePublished":"2014-06-30T14:53:07+00:00","dateModified":"2020-07-07T13:28:39+00:00","description":"Une qualit\u00e9 professionnelle reconnue internationalement. Le Parc de Belle \u00cele - 8, rue de Belle \u00cele72190 COULAINES (FRANCE) LE MANS METROPOLE","breadcrumb":{"@id":"https:\/\/mge-greenservice.com\/w\/contact#breadcrumb"},"inLanguage":"fr-FR","potentialAction":[{"@type":"ReadAction","target":["https:\/\/mge-greenservice.com\/w\/contact"]}]},{"@type":"BreadcrumbList","@id":"https:\/\/mge-greenservice.com\/w\/contact#breadcrumb","itemListElement":[{"@type":"ListItem","position":1,"name":"Accueil","item":"https:\/\/mge-greenservice.com\/w\/"},{"@type":"ListItem","position":2,"name":"Contact"}]},{"@type":"WebSite","@id":"https:\/\/mge-greenservice.com\/w\/#website","url":"https:\/\/mge-greenservice.com\/w\/","name":"MGE Green Service","description":"L&#039;avenir s&#039;\u00e9crit en Vert","publisher":{"@id":"https:\/\/mge-greenservice.com\/w\/#organization"},"potentialAction":[{"@type":"SearchAction","target":{"@type":"EntryPoint","urlTemplate":"https:\/\/mge-greenservice.com\/w\/?s={search_term_string}"},"query-input":{"@type":"PropertyValueSpecification","valueRequired":true,"valueName":"search_term_string"}}],"inLanguage":"fr-FR"},{"@type":"Organization","@id":"https:\/\/mge-greenservice.com\/w\/#organization","name":"MGE Green Service","url":"https:\/\/mge-greenservice.com\/w\/","logo":{"@type":"ImageObject","inLanguage":"fr-FR","@id":"https:\/\/mge-greenservice.com\/w\/#\/schema\/logo\/image\/","url":"https:\/\/mge-greenservice.com\/w\/wp-content\/uploads\/2014\/06\/MGE-Green-service-logo-header.png","contentUrl":"https:\/\/mge-greenservice.com\/w\/wp-content\/uploads\/2014\/06\/MGE-Green-service-logo-header.png","width":295,"height":75,"caption":"MGE Green Service"},"image":{"@id":"https:\/\/mge-greenservice.com\/w\/#\/schema\/logo\/image\/"}}]}},"amp_enabled":true,"_links":{"self":[{"href":"https:\/\/mge-greenservice.com\/w\/wp-json\/wp\/v2\/pages\/36","targetHints":{"allow":["GET"]}}],"collection":[{"href":"https:\/\/mge-greenservice.com\/w\/wp-json\/wp\/v2\/pages"}],"about":[{"href":"https:\/\/mge-greenservice.com\/w\/wp-json\/wp\/v2\/types\/page"}],"author":[{"embeddable":true,"href":"https:\/\/mge-greenservice.com\/w\/wp-json\/wp\/v2\/users\/2"}],"replies":[{"embeddable":true,"href":"https:\/\/mge-greenservice.com\/w\/wp-json\/wp\/v2\/comments?post=36"}],"version-history":[{"count":4,"href":"https:\/\/mge-greenservice.com\/w\/wp-json\/wp\/v2\/pages\/36\/revisions"}],"predecessor-version":[{"id":5431,"href":"https:\/\/mge-greenservice.com\/w\/wp-json\/wp\/v2\/pages\/36\/revisions\/5431"}],"wp:attachment":[{"href":"https:\/\/mge-greenservice.com\/w\/wp-json\/wp\/v2\/media?parent=36"}],"curies":[{"name":"wp","href":"https:\/\/api.w.org\/{rel}","templated":true}]}}