{"id":38,"date":"2014-06-30T15:53:27","date_gmt":"2014-06-30T14:53:27","guid":{"rendered":"http:\/\/mge-greenservice.com\/w\/?page_id=38"},"modified":"2025-11-05T12:14:28","modified_gmt":"2025-11-05T11:14:28","slug":"trimax","status":"publish","type":"page","link":"https:\/\/mge-greenservice.com\/w\/trimax\/","title":{"rendered":"Trimax"},"content":{"rendered":"<div class=\"fusion-fullwidth fullwidth-box fusion-builder-row-1 fusion-flex-container nonhundred-percent-fullwidth non-hundred-percent-height-scrolling\" style=\"--awb-border-radius-top-left:0px;--awb-border-radius-top-right:0px;--awb-border-radius-bottom-right:0px;--awb-border-radius-bottom-left:0px;--awb-flex-wrap:wrap;\" ><div class=\"fusion-builder-row fusion-row fusion-flex-align-items-flex-start fusion-flex-content-wrap\" style=\"max-width:1144px;margin-left: calc(-4% \/ 2 );margin-right: calc(-4% \/ 2 );\"><div class=\"fusion-layout-column fusion_builder_column fusion-builder-column-0 fusion_builder_column_1_1 1_1 fusion-flex-column\" style=\"--awb-bg-size:cover;--awb-width-large:100%;--awb-margin-top-large:0px;--awb-spacing-right-large:1.92%;--awb-margin-bottom-large:0px;--awb-spacing-left-large:1.92%;--awb-width-medium:100%;--awb-spacing-right-medium:1.92%;--awb-spacing-left-medium:1.92%;--awb-width-small:100%;--awb-spacing-right-small:1.92%;--awb-spacing-left-small:1.92%;\"><div class=\"fusion-column-wrapper fusion-flex-justify-content-flex-start fusion-content-layout-column\"><div class=\"fusion-text fusion-text-1\"><h2><a href=\"https:\/\/mge-greenservice.com\/w\/wp-content\/uploads\/2023\/08\/Pegasus-S4-OCT2016.jpg\"><img decoding=\"async\" class=\"lazyload alignnone wp-image-17337 size-large\" src=\"https:\/\/mge-greenservice.com\/w\/wp-content\/uploads\/2023\/08\/Pegasus-S4-OCT2016-1024x683.jpg\" data-orig-src=\"https:\/\/mge-greenservice.com\/w\/wp-content\/uploads\/2023\/08\/Pegasus-S4-OCT2016-1024x683.jpg\" alt=\"\" width=\"1024\" height=\"683\" srcset=\"data:image\/svg+xml,%3Csvg%20xmlns%3D%27http%3A%2F%2Fwww.w3.org%2F2000%2Fsvg%27%20width%3D%271024%27%20height%3D%27683%27%20viewBox%3D%270%200%201024%20683%27%3E%3Crect%20width%3D%271024%27%20height%3D%27683%27%20fill-opacity%3D%220%22%2F%3E%3C%2Fsvg%3E\" data-srcset=\"https:\/\/mge-greenservice.com\/w\/wp-content\/uploads\/2023\/08\/Pegasus-S4-OCT2016-200x133.jpg 200w, https:\/\/mge-greenservice.com\/w\/wp-content\/uploads\/2023\/08\/Pegasus-S4-OCT2016-300x200.jpg 300w, https:\/\/mge-greenservice.com\/w\/wp-content\/uploads\/2023\/08\/Pegasus-S4-OCT2016-400x267.jpg 400w, https:\/\/mge-greenservice.com\/w\/wp-content\/uploads\/2023\/08\/Pegasus-S4-OCT2016-600x400.jpg 600w, https:\/\/mge-greenservice.com\/w\/wp-content\/uploads\/2023\/08\/Pegasus-S4-OCT2016-768x512.jpg 768w, https:\/\/mge-greenservice.com\/w\/wp-content\/uploads\/2023\/08\/Pegasus-S4-OCT2016-800x533.jpg 800w, https:\/\/mge-greenservice.com\/w\/wp-content\/uploads\/2023\/08\/Pegasus-S4-OCT2016-1024x683.jpg 1024w, https:\/\/mge-greenservice.com\/w\/wp-content\/uploads\/2023\/08\/Pegasus-S4-OCT2016-1200x800.jpg 1200w, https:\/\/mge-greenservice.com\/w\/wp-content\/uploads\/2023\/08\/Pegasus-S4-OCT2016-1536x1024.jpg 1536w\" data-sizes=\"auto\" data-orig-sizes=\"(max-width: 1024px) 100vw, 1024px\" \/><\/a><\/h2>\n<h2>Tondeuses haute performance de 1m36 \u00e0 7.22 de largeur<\/h2>\n<h3>TRIMAX\u00a0: UNE QUALITE DE TONTE ET UN RENDEMENT EXCEPTIONNEL AU MEILLEUR CO\u00dbT\u00a0!<\/h3>\n<p>La gamme de tondeuses\u00a0TRIMAX\u00a0est l&#8217;exemple m\u00eame de mat\u00e9riels professionnels de hautes performances.<\/p>\n<p>&nbsp;<\/p>\n<p>Capables de r\u00e9aliser des tontes \u00e0 grande vitesse (jusqu&#8217;\u00e0 20 km \/ heure\u00a0!), \u00e0 des hauteurs facilement r\u00e9glables entre 10 et 120 mm, les mod\u00e8les\u00a0PROCUT, STEALTH (frontale ou arri\u00e8re), PEGASUS CLASSIC\u00a0ou\u00a0ELITE, les tondeuses TRIMAX ne sont pas comme toutes les tondeuses rotatives du march\u00e9\u00a0: elles offrent une tonte de grande qualit\u00e9 \u00e0 toutes les hauteurs, avec une qualit\u00e9 \u00e0 la fois proche de l&#8217;h\u00e9lico\u00efdale et au plus faible co\u00fbt (aff\u00fbtage limit\u00e9 ou nul, r\u00e9glage ais\u00e9, co\u00fbt de maintenance r\u00e9duit), avec des vitesses de tonte in\u00e9gal\u00e9es sur le march\u00e9&#8230;<\/p>\n<p><img decoding=\"async\" class=\"lazyload aligncenter\" src=\"data:image\/svg+xml,%3Csvg%20xmlns%3D%27http%3A%2F%2Fwww.w3.org%2F2000%2Fsvg%27%20width%3D%27450%27%20height%3D%27338%27%20viewBox%3D%270%200%20450%20338%27%3E%3Crect%20width%3D%27450%27%20height%3D%27338%27%20fill-opacity%3D%220%22%2F%3E%3C%2Fsvg%3E\" data-orig-src=\"http:\/\/mge-greenservice.com\/w\/wp-content\/uploads\/2014\/06\/Trimax-image-3.jpg\" alt=\"Trimax image 3\" width=\"450\" height=\"338\" \/><\/p>\n<p>A cette gamme il convient \u00e9galement d&#8217;ajouter les tondeuses \u00e0 fl\u00e9aux\u00a0FLAILDEK\u00a0(3 largeurs disponibles) qui s&#8217;adaptent sur toutes les marques de tondeuses frontales du march\u00e9\u00a0: KUBOTA, JOHN DEERE, ISEKI, SHIBAURA,. NEW HOLLAND,.. La FLAILDEK c&#8217;est l&#8217;assurance de passer partout (herbes hautes et humides, broussailles s\u00e8ches,..).<\/p>\n<\/div><div style=\"text-align:center;\"><a class=\"fusion-button button-flat button-xlarge button-red fusion-button-red button-1 fusion-button-default-span \" style=\"--button_text_transform:none;--button_margin-top:30px;--button_margin-bottom:50px;\" target=\"_blank\" rel=\"noopener noreferrer\" href=\"https:\/\/mge-greenservice.com\/w\/wp-content\/uploads\/2025\/11\/CATALOGUE-TRIMAX-2025.pdf\"><i class=\"fa-file-pdf fas awb-button__icon awb-button__icon--default button-icon-left\" aria-hidden=\"true\"><\/i><span class=\"fusion-button-text awb-button__text awb-button__text--default\">Cliquez ici pour t\u00e9l\u00e9charger notre Catalogue Trimax<\/span><\/a><\/div><\/div><\/div><\/div><\/div>\n","protected":false},"excerpt":{"rendered":"","protected":false},"author":2,"featured_media":0,"parent":0,"menu_order":0,"comment_status":"closed","ping_status":"closed","template":"produits.php","meta":{"_acf_changed":false,"footnotes":""},"class_list":["post-38","page","type-page","status-publish","hentry"],"acf":[],"yoast_head":"<!-- This site is optimized with the Yoast SEO plugin v27.2 - https:\/\/yoast.com\/product\/yoast-seo-wordpress\/ -->\n<title>Trimax - Tondeuses haute performance - MGE Greenservice<\/title>\n<meta name=\"description\" content=\"Tondeuses haute performance de 1m36 \u00e0 6m10 de largeur. Trimax, une qualit\u00e9 de tonte et un rendement exceptionnel au meilleur co\u00fbt !\" \/>\n<meta name=\"robots\" content=\"index, follow, max-snippet:-1, max-image-preview:large, max-video-preview:-1\" \/>\n<link rel=\"canonical\" href=\"https:\/\/mge-greenservice.com\/w\/trimax%20%e2%80%8e\/\" \/>\n<meta property=\"og:locale\" content=\"fr_FR\" \/>\n<meta property=\"og:type\" content=\"article\" \/>\n<meta property=\"og:title\" content=\"Trimax - Tondeuses haute performance - MGE Greenservice\" \/>\n<meta property=\"og:description\" content=\"Tondeuses haute performance de 1m36 \u00e0 6m10 de largeur. Trimax, une qualit\u00e9 de tonte et un rendement exceptionnel au meilleur co\u00fbt !\" \/>\n<meta property=\"og:url\" content=\"https:\/\/mge-greenservice.com\/w\/trimax%20%e2%80%8e\" \/>\n<meta property=\"og:site_name\" content=\"MGE Green Service\" \/>\n<meta property=\"article:modified_time\" content=\"2025-11-05T11:14:28+00:00\" \/>\n<meta property=\"og:image\" content=\"https:\/\/mge-greenservice.com\/w\/wp-content\/uploads\/2023\/08\/Pegasus-S4-OCT2016-1024x683.jpg\" \/>\n\t<meta property=\"og:image:width\" content=\"1024\" \/>\n\t<meta property=\"og:image:height\" content=\"683\" \/>\n\t<meta property=\"og:image:type\" content=\"image\/jpeg\" \/>\n<meta name=\"twitter:label1\" content=\"Dur\u00e9e de lecture estim\u00e9e\" \/>\n\t<meta name=\"twitter:data1\" content=\"2 minutes\" \/>\n<!-- \/ Yoast SEO plugin. -->","yoast_head_json":{"title":"Trimax - Tondeuses haute performance - MGE Greenservice","description":"Tondeuses haute performance de 1m36 \u00e0 6m10 de largeur. Trimax, une qualit\u00e9 de tonte et un rendement exceptionnel au meilleur co\u00fbt !","robots":{"index":"index","follow":"follow","max-snippet":"max-snippet:-1","max-image-preview":"max-image-preview:large","max-video-preview":"max-video-preview:-1"},"canonical":"https:\/\/mge-greenservice.com\/w\/trimax%20%e2%80%8e\/","og_locale":"fr_FR","og_type":"article","og_title":"Trimax - Tondeuses haute performance - MGE Greenservice","og_description":"Tondeuses haute performance de 1m36 \u00e0 6m10 de largeur. Trimax, une qualit\u00e9 de tonte et un rendement exceptionnel au meilleur co\u00fbt !","og_url":"https:\/\/mge-greenservice.com\/w\/trimax%20%e2%80%8e","og_site_name":"MGE Green Service","article_modified_time":"2025-11-05T11:14:28+00:00","og_image":[{"width":1024,"height":683,"url":"https:\/\/mge-greenservice.com\/w\/wp-content\/uploads\/2023\/08\/Pegasus-S4-OCT2016-1024x683.jpg","type":"image\/jpeg"}],"twitter_misc":{"Dur\u00e9e de lecture estim\u00e9e":"2 minutes"},"schema":{"@context":"https:\/\/schema.org","@graph":[{"@type":"WebPage","@id":"https:\/\/mge-greenservice.com\/w\/trimax\/","url":"https:\/\/mge-greenservice.com\/w\/trimax%20%e2%80%8e","name":"Trimax - Tondeuses haute performance - MGE Greenservice","isPartOf":{"@id":"https:\/\/mge-greenservice.com\/w\/#website"},"primaryImageOfPage":{"@id":"https:\/\/mge-greenservice.com\/w\/trimax%20%e2%80%8e#primaryimage"},"image":{"@id":"https:\/\/mge-greenservice.com\/w\/trimax%20%e2%80%8e#primaryimage"},"thumbnailUrl":"https:\/\/mge-greenservice.com\/w\/wp-content\/uploads\/2023\/08\/Pegasus-S4-OCT2016-1024x683.jpg","datePublished":"2014-06-30T14:53:27+00:00","dateModified":"2025-11-05T11:14:28+00:00","description":"Tondeuses haute performance de 1m36 \u00e0 6m10 de largeur. Trimax, une qualit\u00e9 de tonte et un rendement exceptionnel au meilleur co\u00fbt !","breadcrumb":{"@id":"https:\/\/mge-greenservice.com\/w\/trimax%20%e2%80%8e#breadcrumb"},"inLanguage":"fr-FR","potentialAction":[{"@type":"ReadAction","target":["https:\/\/mge-greenservice.com\/w\/trimax%20%e2%80%8e"]}]},{"@type":"ImageObject","inLanguage":"fr-FR","@id":"https:\/\/mge-greenservice.com\/w\/trimax%20%e2%80%8e#primaryimage","url":"https:\/\/mge-greenservice.com\/w\/wp-content\/uploads\/2023\/08\/Pegasus-S4-OCT2016.jpg","contentUrl":"https:\/\/mge-greenservice.com\/w\/wp-content\/uploads\/2023\/08\/Pegasus-S4-OCT2016.jpg","width":2400,"height":1600},{"@type":"BreadcrumbList","@id":"https:\/\/mge-greenservice.com\/w\/trimax%20%e2%80%8e#breadcrumb","itemListElement":[{"@type":"ListItem","position":1,"name":"Accueil","item":"https:\/\/mge-greenservice.com\/w\/"},{"@type":"ListItem","position":2,"name":"Trimax"}]},{"@type":"WebSite","@id":"https:\/\/mge-greenservice.com\/w\/#website","url":"https:\/\/mge-greenservice.com\/w\/","name":"MGE Green Service","description":"L&#039;avenir s&#039;\u00e9crit en Vert","publisher":{"@id":"https:\/\/mge-greenservice.com\/w\/#organization"},"potentialAction":[{"@type":"SearchAction","target":{"@type":"EntryPoint","urlTemplate":"https:\/\/mge-greenservice.com\/w\/?s={search_term_string}"},"query-input":{"@type":"PropertyValueSpecification","valueRequired":true,"valueName":"search_term_string"}}],"inLanguage":"fr-FR"},{"@type":"Organization","@id":"https:\/\/mge-greenservice.com\/w\/#organization","name":"MGE Green Service","url":"https:\/\/mge-greenservice.com\/w\/","logo":{"@type":"ImageObject","inLanguage":"fr-FR","@id":"https:\/\/mge-greenservice.com\/w\/#\/schema\/logo\/image\/","url":"https:\/\/mge-greenservice.com\/w\/wp-content\/uploads\/2014\/06\/MGE-Green-service-logo-header.png","contentUrl":"https:\/\/mge-greenservice.com\/w\/wp-content\/uploads\/2014\/06\/MGE-Green-service-logo-header.png","width":295,"height":75,"caption":"MGE Green Service"},"image":{"@id":"https:\/\/mge-greenservice.com\/w\/#\/schema\/logo\/image\/"}}]}},"amp_enabled":false,"_links":{"self":[{"href":"https:\/\/mge-greenservice.com\/w\/wp-json\/wp\/v2\/pages\/38","targetHints":{"allow":["GET"]}}],"collection":[{"href":"https:\/\/mge-greenservice.com\/w\/wp-json\/wp\/v2\/pages"}],"about":[{"href":"https:\/\/mge-greenservice.com\/w\/wp-json\/wp\/v2\/types\/page"}],"author":[{"embeddable":true,"href":"https:\/\/mge-greenservice.com\/w\/wp-json\/wp\/v2\/users\/2"}],"replies":[{"embeddable":true,"href":"https:\/\/mge-greenservice.com\/w\/wp-json\/wp\/v2\/comments?post=38"}],"version-history":[{"count":23,"href":"https:\/\/mge-greenservice.com\/w\/wp-json\/wp\/v2\/pages\/38\/revisions"}],"predecessor-version":[{"id":51940,"href":"https:\/\/mge-greenservice.com\/w\/wp-json\/wp\/v2\/pages\/38\/revisions\/51940"}],"wp:attachment":[{"href":"https:\/\/mge-greenservice.com\/w\/wp-json\/wp\/v2\/media?parent=38"}],"curies":[{"name":"wp","href":"https:\/\/api.w.org\/{rel}","templated":true}]}}