{"id":406,"date":"2014-07-07T13:31:25","date_gmt":"2014-07-07T12:31:25","guid":{"rendered":"http:\/\/mge-greenservice.com\/w\/?page_id=406"},"modified":"2025-11-05T15:45:49","modified_gmt":"2025-11-05T14:45:49","slug":"tondeuses-radio-commandees-spider","status":"publish","type":"page","link":"https:\/\/mge-greenservice.com\/w\/spider\/tondeuses-radio-commandees-spider\/","title":{"rendered":"Tondeuses radiocommand\u00e9es professionnelle SPIDER"},"content":{"rendered":"<div class=\"fusion-fullwidth fullwidth-box fusion-builder-row-1 hundred-percent-fullwidth non-hundred-percent-height-scrolling\" style=\"--awb-border-radius-top-left:0px;--awb-border-radius-top-right:0px;--awb-border-radius-bottom-right:0px;--awb-border-radius-bottom-left:0px;--awb-overflow:visible;--awb-flex-wrap:wrap;\" ><div class=\"fusion-builder-row fusion-row\"><div class=\"fusion-layout-column fusion_builder_column fusion-builder-column-0 fusion_builder_column_1_1 1_1 fusion-one-full fusion-column-first fusion-column-last fusion-column-no-min-height\" style=\"--awb-bg-size:cover;--awb-margin-bottom:0px;\"><div class=\"fusion-column-wrapper fusion-flex-column-wrapper-legacy\"><div class=\"fusion-tabs fusion-tabs-1 classic nav-is-justified horizontal-tabs icon-position-left mobile-mode-accordion\" style=\"--awb-title-border-radius-top-left:0px;--awb-title-border-radius-top-right:0px;--awb-title-border-radius-bottom-right:0px;--awb-title-border-radius-bottom-left:0px;--awb-inactive-color:#ebeaea;--awb-background-color:#ffffff;--awb-border-color:#ebeaea;--awb-active-border-color:#009129;\"><div class=\"nav\"><ul class=\"nav-tabs nav-justified\" role=\"tablist\"><li class=\"active\" role=\"presentation\"><a class=\"tab-link\" data-toggle=\"tab\" role=\"tab\" aria-controls=\"tab-13489abe96546257a49\" aria-selected=\"true\" id=\"fusion-tab-pr\u00e9sentation\" href=\"#tab-13489abe96546257a49\"><h4 class=\"fusion-tab-heading\">Pr\u00e9sentation<\/h4><\/a><\/li><li role=\"presentation\"><a class=\"tab-link\" data-toggle=\"tab\" role=\"tab\" aria-controls=\"tab-534c5dacfc07d9b3a7b\" aria-selected=\"false\" tabindex=\"-1\" id=\"fusion-tab-vid\u00e9os\" href=\"#tab-534c5dacfc07d9b3a7b\"><h4 class=\"fusion-tab-heading\">Vid\u00e9os<\/h4><\/a><\/li><\/ul><\/div><div class=\"tab-content\"><div class=\"nav fusion-mobile-tab-nav\"><ul class=\"nav-tabs nav-justified\" role=\"tablist\"><li class=\"active\" role=\"presentation\"><a class=\"tab-link\" data-toggle=\"tab\" role=\"tab\" aria-controls=\"tab-13489abe96546257a49\" aria-selected=\"true\" id=\"mobile-fusion-tab-pr\u00e9sentation\" href=\"#tab-13489abe96546257a49\"><h4 class=\"fusion-tab-heading\">Pr\u00e9sentation<\/h4><\/a><\/li><\/ul><\/div><div class=\"tab-pane fade fusion-clearfix in active\" role=\"tabpanel\" tabindex=\"0\" aria-labelledby=\"fusion-tab-pr\u00e9sentation\" id=\"tab-13489abe96546257a49\">\n<h2><a href=\"https:\/\/mge-greenservice.com\/w\/wp-content\/uploads\/2023\/08\/IMG_5308-1-scaled.jpg\"><img decoding=\"async\" class=\"lazyload alignnone wp-image-17314 size-large\" src=\"https:\/\/mge-greenservice.com\/w\/wp-content\/uploads\/2023\/08\/IMG_5308-1-1024x683.jpg\" data-orig-src=\"https:\/\/mge-greenservice.com\/w\/wp-content\/uploads\/2023\/08\/IMG_5308-1-1024x683.jpg\" alt=\"\" width=\"1024\" height=\"683\" srcset=\"data:image\/svg+xml,%3Csvg%20xmlns%3D%27http%3A%2F%2Fwww.w3.org%2F2000%2Fsvg%27%20width%3D%271024%27%20height%3D%27683%27%20viewBox%3D%270%200%201024%20683%27%3E%3Crect%20width%3D%271024%27%20height%3D%27683%27%20fill-opacity%3D%220%22%2F%3E%3C%2Fsvg%3E\" data-srcset=\"https:\/\/mge-greenservice.com\/w\/wp-content\/uploads\/2023\/08\/IMG_5308-1-200x133.jpg 200w, https:\/\/mge-greenservice.com\/w\/wp-content\/uploads\/2023\/08\/IMG_5308-1-300x200.jpg 300w, https:\/\/mge-greenservice.com\/w\/wp-content\/uploads\/2023\/08\/IMG_5308-1-400x267.jpg 400w, https:\/\/mge-greenservice.com\/w\/wp-content\/uploads\/2023\/08\/IMG_5308-1-600x400.jpg 600w, https:\/\/mge-greenservice.com\/w\/wp-content\/uploads\/2023\/08\/IMG_5308-1-768x512.jpg 768w, https:\/\/mge-greenservice.com\/w\/wp-content\/uploads\/2023\/08\/IMG_5308-1-800x533.jpg 800w, https:\/\/mge-greenservice.com\/w\/wp-content\/uploads\/2023\/08\/IMG_5308-1-1024x683.jpg 1024w, https:\/\/mge-greenservice.com\/w\/wp-content\/uploads\/2023\/08\/IMG_5308-1-1200x800.jpg 1200w, https:\/\/mge-greenservice.com\/w\/wp-content\/uploads\/2023\/08\/IMG_5308-1-1536x1024.jpg 1536w\" data-sizes=\"auto\" data-orig-sizes=\"(max-width: 1024px) 100vw, 1024px\" \/><\/a><\/h2>\n<h2>\u00a0<\/h2>\n<h2>Extr\u00eamement agiles, les tondeuses radiocommand\u00e9es SPIDER op\u00e8rent sur terrains plats, vallonn\u00e9s ou pentus.<\/h2>\n<ul>\n<li>Pour les travaux dans les pentes jusqu\u2019\u00e0 55\u00b0\u00a0<\/li>\n<li>Pour les tontes aux conditions particuli\u00e8res (parcs avec des arbres aux branches tr\u00e8s basses),<\/li>\n<li>Pour diminuer la fatigue des op\u00e9rateurs (ceux qui marchent des kilom\u00e8tres en poussant leurs tondeuse)\u00a0<\/li>\n<li>Pour leur \u00e9viter des tas de complications (proximit\u00e9 au bruit, aux vibrations, aux \u00e9missions de gaz, risque d\u2019accident du travail en glissant dans les pentes, TMS),<\/li>\n<\/ul>\n<p>la solution c\u2019est <strong>SPIDER<\/strong>.<\/p>\n<p>Extr\u00eamement pr\u00e9cise dans ces d\u00e9placements gr\u00e2ce au syst\u00e8me \u2018dance step\u2019 et ses 4 roues infiniment directrices, la SPIDER se r\u00e8gle \u00e0 distance (hauteur de coupe, r\u00e9gime moteur, d\u00e9placement). Equip\u00e9e d\u2019un treuil d\u2019assistance et de s\u00e9curit\u00e9, outre sa grande qualit\u00e9 de coupe, la tondeuse radiocommand\u00e9e SPIDER dispose d\u2019un atout unique sur le march\u00e9 : la totale s\u00e9curit\u00e9 pour l\u2019op\u00e9rateur et le public environnant.<\/p>\n<p>Elles passent sous ou entre les obstacles (arbres, portiques) et font le tour des arbres avec un minimum de man\u0153uvres. Des gazons les plus fins aux herbes hautes jusqu&#8217;aux broussailles, tout est possible avec SPIDER ! \u00a0Les tondeuses radiocommand\u00e9es SPIDER sont extr\u00eamement agiles et id\u00e9ales pour les travaux d&#8217;entretien dans les pentes les plus extr\u00eames (jusqu&#8217;\u00e0 55\u00b0). \u00a0SPIDER c&#8217;est la certitude d&#8217;un travail sans risques pour l&#8217;op\u00e9rateur et le public (bruit, projections, distance de s\u00e9curit\u00e9) ni dommages pour le terrain entretenu (rapport poids puissance exceptionnel, pas d&#8217;arrachage ni d&#8217;\u00e9rosion du sol) gr\u00e2ce au grip basse pression et aux 4 roues motrices \u00e9galement directrices. La technologie unique SPIDER (brevets mondiaux, world patent pending) a \u00e9t\u00e9 prim\u00e9e dans de nombreux pays.<\/p>\n<\/div><div class=\"nav fusion-mobile-tab-nav\"><ul class=\"nav-tabs nav-justified\" role=\"tablist\"><li role=\"presentation\"><a class=\"tab-link\" data-toggle=\"tab\" role=\"tab\" aria-controls=\"tab-534c5dacfc07d9b3a7b\" aria-selected=\"false\" tabindex=\"-1\" id=\"mobile-fusion-tab-vid\u00e9os\" href=\"#tab-534c5dacfc07d9b3a7b\"><h4 class=\"fusion-tab-heading\">Vid\u00e9os<\/h4><\/a><\/li><\/ul><\/div><div class=\"tab-pane fade fusion-clearfix\" role=\"tabpanel\" tabindex=\"0\" aria-labelledby=\"fusion-tab-vid\u00e9os\" id=\"tab-534c5dacfc07d9b3a7b\">\n<p><iframe src=\"https:\/\/www.youtube-nocookie.com\/embed\/_Z9RmTR_P3Y?rel=0\" width=\"560\" height=\"315\" frameborder=\"0\" allowfullscreen=\"allowfullscreen\" data-mce-fragment=\"1\"><\/iframe><\/p>\n<p><iframe src=\"https:\/\/www.youtube-nocookie.com\/embed\/aoHChQ9wFzU?rel=0\" width=\"560\" height=\"315\" frameborder=\"0\" allowfullscreen=\"allowfullscreen\"><\/iframe><\/p>\n<div class=\"fusion-text fusion-text-1\"><p>&nbsp;<\/p>\n<\/div> <\/div><\/div><\/div><div class=\"fusion-aligncenter\"><a class=\"fusion-button button-flat button-xlarge button-custom fusion-button-default button-1 fusion-button-default-span fusion-has-button-gradient\" style=\"--button_accent_color:#bcb600;--button_accent_hover_color:#ffffff;--button_border_hover_color:#ffffff;--button-border-radius-top-left:15px;--button-border-radius-top-right:15px;--button-border-radius-bottom-right:15px;--button-border-radius-bottom-left:15px;--button_gradient_top_color:#ffeb9e;--button_gradient_bottom_color:#efdd64;--button_gradient_top_color_hover:#d65a5a;--button_gradient_bottom_color_hover:#e89090;--button_text_transform:none;--button_margin-top:30px;--button_margin-bottom:50px;\" target=\"_blank\" rel=\"noopener noreferrer\" href=\"https:\/\/mge-greenservice.com\/w\/wp-content\/uploads\/2025\/11\/FLYER-A4-Spider-2024.pdf\"><i class=\"fa-file-pdf fas awb-button__icon awb-button__icon--default button-icon-left\" aria-hidden=\"true\"><\/i><span class=\"fusion-button-text awb-button__text awb-button__text--default\">Cliquez ici pour t\u00e9l\u00e9charger notre Catalogue Spider<\/span><\/a><\/div><div class=\"fusion-clearfix\"><\/div><\/div><\/div><\/div><\/div>\n","protected":false},"excerpt":{"rendered":"","protected":false},"author":2,"featured_media":0,"parent":42,"menu_order":0,"comment_status":"closed","ping_status":"closed","template":"produits.php","meta":{"_acf_changed":false,"footnotes":""},"class_list":["post-406","page","type-page","status-publish","hentry"],"acf":[],"yoast_head":"<!-- This site is optimized with the Yoast SEO plugin v27.2 - https:\/\/yoast.com\/product\/yoast-seo-wordpress\/ -->\n<title>Tondeuses radiocommand\u00e9es pro pour tout les terrains<\/title>\n<meta name=\"description\" content=\"Les tondeuses radiocommand\u00e9es professionnelle SPIDER sont la certitude d&#039;un travail sans risque pour l&#039;op\u00e9rateur et sans dommages\" \/>\n<meta name=\"robots\" content=\"index, follow, max-snippet:-1, max-image-preview:large, max-video-preview:-1\" \/>\n<link rel=\"canonical\" href=\"https:\/\/mge-greenservice.com\/w\/spider\/tondeuses-radio-commandees-spider%e2%80%8e\/\" \/>\n<meta property=\"og:locale\" content=\"fr_FR\" \/>\n<meta property=\"og:type\" content=\"article\" \/>\n<meta property=\"og:title\" content=\"Tondeuses radiocommand\u00e9es pro pour tout les terrains\" \/>\n<meta property=\"og:description\" content=\"Les tondeuses radiocommand\u00e9es professionnelle SPIDER sont la certitude d&#039;un travail sans risque pour l&#039;op\u00e9rateur et sans dommages\" \/>\n<meta property=\"og:url\" content=\"https:\/\/mge-greenservice.com\/w\/spider\/tondeuses-radio-commandees-spider%e2%80%8e\" \/>\n<meta property=\"og:site_name\" content=\"MGE Green Service\" \/>\n<meta property=\"article:modified_time\" content=\"2025-11-05T14:45:49+00:00\" \/>\n<meta property=\"og:image\" content=\"https:\/\/mge-greenservice.com\/w\/wp-content\/uploads\/2023\/08\/IMG_5308-1-scaled.jpg\" \/>\n\t<meta property=\"og:image:width\" content=\"2560\" \/>\n\t<meta property=\"og:image:height\" content=\"1707\" \/>\n\t<meta property=\"og:image:type\" content=\"image\/jpeg\" \/>\n<meta name=\"twitter:label1\" content=\"Dur\u00e9e de lecture estim\u00e9e\" \/>\n\t<meta name=\"twitter:data1\" content=\"2 minutes\" \/>\n<!-- \/ Yoast SEO plugin. -->","yoast_head_json":{"title":"Tondeuses radiocommand\u00e9es pro pour tout les terrains","description":"Les tondeuses radiocommand\u00e9es professionnelle SPIDER sont la certitude d'un travail sans risque pour l'op\u00e9rateur et sans dommages","robots":{"index":"index","follow":"follow","max-snippet":"max-snippet:-1","max-image-preview":"max-image-preview:large","max-video-preview":"max-video-preview:-1"},"canonical":"https:\/\/mge-greenservice.com\/w\/spider\/tondeuses-radio-commandees-spider%e2%80%8e\/","og_locale":"fr_FR","og_type":"article","og_title":"Tondeuses radiocommand\u00e9es pro pour tout les terrains","og_description":"Les tondeuses radiocommand\u00e9es professionnelle SPIDER sont la certitude d'un travail sans risque pour l'op\u00e9rateur et sans dommages","og_url":"https:\/\/mge-greenservice.com\/w\/spider\/tondeuses-radio-commandees-spider%e2%80%8e","og_site_name":"MGE Green Service","article_modified_time":"2025-11-05T14:45:49+00:00","og_image":[{"width":2560,"height":1707,"url":"https:\/\/mge-greenservice.com\/w\/wp-content\/uploads\/2023\/08\/IMG_5308-1-scaled.jpg","type":"image\/jpeg"}],"twitter_misc":{"Dur\u00e9e de lecture estim\u00e9e":"2 minutes"},"schema":{"@context":"https:\/\/schema.org","@graph":[{"@type":"WebPage","@id":"https:\/\/mge-greenservice.com\/w\/spider\/tondeuses-radio-commandees-spider\/","url":"https:\/\/mge-greenservice.com\/w\/spider\/tondeuses-radio-commandees-spider%e2%80%8e","name":"Tondeuses radiocommand\u00e9es pro pour tout les terrains","isPartOf":{"@id":"https:\/\/mge-greenservice.com\/w\/#website"},"primaryImageOfPage":{"@id":"https:\/\/mge-greenservice.com\/w\/spider\/tondeuses-radio-commandees-spider%e2%80%8e#primaryimage"},"image":{"@id":"https:\/\/mge-greenservice.com\/w\/spider\/tondeuses-radio-commandees-spider%e2%80%8e#primaryimage"},"thumbnailUrl":"https:\/\/mge-greenservice.com\/w\/wp-content\/uploads\/2023\/08\/IMG_5308-1-1024x683.jpg","datePublished":"2014-07-07T12:31:25+00:00","dateModified":"2025-11-05T14:45:49+00:00","description":"Les tondeuses radiocommand\u00e9es professionnelle SPIDER sont la certitude d'un travail sans risque pour l'op\u00e9rateur et sans dommages","breadcrumb":{"@id":"https:\/\/mge-greenservice.com\/w\/spider\/tondeuses-radio-commandees-spider%e2%80%8e#breadcrumb"},"inLanguage":"fr-FR","potentialAction":[{"@type":"ReadAction","target":["https:\/\/mge-greenservice.com\/w\/spider\/tondeuses-radio-commandees-spider%e2%80%8e"]}]},{"@type":"ImageObject","inLanguage":"fr-FR","@id":"https:\/\/mge-greenservice.com\/w\/spider\/tondeuses-radio-commandees-spider%e2%80%8e#primaryimage","url":"https:\/\/mge-greenservice.com\/w\/wp-content\/uploads\/2023\/08\/IMG_5308-1-scaled.jpg","contentUrl":"https:\/\/mge-greenservice.com\/w\/wp-content\/uploads\/2023\/08\/IMG_5308-1-scaled.jpg","width":2560,"height":1707},{"@type":"BreadcrumbList","@id":"https:\/\/mge-greenservice.com\/w\/spider\/tondeuses-radio-commandees-spider%e2%80%8e#breadcrumb","itemListElement":[{"@type":"ListItem","position":1,"name":"Accueil","item":"https:\/\/mge-greenservice.com\/w\/"},{"@type":"ListItem","position":2,"name":"Tondeuses radiocommand\u00e9es Spider","item":"https:\/\/mge-greenservice.com\/w\/spider\/"},{"@type":"ListItem","position":3,"name":"Tondeuses radiocommand\u00e9es professionnelle SPIDER"}]},{"@type":"WebSite","@id":"https:\/\/mge-greenservice.com\/w\/#website","url":"https:\/\/mge-greenservice.com\/w\/","name":"MGE Green Service","description":"L&#039;avenir s&#039;\u00e9crit en Vert","publisher":{"@id":"https:\/\/mge-greenservice.com\/w\/#organization"},"potentialAction":[{"@type":"SearchAction","target":{"@type":"EntryPoint","urlTemplate":"https:\/\/mge-greenservice.com\/w\/?s={search_term_string}"},"query-input":{"@type":"PropertyValueSpecification","valueRequired":true,"valueName":"search_term_string"}}],"inLanguage":"fr-FR"},{"@type":"Organization","@id":"https:\/\/mge-greenservice.com\/w\/#organization","name":"MGE Green Service","url":"https:\/\/mge-greenservice.com\/w\/","logo":{"@type":"ImageObject","inLanguage":"fr-FR","@id":"https:\/\/mge-greenservice.com\/w\/#\/schema\/logo\/image\/","url":"https:\/\/mge-greenservice.com\/w\/wp-content\/uploads\/2014\/06\/MGE-Green-service-logo-header.png","contentUrl":"https:\/\/mge-greenservice.com\/w\/wp-content\/uploads\/2014\/06\/MGE-Green-service-logo-header.png","width":295,"height":75,"caption":"MGE Green Service"},"image":{"@id":"https:\/\/mge-greenservice.com\/w\/#\/schema\/logo\/image\/"}}]}},"amp_enabled":false,"_links":{"self":[{"href":"https:\/\/mge-greenservice.com\/w\/wp-json\/wp\/v2\/pages\/406","targetHints":{"allow":["GET"]}}],"collection":[{"href":"https:\/\/mge-greenservice.com\/w\/wp-json\/wp\/v2\/pages"}],"about":[{"href":"https:\/\/mge-greenservice.com\/w\/wp-json\/wp\/v2\/types\/page"}],"author":[{"embeddable":true,"href":"https:\/\/mge-greenservice.com\/w\/wp-json\/wp\/v2\/users\/2"}],"replies":[{"embeddable":true,"href":"https:\/\/mge-greenservice.com\/w\/wp-json\/wp\/v2\/comments?post=406"}],"version-history":[{"count":16,"href":"https:\/\/mge-greenservice.com\/w\/wp-json\/wp\/v2\/pages\/406\/revisions"}],"predecessor-version":[{"id":52052,"href":"https:\/\/mge-greenservice.com\/w\/wp-json\/wp\/v2\/pages\/406\/revisions\/52052"}],"up":[{"embeddable":true,"href":"https:\/\/mge-greenservice.com\/w\/wp-json\/wp\/v2\/pages\/42"}],"wp:attachment":[{"href":"https:\/\/mge-greenservice.com\/w\/wp-json\/wp\/v2\/media?parent=406"}],"curies":[{"name":"wp","href":"https:\/\/api.w.org\/{rel}","templated":true}]}}