{"id":486,"date":"2014-07-07T14:38:35","date_gmt":"2014-07-07T13:38:35","guid":{"rendered":"http:\/\/mge-greenservice.com\/w\/?page_id=486"},"modified":"2025-11-05T15:54:17","modified_gmt":"2025-11-05T14:54:17","slug":"rayco","status":"publish","type":"page","link":"https:\/\/mge-greenservice.com\/w\/rayco\/","title":{"rendered":"ROGNEUSES DE SOUCHES RAYCO RIEN NE LEUR R\u00c9SISTE !"},"content":{"rendered":"<div class=\"fusion-fullwidth fullwidth-box fusion-builder-row-1 fusion-flex-container nonhundred-percent-fullwidth non-hundred-percent-height-scrolling\" style=\"--awb-border-radius-top-left:0px;--awb-border-radius-top-right:0px;--awb-border-radius-bottom-right:0px;--awb-border-radius-bottom-left:0px;--awb-flex-wrap:wrap;\" ><div class=\"fusion-builder-row fusion-row fusion-flex-align-items-flex-start fusion-flex-content-wrap\" style=\"max-width:1144px;margin-left: calc(-4% \/ 2 );margin-right: calc(-4% \/ 2 );\"><div class=\"fusion-layout-column fusion_builder_column fusion-builder-column-0 fusion_builder_column_1_1 1_1 fusion-flex-column\" style=\"--awb-bg-size:cover;--awb-width-large:100%;--awb-margin-top-large:0px;--awb-spacing-right-large:1.92%;--awb-margin-bottom-large:0px;--awb-spacing-left-large:1.92%;--awb-width-medium:100%;--awb-spacing-right-medium:1.92%;--awb-spacing-left-medium:1.92%;--awb-width-small:100%;--awb-spacing-right-small:1.92%;--awb-spacing-left-small:1.92%;\"><div class=\"fusion-column-wrapper fusion-flex-justify-content-flex-start fusion-content-layout-column\"><div class=\"fusion-text fusion-text-1\"><h2>ROGNEUSE DE SOUCHE <span style=\"color: #ff6600;\">PAR RAYCO<\/span><\/h2>\n<p><span data-contrast=\"auto\">Acquise par Morbark LLC en novembre 2017, Rayco a \u00e9t\u00e9 fond\u00e9e en 1978 \u00e0 Wooster, dans l'Ohio, par John M. Bowling, qui a compris les besoins sp\u00e9cifiques de l'industrie de l'arboriculture et du paysagisme et a commenc\u00e9 \u00e0 fabriquer des \u00e9quipements pour y r\u00e9pondre et m\u00eame les surpasser.<\/span><span data-ccp-props=\"\">\u00a0<\/span><\/p>\n<p><span data-contrast=\"auto\">En commen\u00e7ant par la rogneuse de souches RG 145, Rayco est devenue l'une des marques les plus reconnues du secteur. Sa gamme comprend des rogneuses de souches autotract\u00e9es ou tractables, ainsi que des mod\u00e8les t\u00e9l\u00e9command\u00e9s ou compacts, offrant une polyvalence capable de r\u00e9pondre \u00e0 tous les travaux de rognage.<\/span><span data-ccp-props=\"\">\u00a0<\/span><\/p>\n<p><span data-contrast=\"auto\">L'introduction des rogneuses de souches Rayco marque la premi\u00e8re \u00e9tape du partenariat de Timberwolf avec la gamme de marques Morbark, et repr\u00e9sente une \u00e9tape tr\u00e8s prometteuse pour le secteur europ\u00e9en de l'arboriculture.<\/span><span data-ccp-props=\"\">\u00a0<\/span><\/p>\n<p><iframe src=\"\/\/www.youtube.com\/embed\/--uJVUMHk1w\" width=\"560\" height=\"314\" allowfullscreen=\"allowfullscreen\"><\/iframe><\/p>\n<h2><span style=\"color: #ff6600;\">ROGNEUSES\u00a0DE SOUCHES \u00c0 CONDUCTEUR MARCHANT<\/span><\/h2>\n<p><a href=\"https:\/\/mge-greenservice.com\/w\/wp-content\/uploads\/2024\/05\/RG13-II.jpg\"><img decoding=\"async\" class=\"lazyload alignnone size-medium wp-image-22903\" src=\"https:\/\/mge-greenservice.com\/w\/wp-content\/uploads\/2024\/05\/RG13-II-300x199.jpg\" data-orig-src=\"https:\/\/mge-greenservice.com\/w\/wp-content\/uploads\/2024\/05\/RG13-II-300x199.jpg\" alt=\"\" width=\"300\" height=\"199\" srcset=\"data:image\/svg+xml,%3Csvg%20xmlns%3D%27http%3A%2F%2Fwww.w3.org%2F2000%2Fsvg%27%20width%3D%27300%27%20height%3D%27199%27%20viewBox%3D%270%200%20300%20199%27%3E%3Crect%20width%3D%27300%27%20height%3D%27199%27%20fill-opacity%3D%220%22%2F%3E%3C%2Fsvg%3E\" data-srcset=\"https:\/\/mge-greenservice.com\/w\/wp-content\/uploads\/2024\/05\/RG13-II-200x133.jpg 200w, https:\/\/mge-greenservice.com\/w\/wp-content\/uploads\/2024\/05\/RG13-II-300x199.jpg 300w, https:\/\/mge-greenservice.com\/w\/wp-content\/uploads\/2024\/05\/RG13-II-400x266.jpg 400w, https:\/\/mge-greenservice.com\/w\/wp-content\/uploads\/2024\/05\/RG13-II-600x398.jpg 600w, https:\/\/mge-greenservice.com\/w\/wp-content\/uploads\/2024\/05\/RG13-II-768x510.jpg 768w, https:\/\/mge-greenservice.com\/w\/wp-content\/uploads\/2024\/05\/RG13-II-800x531.jpg 800w, https:\/\/mge-greenservice.com\/w\/wp-content\/uploads\/2024\/05\/RG13-II.jpg 1024w\" data-sizes=\"auto\" data-orig-sizes=\"(max-width: 300px) 100vw, 300px\" \/><\/a><\/p>\n<p>\nCompactes et \u00e9conomiques, nos rogneuses de souches \u00e0 conducteur marchant sont id\u00e9ales pour les paysagistes, les grands jardins priv\u00e9s ou les propri\u00e9t\u00e9s, les loueurs et ceux qui d\u00e9butent dans le domaine de la coupe d'arbres. Simples, efficaces et \u00e9prouv\u00e9es, elles constituent un atout pr\u00e9cieux pour votre entreprise.<\/p>\n<p>\u00a0<\/p>\n<h2><span style=\"color: #ff6600;\">ROGNEUSES <span class=\"TextRun SCXW31362151 BCX0\" lang=\"FR-FR\" xml:lang=\"FR-FR\" data-contrast=\"auto\"><span class=\"NormalTextRun SCXW31362151 BCX0\">AUTOTRACT\u00c9ES <\/span><\/span>SUR ROUES<\/span><\/h2>\n<h2><span style=\"color: #ff6600;\"><a href=\"https:\/\/mge-greenservice.com\/w\/wp-content\/uploads\/2024\/05\/RG37.jpg\"><img decoding=\"async\" class=\"lazyload alignnone size-medium wp-image-22910\" src=\"https:\/\/mge-greenservice.com\/w\/wp-content\/uploads\/2024\/05\/RG37-300x199.jpg\" data-orig-src=\"https:\/\/mge-greenservice.com\/w\/wp-content\/uploads\/2024\/05\/RG37-300x199.jpg\" alt=\"\" width=\"300\" height=\"199\" srcset=\"data:image\/svg+xml,%3Csvg%20xmlns%3D%27http%3A%2F%2Fwww.w3.org%2F2000%2Fsvg%27%20width%3D%27300%27%20height%3D%27199%27%20viewBox%3D%270%200%20300%20199%27%3E%3Crect%20width%3D%27300%27%20height%3D%27199%27%20fill-opacity%3D%220%22%2F%3E%3C%2Fsvg%3E\" data-srcset=\"https:\/\/mge-greenservice.com\/w\/wp-content\/uploads\/2024\/05\/RG37-200x133.jpg 200w, https:\/\/mge-greenservice.com\/w\/wp-content\/uploads\/2024\/05\/RG37-300x199.jpg 300w, https:\/\/mge-greenservice.com\/w\/wp-content\/uploads\/2024\/05\/RG37-400x266.jpg 400w, https:\/\/mge-greenservice.com\/w\/wp-content\/uploads\/2024\/05\/RG37-600x398.jpg 600w, https:\/\/mge-greenservice.com\/w\/wp-content\/uploads\/2024\/05\/RG37-768x510.jpg 768w, https:\/\/mge-greenservice.com\/w\/wp-content\/uploads\/2024\/05\/RG37-800x531.jpg 800w, https:\/\/mge-greenservice.com\/w\/wp-content\/uploads\/2024\/05\/RG37.jpg 1024w\" data-sizes=\"auto\" data-orig-sizes=\"(max-width: 300px) 100vw, 300px\" \/><\/a><\/span><\/h2>\n<p>D\u00e9couvrez notre large gamme de rogneuses de souches sur roues Rayco. Les 4 roues motrices permettent de maintenir la traction dans des conditions difficiles, ce qui signifie que vous pouvez vous occuper de n'importe quelle souche sans probl\u00e8me.<\/p>\n<p>\u00a0<\/p>\n<h2><span style=\"color: #ff6600;\">ROGNEUSES <\/span><span style=\"color: #ff6600;\"><span class=\"TextRun SCXW31362151 BCX0\" lang=\"FR-FR\" xml:lang=\"FR-FR\" data-contrast=\"auto\"><span class=\"NormalTextRun SCXW31362151 BCX0\">AUTOTRACT\u00c9ES <\/span><\/span><\/span><span style=\"color: #ff6600;\"><span data-ccp-props=\"\">SUR CHENILLES<\/span><\/span><\/h2>\n<p><a href=\"https:\/\/mge-greenservice.com\/w\/wp-content\/uploads\/2024\/05\/RG37-TRACK.jpg\"><img decoding=\"async\" class=\"lazyload alignnone size-medium wp-image-22917\" src=\"https:\/\/mge-greenservice.com\/w\/wp-content\/uploads\/2024\/05\/RG37-TRACK-300x199.jpg\" data-orig-src=\"https:\/\/mge-greenservice.com\/w\/wp-content\/uploads\/2024\/05\/RG37-TRACK-300x199.jpg\" alt=\"\" width=\"300\" height=\"199\" srcset=\"data:image\/svg+xml,%3Csvg%20xmlns%3D%27http%3A%2F%2Fwww.w3.org%2F2000%2Fsvg%27%20width%3D%27300%27%20height%3D%27199%27%20viewBox%3D%270%200%20300%20199%27%3E%3Crect%20width%3D%27300%27%20height%3D%27199%27%20fill-opacity%3D%220%22%2F%3E%3C%2Fsvg%3E\" data-srcset=\"https:\/\/mge-greenservice.com\/w\/wp-content\/uploads\/2024\/05\/RG37-TRACK-200x133.jpg 200w, https:\/\/mge-greenservice.com\/w\/wp-content\/uploads\/2024\/05\/RG37-TRACK-300x199.jpg 300w, https:\/\/mge-greenservice.com\/w\/wp-content\/uploads\/2024\/05\/RG37-TRACK-400x266.jpg 400w, https:\/\/mge-greenservice.com\/w\/wp-content\/uploads\/2024\/05\/RG37-TRACK-600x398.jpg 600w, https:\/\/mge-greenservice.com\/w\/wp-content\/uploads\/2024\/05\/RG37-TRACK-768x510.jpg 768w, https:\/\/mge-greenservice.com\/w\/wp-content\/uploads\/2024\/05\/RG37-TRACK-800x531.jpg 800w, https:\/\/mge-greenservice.com\/w\/wp-content\/uploads\/2024\/05\/RG37-TRACK.jpg 1024w\" data-sizes=\"auto\" data-orig-sizes=\"(max-width: 300px) 100vw, 300px\" \/><\/a><\/p>\n<p><span data-ccp-props=\"\"><br \/>\nD\u00e9couvrez notre gamme de rogneuses de souches sur chenilles Rayco, con\u00e7ues pour vous permettre de vous occuper des souches les plus coriaces dans des endroits difficiles d'acc\u00e8s. Les chenilles en caoutchouc permettent de naviguer sur les terrains accident\u00e9s avec une adh\u00e9rence suppl\u00e9mentaire pour effectuer un travail efficace et rapide.<\/span><\/p>\n<\/div><div style=\"text-align:center;\"><a class=\"fusion-button button-flat button-xlarge button-custom fusion-button-default button-1 fusion-button-default-span fusion-has-button-gradient\" style=\"--button_accent_color:#ffffff;--button_accent_hover_color:#ffffff;--button_border_hover_color:#ffffff;--button-border-radius-top-left:15px;--button-border-radius-top-right:15px;--button-border-radius-bottom-right:15px;--button-border-radius-bottom-left:15px;--button_gradient_top_color:#f6ff00;--button_gradient_bottom_color:#ddb800;--button_gradient_top_color_hover:#d65a5a;--button_gradient_bottom_color_hover:#e89090;--button_text_transform:none;--button_margin-top:30px;--button_margin-bottom:50px;\" target=\"_blank\" rel=\"noopener noreferrer\" href=\"https:\/\/mge-greenservice.com\/w\/wp-content\/uploads\/2025\/11\/DOC-RAYCO-1-PAGE-Recto-verso-avec-marges-2025.pdf\"><i class=\"fa-file-pdf fas awb-button__icon awb-button__icon--default button-icon-left\" aria-hidden=\"true\"><\/i><span class=\"fusion-button-text awb-button__text awb-button__text--default\">Cliquez ici pour t\u00e9l\u00e9charger notre Catalogue Rayco<\/span><\/a><\/div><\/div><\/div><\/div><\/div>\n","protected":false},"excerpt":{"rendered":"","protected":false},"author":2,"featured_media":0,"parent":0,"menu_order":0,"comment_status":"closed","ping_status":"closed","template":"produits.php","meta":{"_acf_changed":false,"footnotes":""},"class_list":["post-486","page","type-page","status-publish","hentry"],"acf":[],"yoast_head":"<!-- This site is optimized with the Yoast SEO plugin v27.2 - https:\/\/yoast.com\/product\/yoast-seo-wordpress\/ -->\n<title>Rogneuses de souches pour les professionnels du paysage<\/title>\n<meta name=\"description\" content=\"D\u00e9couvrez la gamme compl\u00e8te de produits RAYCO maintenant et trouvez la rogneuse de souches id\u00e9ale pour rejoindre votre \u00e9quipe !\" \/>\n<meta name=\"robots\" content=\"index, follow, max-snippet:-1, max-image-preview:large, max-video-preview:-1\" \/>\n<link rel=\"canonical\" href=\"https:\/\/mge-greenservice.com\/w\/hydro-prat-2\/\" \/>\n<meta property=\"og:locale\" content=\"fr_FR\" \/>\n<meta property=\"og:type\" content=\"article\" \/>\n<meta property=\"og:title\" content=\"Rogneuses de souches pour les professionnels du paysage\" \/>\n<meta property=\"og:description\" content=\"D\u00e9couvrez la gamme compl\u00e8te de produits RAYCO maintenant et trouvez la rogneuse de souches id\u00e9ale pour rejoindre votre \u00e9quipe !\" \/>\n<meta property=\"og:url\" content=\"https:\/\/mge-greenservice.com\/w\/hydro-prat-2\" \/>\n<meta property=\"og:site_name\" content=\"MGE Green Service\" \/>\n<meta property=\"article:modified_time\" content=\"2025-11-05T14:54:17+00:00\" \/>\n<meta property=\"og:image\" content=\"https:\/\/mge-greenservice.com\/w\/wp-content\/uploads\/2024\/05\/RG13-II.jpg\" \/>\n\t<meta property=\"og:image:width\" content=\"1024\" \/>\n\t<meta property=\"og:image:height\" content=\"680\" \/>\n\t<meta property=\"og:image:type\" content=\"image\/jpeg\" \/>\n<!-- \/ Yoast SEO plugin. -->","yoast_head_json":{"title":"Rogneuses de souches pour les professionnels du paysage","description":"D\u00e9couvrez la gamme compl\u00e8te de produits RAYCO maintenant et trouvez la rogneuse de souches id\u00e9ale pour rejoindre votre \u00e9quipe !","robots":{"index":"index","follow":"follow","max-snippet":"max-snippet:-1","max-image-preview":"max-image-preview:large","max-video-preview":"max-video-preview:-1"},"canonical":"https:\/\/mge-greenservice.com\/w\/hydro-prat-2\/","og_locale":"fr_FR","og_type":"article","og_title":"Rogneuses de souches pour les professionnels du paysage","og_description":"D\u00e9couvrez la gamme compl\u00e8te de produits RAYCO maintenant et trouvez la rogneuse de souches id\u00e9ale pour rejoindre votre \u00e9quipe !","og_url":"https:\/\/mge-greenservice.com\/w\/hydro-prat-2","og_site_name":"MGE Green Service","article_modified_time":"2025-11-05T14:54:17+00:00","og_image":[{"width":1024,"height":680,"url":"https:\/\/mge-greenservice.com\/w\/wp-content\/uploads\/2024\/05\/RG13-II.jpg","type":"image\/jpeg"}],"schema":{"@context":"https:\/\/schema.org","@graph":[{"@type":"WebPage","@id":"https:\/\/mge-greenservice.com\/w\/rayco\/","url":"https:\/\/mge-greenservice.com\/w\/hydro-prat-2","name":"Rogneuses de souches pour les professionnels du paysage","isPartOf":{"@id":"https:\/\/mge-greenservice.com\/w\/#website"},"primaryImageOfPage":{"@id":"https:\/\/mge-greenservice.com\/w\/hydro-prat-2#primaryimage"},"image":{"@id":"https:\/\/mge-greenservice.com\/w\/hydro-prat-2#primaryimage"},"thumbnailUrl":"https:\/\/mge-greenservice.com\/w\/wp-content\/uploads\/2024\/05\/RG13-II-300x199.jpg","datePublished":"2014-07-07T13:38:35+00:00","dateModified":"2025-11-05T14:54:17+00:00","description":"D\u00e9couvrez la gamme compl\u00e8te de produits RAYCO maintenant et trouvez la rogneuse de souches id\u00e9ale pour rejoindre votre \u00e9quipe !","breadcrumb":{"@id":"https:\/\/mge-greenservice.com\/w\/hydro-prat-2#breadcrumb"},"inLanguage":"fr-FR","potentialAction":[{"@type":"ReadAction","target":["https:\/\/mge-greenservice.com\/w\/hydro-prat-2"]}]},{"@type":"ImageObject","inLanguage":"fr-FR","@id":"https:\/\/mge-greenservice.com\/w\/hydro-prat-2#primaryimage","url":"https:\/\/mge-greenservice.com\/w\/wp-content\/uploads\/2024\/05\/RG13-II.jpg","contentUrl":"https:\/\/mge-greenservice.com\/w\/wp-content\/uploads\/2024\/05\/RG13-II.jpg","width":1024,"height":680},{"@type":"BreadcrumbList","@id":"https:\/\/mge-greenservice.com\/w\/hydro-prat-2#breadcrumb","itemListElement":[{"@type":"ListItem","position":1,"name":"Accueil","item":"https:\/\/mge-greenservice.com\/w\/"},{"@type":"ListItem","position":2,"name":"ROGNEUSES DE SOUCHES RAYCO RIEN NE LEUR R\u00c9SISTE !"}]},{"@type":"WebSite","@id":"https:\/\/mge-greenservice.com\/w\/#website","url":"https:\/\/mge-greenservice.com\/w\/","name":"MGE Green Service","description":"L&#039;avenir s&#039;\u00e9crit en Vert","publisher":{"@id":"https:\/\/mge-greenservice.com\/w\/#organization"},"potentialAction":[{"@type":"SearchAction","target":{"@type":"EntryPoint","urlTemplate":"https:\/\/mge-greenservice.com\/w\/?s={search_term_string}"},"query-input":{"@type":"PropertyValueSpecification","valueRequired":true,"valueName":"search_term_string"}}],"inLanguage":"fr-FR"},{"@type":"Organization","@id":"https:\/\/mge-greenservice.com\/w\/#organization","name":"MGE Green Service","url":"https:\/\/mge-greenservice.com\/w\/","logo":{"@type":"ImageObject","inLanguage":"fr-FR","@id":"https:\/\/mge-greenservice.com\/w\/#\/schema\/logo\/image\/","url":"https:\/\/mge-greenservice.com\/w\/wp-content\/uploads\/2014\/06\/MGE-Green-service-logo-header.png","contentUrl":"https:\/\/mge-greenservice.com\/w\/wp-content\/uploads\/2014\/06\/MGE-Green-service-logo-header.png","width":295,"height":75,"caption":"MGE Green Service"},"image":{"@id":"https:\/\/mge-greenservice.com\/w\/#\/schema\/logo\/image\/"}}]}},"amp_enabled":false,"_links":{"self":[{"href":"https:\/\/mge-greenservice.com\/w\/wp-json\/wp\/v2\/pages\/486","targetHints":{"allow":["GET"]}}],"collection":[{"href":"https:\/\/mge-greenservice.com\/w\/wp-json\/wp\/v2\/pages"}],"about":[{"href":"https:\/\/mge-greenservice.com\/w\/wp-json\/wp\/v2\/types\/page"}],"author":[{"embeddable":true,"href":"https:\/\/mge-greenservice.com\/w\/wp-json\/wp\/v2\/users\/2"}],"replies":[{"embeddable":true,"href":"https:\/\/mge-greenservice.com\/w\/wp-json\/wp\/v2\/comments?post=486"}],"version-history":[{"count":24,"href":"https:\/\/mge-greenservice.com\/w\/wp-json\/wp\/v2\/pages\/486\/revisions"}],"predecessor-version":[{"id":52061,"href":"https:\/\/mge-greenservice.com\/w\/wp-json\/wp\/v2\/pages\/486\/revisions\/52061"}],"wp:attachment":[{"href":"https:\/\/mge-greenservice.com\/w\/wp-json\/wp\/v2\/media?parent=486"}],"curies":[{"name":"wp","href":"https:\/\/api.w.org\/{rel}","templated":true}]}}